{"id":9387,"date":"2026-01-29T14:57:54","date_gmt":"2026-01-29T13:57:54","guid":{"rendered":"https:\/\/www.vicuscaprarius.com\/?page_id=9387"},"modified":"2026-01-29T14:57:55","modified_gmt":"2026-01-29T13:57:55","slug":"oppettider","status":"publish","type":"page","link":"https:\/\/www.vicuscaprarius.com\/sv\/oppettider\/","title":{"rendered":"\u00d6PPETTIDER"},"content":{"rendered":"\n<p>Det arkeologiska omr\u00e5det \u00e4r \u00f6ppet <strong>tisdag till s\u00f6ndag, 11:00\u201317:00<\/strong> (sista intr\u00e4de 16:30). <strong>St\u00e4ngt m\u00e5ndag.<\/strong><\/p>\n\n\n\n<p>Intr\u00e4den var 30:e minut.<\/p>\n\n\n\n<p>Omr\u00e5det \u00e4r <strong>underjordiskt och har begr\u00e4nsad kapacitet<\/strong>. <strong>Bokning obligatorisk p\u00e5 helger och helgdagar<\/strong>, starkt rekommenderad p\u00e5 vardagar.<\/p>\n\n\n\n<p>Bokning via <strong>telefon eller WhatsApp<\/strong>: <strong>+39 339 7786192<\/strong>.<br><em>(Telefonlinje tis\u2013s\u00f6n, 10:00\u201316:00)<\/em><\/p>\n","protected":false},"excerpt":{"rendered":"<p>Det arkeologiska omr\u00e5det \u00e4r \u00f6ppet tisdag till s\u00f6ndag, 11:00\u201317:00 (sista intr\u00e4de 16:30). St\u00e4ngt m\u00e5ndag. Intr\u00e4den var 30:e minut. Omr\u00e5det \u00e4r underjordiskt och har begr\u00e4nsad kapacitet. Bokning obligatorisk p\u00e5 helger och helgdagar, starkt rekommenderad p\u00e5 vardagar. Bokning via telefon eller WhatsApp: +39 339 7786192.(Telefonlinje tis\u2013s\u00f6n, 10:00\u201316:00)<\/p>\n","protected":false},"author":2,"featured_media":0,"parent":0,"menu_order":0,"comment_status":"closed","ping_status":"closed","template":"","meta":{"footnotes":""},"class_list":["post-9387","page","type-page","status-publish","hentry"],"_links":{"self":[{"href":"https:\/\/www.vicuscaprarius.com\/sv\/wp-json\/wp\/v2\/pages\/9387","targetHints":{"allow":["GET"]}}],"collection":[{"href":"https:\/\/www.vicuscaprarius.com\/sv\/wp-json\/wp\/v2\/pages"}],"about":[{"href":"https:\/\/www.vicuscaprarius.com\/sv\/wp-json\/wp\/v2\/types\/page"}],"author":[{"embeddable":true,"href":"https:\/\/www.vicuscaprarius.com\/sv\/wp-json\/wp\/v2\/users\/2"}],"replies":[{"embeddable":true,"href":"https:\/\/www.vicuscaprarius.com\/sv\/wp-json\/wp\/v2\/comments?post=9387"}],"version-history":[{"count":1,"href":"https:\/\/www.vicuscaprarius.com\/sv\/wp-json\/wp\/v2\/pages\/9387\/revisions"}],"predecessor-version":[{"id":9388,"href":"https:\/\/www.vicuscaprarius.com\/sv\/wp-json\/wp\/v2\/pages\/9387\/revisions\/9388"}],"wp:attachment":[{"href":"https:\/\/www.vicuscaprarius.com\/sv\/wp-json\/wp\/v2\/media?parent=9387"}],"curies":[{"name":"wp","href":"https:\/\/api.w.org\/{rel}","templated":true}]}}