{"id":1240,"date":"2018-02-15T18:01:25","date_gmt":"2018-02-15T17:01:25","guid":{"rendered":"https:\/\/www.vicuscaprarius.com\/?page_id=1240"},"modified":"2018-02-15T18:01:25","modified_gmt":"2018-02-15T17:01:25","slug":"enskilda","status":"publish","type":"page","link":"https:\/\/www.vicuscaprarius.com\/sv\/besok\/enskilda\/","title":{"rendered":"ENSKILDA"},"content":{"rendered":"<div class=\"wpb-content-wrapper\"><p>[vc_row][vc_column][vc_column_text]<\/p>\n<div>F\u00f6r organiserade grupper <span class=\" h-lparen\">(<\/span>f\u00f6reningar, arbetarorganisationer, researrang\u00f6rer, f\u00f6rsamlingar, etc.) kan vi ordna <b>speciella \u00f6ppningar med guidade bes\u00f6k som leds av v\u00e5ra arkeologer, \u00e4ven p\u00e5 dagar och tider d\u00e5 tj\u00e4nsterna normalt inte erbjuds<\/b>.<\/div>\n<div><\/div>\n<div>Enligt bes\u00f6karnas intressen och behov, erbjuder vi tre olika typer av bes\u00f6k och f\u00f6rdjupningar som erbjuds av v\u00e5ra arkeologer, historiker och guider.<\/div>\n<p>[\/vc_column_text][\/vc_column][\/vc_row][vc_row equal_height=&#8221;yes&#8221;][vc_column width=&#8221;1\/2&#8243;]\t\t\t\r\n\t\t<!-- Call To Action -->\r\n\t\t<div class=\"container-fluid cta-section\">\r\n\t\t\t<!-- Container -->\r\n\t\t\t<div class=\"container\">\r\n\t\t\t\t<h3><img loading=\"lazy\" decoding=\"async\" width=\"1000\" height=\"563\" src=\"https:\/\/www.vicuscaprarius.com\/wp-content\/uploads\/2017\/04\/img_5058.jpeg\" class=\"attachment-full size-full\" alt=\"\" srcset=\"https:\/\/www.vicuscaprarius.com\/wp-content\/uploads\/2017\/04\/img_5058.jpeg 1000w, https:\/\/www.vicuscaprarius.com\/wp-content\/uploads\/2017\/04\/img_5058-300x169.jpeg 300w, https:\/\/www.vicuscaprarius.com\/wp-content\/uploads\/2017\/04\/img_5058-768x432.jpeg 768w\" sizes=\"auto, (max-width: 1000px) 100vw, 1000px\" \/><span>GUIDAT BEVS\u00d6K TILL DET EXKLUSIVA ARKEOLOGISKA OMR\u00c5DET<\/span><\/h3>\r\n\t\t\t\t\t\t\t<\/div>\r\n\t\t\t<!-- Container \/- -->\r\n\t\t<\/div><!-- Call To Action \/- -->\r\n\t\t[vc_empty_space][vc_column_text]Genom denna exklusiva upplevelse kommer du att kunna beundra de underjordiska utgr\u00e4vningarna med ett bes\u00f6k bara f\u00f6r din grupp.<\/p>\n<p><strong>Pris<\/strong> 6,00 \u20ac per person <span class=\" h-lparen\">(<\/span>inklusive entr\u00e9biljett).[\/vc_column_text][\/vc_column][vc_column width=&#8221;1\/2&#8243;]\t\t\t\r\n\t\t<!-- Call To Action -->\r\n\t\t<div class=\"container-fluid cta-section\">\r\n\t\t\t<!-- Container -->\r\n\t\t\t<div class=\"container\">\r\n\t\t\t\t<h3><img loading=\"lazy\" decoding=\"async\" width=\"1000\" height=\"563\" src=\"https:\/\/www.vicuscaprarius.com\/wp-content\/uploads\/2017\/04\/img_5058.jpeg\" class=\"attachment-full size-full\" alt=\"\" srcset=\"https:\/\/www.vicuscaprarius.com\/wp-content\/uploads\/2017\/04\/img_5058.jpeg 1000w, https:\/\/www.vicuscaprarius.com\/wp-content\/uploads\/2017\/04\/img_5058-300x169.jpeg 300w, https:\/\/www.vicuscaprarius.com\/wp-content\/uploads\/2017\/04\/img_5058-768x432.jpeg 768w\" sizes=\"auto, (max-width: 1000px) 100vw, 1000px\" \/><span>AQUA VIRGO, FR\u00c5N FONTANA DI TREVI TILL\u2026CINECITTA\u2019 <\/span><\/h3>\r\n\t\t\t\t\t\t\t<\/div>\r\n\t\t\t<!-- Container \/- -->\r\n\t\t<\/div><!-- Call To Action \/- -->\r\n\t\t[vc_empty_space][vc_column_text]Bes\u00f6ket till det arkeologiska omr\u00e5det och Fontana di Trevi avslutas med en sp\u00e4nnande och fascinerande historisk-cinematografisk f\u00f6rdjpning d\u00e4r vi f\u00e5r se (i eleganta Sala Trevi, som v\u00e4tter ut mot utgr\u00e4vningarna) en visning av de mest ber\u00f6mda scenerna ur de italienska filmm\u00e4sterskapen (Det ljuva livet, En prinsessa p\u00e5 vikt, Tot\u00f2truffa \u00b462, Vi som \u00e4lskade varann s\u00e5 mycket osv.) som spelats in precis framf\u00f6r den majest\u00e4tiska Fontana di Trevi.<\/p>\n<p><strong>Kostnad<\/strong>: 8,00 \u20ac per person (inklusive entr\u00e9biljett).[\/vc_column_text][\/vc_column][\/vc_row][vc_row full_width=&#8221;stretch_row&#8221; css=&#8221;.vc_custom_1491475666161{margin-top: 0px !important;padding-top: 0px !important;background-image: url(https:\/\/www.vicuscaprarius.com\/wp-content\/uploads\/2017\/03\/cta_bg.png?id=373) !important;background-position: center !important;background-repeat: no-repeat !important;background-size: cover !important;}&#8221;][vc_column width=&#8221;1\/6&#8243;][\/vc_column][vc_column width=&#8221;2\/3&#8243;][vc_empty_space][vc_custom_heading text=&#8221;Familjer, skolor, grupper eller enskilda bes\u00f6kare: varje bes\u00f6kare f\u00e5r sin egen v\u00e4g f\u00f6r att uppt\u00e4cka de dolda skatterna i vattenstaden, den underjordiska arkeologiska platsen vid Fontana di Trevi.&#8221; font_container=&#8221;tag:p|font_size:18|text_align:center|color:%23ffffff&#8221; use_theme_fonts=&#8221;yes&#8221;][vc_empty_space height=&#8221;18px&#8221;][vc_row_inner][vc_column_inner width=&#8221;1\/2&#8243;][vc_btn title=&#8221;Ring numret +39 339 7786192&#8243; style=&#8221;flat&#8221; shape=&#8221;square&#8221; color=&#8221;white&#8221; align=&#8221;center&#8221; i_icon_fontawesome=&#8221;fa fa-phone&#8221; button_block=&#8221;true&#8221; add_icon=&#8221;true&#8221; link=&#8221;url:tel%3A%2B393397786192|||&#8221;][\/vc_column_inner][vc_column_inner width=&#8221;1\/2&#8243;][vc_btn title=&#8221;Skriv till info@vicuscaprarius.com&#8221; style=&#8221;outline&#8221; shape=&#8221;square&#8221; color=&#8221;white&#8221; align=&#8221;center&#8221; i_icon_fontawesome=&#8221;fa fa-envelope&#8221; button_block=&#8221;true&#8221; add_icon=&#8221;true&#8221; link=&#8221;url:mailto%3Ainfo%40vicuscaprarius.com|||&#8221;][\/vc_column_inner][\/vc_row_inner][vc_empty_space height=&#8221;18px&#8221;][\/vc_column][vc_column width=&#8221;1\/6&#8243;][\/vc_column][\/vc_row]<\/p>\n<\/div>","protected":false},"excerpt":{"rendered":"<p>[vc_row][vc_column][vc_column_text] F\u00f6r organiserade grupper (f\u00f6reningar, arbetarorganisationer, researrang\u00f6rer, f\u00f6rsamlingar, etc.) kan vi ordna speciella \u00f6ppningar med guidade bes\u00f6k som leds av v\u00e5ra arkeologer, \u00e4ven p\u00e5 dagar och tider d\u00e5 tj\u00e4nsterna normalt inte erbjuds. Enligt bes\u00f6karnas intressen och behov, erbjuder vi tre olika typer av bes\u00f6k och f\u00f6rdjupningar som erbjuds av v\u00e5ra arkeologer, historiker och guider. [\/vc_column_text][\/vc_column][\/vc_row][vc_row [&hellip;]<\/p>\n","protected":false},"author":1,"featured_media":0,"parent":1221,"menu_order":0,"comment_status":"closed","ping_status":"closed","template":"","meta":{"footnotes":""},"class_list":["post-1240","page","type-page","status-publish","hentry"],"_links":{"self":[{"href":"https:\/\/www.vicuscaprarius.com\/sv\/wp-json\/wp\/v2\/pages\/1240","targetHints":{"allow":["GET"]}}],"collection":[{"href":"https:\/\/www.vicuscaprarius.com\/sv\/wp-json\/wp\/v2\/pages"}],"about":[{"href":"https:\/\/www.vicuscaprarius.com\/sv\/wp-json\/wp\/v2\/types\/page"}],"author":[{"embeddable":true,"href":"https:\/\/www.vicuscaprarius.com\/sv\/wp-json\/wp\/v2\/users\/1"}],"replies":[{"embeddable":true,"href":"https:\/\/www.vicuscaprarius.com\/sv\/wp-json\/wp\/v2\/comments?post=1240"}],"version-history":[{"count":1,"href":"https:\/\/www.vicuscaprarius.com\/sv\/wp-json\/wp\/v2\/pages\/1240\/revisions"}],"predecessor-version":[{"id":1241,"href":"https:\/\/www.vicuscaprarius.com\/sv\/wp-json\/wp\/v2\/pages\/1240\/revisions\/1241"}],"up":[{"embeddable":true,"href":"https:\/\/www.vicuscaprarius.com\/sv\/wp-json\/wp\/v2\/pages\/1221"}],"wp:attachment":[{"href":"https:\/\/www.vicuscaprarius.com\/sv\/wp-json\/wp\/v2\/media?parent=1240"}],"curies":[{"name":"wp","href":"https:\/\/api.w.org\/{rel}","templated":true}]}}