{"id":1232,"date":"2018-02-15T17:57:04","date_gmt":"2018-02-15T16:57:04","guid":{"rendered":"https:\/\/www.vicuscaprarius.com\/?page_id=1232"},"modified":"2026-01-29T14:32:04","modified_gmt":"2026-01-29T13:32:04","slug":"skolor","status":"publish","type":"page","link":"https:\/\/www.vicuscaprarius.com\/sv\/besok\/skolor\/","title":{"rendered":"GUIDEADE BES\u00d6K"},"content":{"rendered":"<div class=\"wpb-content-wrapper\"><p>[vc_row][vc_column][vc_column_text css=&#8221;&#8221;]Tillg\u00e4ngliga p\u00e5 <b>italienska, engelska och spanska<\/b>, ca 40 minuter.<\/p>\n<p><strong>Biljetter<\/strong>:<\/p>\n<ul>\n<li>Vuxna: 8,00 \u20ac<\/li>\n<li>Reducerat: 6,50 \u20ac<\/li>\n<li>14\u201317 \u00e5r: 5,00 \u20ac<\/li>\n<li>Under 14: 4,00 \u20ac<\/li>\n<\/ul>\n<p><b>Bokning alltid obligatorisk<\/b>.<\/p>\n<p>Bokning: <b>telefon eller WhatsApp +39 339 7786192<\/b>[\/vc_column_text][\/vc_column][\/vc_row][vc_row full_width=&#8221;stretch_row&#8221; css=&#8221;.vc_custom_1491475666161{margin-top: 0px !important;padding-top: 0px !important;background-image: url(https:\/\/www.vicuscaprarius.com\/wp-content\/uploads\/2017\/03\/cta_bg.png?id=373) !important;background-position: center !important;background-repeat: no-repeat !important;background-size: cover !important;}&#8221;][vc_column width=&#8221;1\/6&#8243;][\/vc_column][vc_column width=&#8221;2\/3&#8243;][vc_empty_space][vc_custom_heading text=&#8221;Familjer, skolor, grupper eller enskilda bes\u00f6kare: varje bes\u00f6kare f\u00e5r sin egen v\u00e4g f\u00f6r att uppt\u00e4cka de dolda skatterna i vattenstaden, den underjordiska arkeologiska platsen vid Fontana di Trevi.&#8221; font_container=&#8221;tag:p|font_size:18|text_align:center|color:%23ffffff&#8221; use_theme_fonts=&#8221;yes&#8221;][vc_empty_space height=&#8221;18px&#8221;][vc_row_inner][vc_column_inner width=&#8221;1\/2&#8243;][vc_btn title=&#8221;Ring numret +39 339 7786192&#8243; style=&#8221;flat&#8221; shape=&#8221;square&#8221; color=&#8221;white&#8221; align=&#8221;center&#8221; i_icon_fontawesome=&#8221;fa fa-phone&#8221; button_block=&#8221;true&#8221; add_icon=&#8221;true&#8221; link=&#8221;url:tel%3A%2B393397786192|||&#8221;][\/vc_column_inner][vc_column_inner width=&#8221;1\/2&#8243;][vc_btn title=&#8221;Kontakta oss f\u00f6r att f\u00e5 mer information&#8221; style=&#8221;outline&#8221; shape=&#8221;square&#8221; color=&#8221;white&#8221; align=&#8221;center&#8221; i_icon_fontawesome=&#8221;fa fa-envelope&#8221; button_block=&#8221;true&#8221; add_icon=&#8221;true&#8221; link=&#8221;url:https%3A%2F%2Fwww.vicuscaprarius.com%2Fsv%2Fkontakter%2F|||&#8221;][\/vc_column_inner][\/vc_row_inner][vc_empty_space height=&#8221;18px&#8221;][\/vc_column][vc_column width=&#8221;1\/6&#8243;][\/vc_column][\/vc_row]<\/p>\n<\/div>","protected":false},"excerpt":{"rendered":"<p>[vc_row][vc_column][vc_column_text css=&#8221;&#8221;]Tillg\u00e4ngliga p\u00e5 italienska, engelska och spanska, ca 40 minuter. Biljetter: Vuxna: 8,00 \u20ac Reducerat: 6,50 \u20ac 14\u201317 \u00e5r: 5,00 \u20ac Under 14: 4,00 \u20ac Bokning alltid obligatorisk. Bokning: telefon eller WhatsApp +39 339 7786192[\/vc_column_text][\/vc_column][\/vc_row][vc_row full_width=&#8221;stretch_row&#8221; css=&#8221;.vc_custom_1491475666161{margin-top: 0px !important;padding-top: 0px !important;background-image: url(https:\/\/www.vicuscaprarius.com\/wp-content\/uploads\/2017\/03\/cta_bg.png?id=373) !important;background-position: center !important;background-repeat: no-repeat !important;background-size: cover !important;}&#8221;][vc_column width=&#8221;1\/6&#8243;][\/vc_column][vc_column width=&#8221;2\/3&#8243;][vc_empty_space][vc_custom_heading text=&#8221;Familjer, skolor, grupper eller [&hellip;]<\/p>\n","protected":false},"author":1,"featured_media":0,"parent":1221,"menu_order":0,"comment_status":"closed","ping_status":"closed","template":"","meta":{"footnotes":""},"class_list":["post-1232","page","type-page","status-publish","hentry"],"_links":{"self":[{"href":"https:\/\/www.vicuscaprarius.com\/sv\/wp-json\/wp\/v2\/pages\/1232","targetHints":{"allow":["GET"]}}],"collection":[{"href":"https:\/\/www.vicuscaprarius.com\/sv\/wp-json\/wp\/v2\/pages"}],"about":[{"href":"https:\/\/www.vicuscaprarius.com\/sv\/wp-json\/wp\/v2\/types\/page"}],"author":[{"embeddable":true,"href":"https:\/\/www.vicuscaprarius.com\/sv\/wp-json\/wp\/v2\/users\/1"}],"replies":[{"embeddable":true,"href":"https:\/\/www.vicuscaprarius.com\/sv\/wp-json\/wp\/v2\/comments?post=1232"}],"version-history":[{"count":8,"href":"https:\/\/www.vicuscaprarius.com\/sv\/wp-json\/wp\/v2\/pages\/1232\/revisions"}],"predecessor-version":[{"id":9375,"href":"https:\/\/www.vicuscaprarius.com\/sv\/wp-json\/wp\/v2\/pages\/1232\/revisions\/9375"}],"up":[{"embeddable":true,"href":"https:\/\/www.vicuscaprarius.com\/sv\/wp-json\/wp\/v2\/pages\/1221"}],"wp:attachment":[{"href":"https:\/\/www.vicuscaprarius.com\/sv\/wp-json\/wp\/v2\/media?parent=1232"}],"curies":[{"name":"wp","href":"https:\/\/api.w.org\/{rel}","templated":true}]}}