{"id":1227,"date":"2018-02-15T17:47:07","date_gmt":"2018-02-15T16:47:07","guid":{"rendered":"https:\/\/www.vicuscaprarius.com\/?page_id=1227"},"modified":"2026-01-29T14:09:41","modified_gmt":"2026-01-29T13:09:41","slug":"grupper","status":"publish","type":"page","link":"https:\/\/www.vicuscaprarius.com\/sv\/besok\/grupper\/","title":{"rendered":"GRUPPER"},"content":{"rendered":"<div class=\"wpb-content-wrapper\"><p>[vc_row][vc_column][vc_column_text css=&#8221;&#8221;]F\u00f6r organiserade grupper med extern guide, <b>bokning obligatorisk<\/b>, ingen extra kostnad.<br \/>\nEmail: <b>vicus.prenotazioni@gmail.com<\/b> (datum, tid och antal deltagare).<\/p>\n<p><strong>Biljetter<\/strong>:<\/p>\n<ul>\n<li>Fullpris: 4,00 \u20ac<\/li>\n<li>Reducerat: 2,50 \u20ac<\/li>\n<li>Reducerat: 1,00 \u20ac (14-17 \u00e5r gamla)<\/li>\n<li>Gratis: under 14, arkeologistudenter UE, Rome City Pass<\/li>\n<\/ul>\n<p><b>Viktiga uppgifter:<\/b><\/p>\n<ul>\n<li><b>Radio-whisper utrustning obligatorisk<\/b>, kan hyras vid behov (\u20ac1,50 per person).<\/li>\n<li>Fast rundtur; max 40 min.<\/li>\n<li>Barn m\u00e5ste f\u00f6lja med vuxen.<\/li>\n<li>Ingen utrustning som hj\u00e4lmar, paraplyer, stora v\u00e4skor eller farliga f\u00f6rem\u00e5l.<\/li>\n<li>Turistguider v\u00e4lkomna; gratis intr\u00e4de, kan leda bes\u00f6ket <b>utan att st\u00f6ra andra bes\u00f6kare<\/b>, f\u00f6lj personalens instruktioner.<\/li>\n<\/ul>\n<p>[\/vc_column_text][\/vc_column][\/vc_row][vc_row full_width=&#8221;stretch_row&#8221; css=&#8221;.vc_custom_1491475666161{margin-top: 0px !important;padding-top: 0px !important;background-image: url(https:\/\/www.vicuscaprarius.com\/wp-content\/uploads\/2017\/03\/cta_bg.png?id=373) !important;background-position: center !important;background-repeat: no-repeat !important;background-size: cover !important;}&#8221;][vc_column width=&#8221;1\/6&#8243;][\/vc_column][vc_column width=&#8221;2\/3&#8243;][vc_empty_space][vc_custom_heading text=&#8221;Familjer, skolor, grupper eller enskilda bes\u00f6kare: varje bes\u00f6kare f\u00e5r sin egen v\u00e4g f\u00f6r att uppt\u00e4cka de dolda skatterna i vattenstaden, den underjordiska arkeologiska platsen vid Fontana di Trevi.&#8221; font_container=&#8221;tag:p|font_size:18|text_align:center|color:%23ffffff&#8221; use_theme_fonts=&#8221;yes&#8221;][vc_empty_space height=&#8221;18px&#8221;][vc_row_inner][vc_column_inner width=&#8221;1\/2&#8243;][vc_btn title=&#8221;Ring numret +39 339 7786192&#8243; style=&#8221;flat&#8221; shape=&#8221;square&#8221; color=&#8221;white&#8221; align=&#8221;center&#8221; i_icon_fontawesome=&#8221;fa fa-phone&#8221; button_block=&#8221;true&#8221; add_icon=&#8221;true&#8221; link=&#8221;url:tel%3A%2B393397786192|||&#8221;][\/vc_column_inner][vc_column_inner width=&#8221;1\/2&#8243;][vc_btn title=&#8221;Kontakta oss f\u00f6r att f\u00e5 mer information&#8221; style=&#8221;outline&#8221; shape=&#8221;square&#8221; color=&#8221;white&#8221; align=&#8221;center&#8221; i_icon_fontawesome=&#8221;fa fa-envelope&#8221; button_block=&#8221;true&#8221; add_icon=&#8221;true&#8221; link=&#8221;url:https%3A%2F%2Fwww.vicuscaprarius.com%2Fsv%2Fkontakter%2F|||&#8221;][\/vc_column_inner][\/vc_row_inner][vc_empty_space height=&#8221;18px&#8221;][\/vc_column][vc_column width=&#8221;1\/6&#8243;][\/vc_column][\/vc_row]<\/p>\n<\/div>","protected":false},"excerpt":{"rendered":"<p>[vc_row][vc_column][vc_column_text css=&#8221;&#8221;]F\u00f6r organiserade grupper med extern guide, bokning obligatorisk, ingen extra kostnad. Email: vicus.prenotazioni@gmail.com (datum, tid och antal deltagare). Biljetter: Fullpris: 4,00 \u20ac Reducerat: 2,50 \u20ac Reducerat: 1,00 \u20ac (14-17 \u00e5r gamla) Gratis: under 14, arkeologistudenter UE, Rome City Pass Viktiga uppgifter: Radio-whisper utrustning obligatorisk, kan hyras vid behov (\u20ac1,50 per person). Fast rundtur; max [&hellip;]<\/p>\n","protected":false},"author":1,"featured_media":0,"parent":1221,"menu_order":0,"comment_status":"closed","ping_status":"closed","template":"","meta":{"footnotes":""},"class_list":["post-1227","page","type-page","status-publish","hentry"],"_links":{"self":[{"href":"https:\/\/www.vicuscaprarius.com\/sv\/wp-json\/wp\/v2\/pages\/1227","targetHints":{"allow":["GET"]}}],"collection":[{"href":"https:\/\/www.vicuscaprarius.com\/sv\/wp-json\/wp\/v2\/pages"}],"about":[{"href":"https:\/\/www.vicuscaprarius.com\/sv\/wp-json\/wp\/v2\/types\/page"}],"author":[{"embeddable":true,"href":"https:\/\/www.vicuscaprarius.com\/sv\/wp-json\/wp\/v2\/users\/1"}],"replies":[{"embeddable":true,"href":"https:\/\/www.vicuscaprarius.com\/sv\/wp-json\/wp\/v2\/comments?post=1227"}],"version-history":[{"count":7,"href":"https:\/\/www.vicuscaprarius.com\/sv\/wp-json\/wp\/v2\/pages\/1227\/revisions"}],"predecessor-version":[{"id":9365,"href":"https:\/\/www.vicuscaprarius.com\/sv\/wp-json\/wp\/v2\/pages\/1227\/revisions\/9365"}],"up":[{"embeddable":true,"href":"https:\/\/www.vicuscaprarius.com\/sv\/wp-json\/wp\/v2\/pages\/1221"}],"wp:attachment":[{"href":"https:\/\/www.vicuscaprarius.com\/sv\/wp-json\/wp\/v2\/media?parent=1227"}],"curies":[{"name":"wp","href":"https:\/\/api.w.org\/{rel}","templated":true}]}}