{"id":1221,"date":"2018-02-15T17:42:34","date_gmt":"2018-02-15T16:42:34","guid":{"rendered":"https:\/\/www.vicuscaprarius.com\/?page_id=1221"},"modified":"2024-02-15T15:02:12","modified_gmt":"2024-02-15T14:02:12","slug":"besok","status":"publish","type":"page","link":"https:\/\/www.vicuscaprarius.com\/sv\/besok\/","title":{"rendered":"BES\u00d6K"},"content":{"rendered":"<div class=\"wpb-content-wrapper\"><p>[vc_row css=&#8221;.vc_custom_1491466698933{margin-top: 0px !important;margin-bottom: 0px !important;padding-top: 0px !important;padding-bottom: 0px !important;}&#8221;][vc_column]\t\t<!-- Onview Section -->\n\t\t<div class=\"container-fluid onview-section\">\n\t\t\t<!-- Container -->\n\t\t\t<div class=\"container\">\n\t\t\t\t<div class=\"col-md-5 col-sm-5 col-xs-12 img-block\">\n\t\t\t\t\t<img loading=\"lazy\" decoding=\"async\" width=\"800\" height=\"600\" src=\"https:\/\/www.vicuscaprarius.com\/wp-content\/uploads\/2017\/04\/Visita-Vicus-2.jpg\" class=\"attachment-full size-full\" alt=\"\" srcset=\"https:\/\/www.vicuscaprarius.com\/wp-content\/uploads\/2017\/04\/Visita-Vicus-2.jpg 800w, https:\/\/www.vicuscaprarius.com\/wp-content\/uploads\/2017\/04\/Visita-Vicus-2-300x225.jpg 300w, https:\/\/www.vicuscaprarius.com\/wp-content\/uploads\/2017\/04\/Visita-Vicus-2-768x576.jpg 768w\" sizes=\"auto, (max-width: 800px) 100vw, 800px\" \/>\t\t\t\t<\/div>\n\t\t\t\t<div class=\"col-md-7 col-sm-7 col-xs-12 onview-content\">\n\t\t\t\t\t\t\t\t\t\t\t\t<!-- Section Header -->\n\t\t\t\t\t\t\t<div class=\"section-header\">\n\t\t\t\t\t\t\t\t<div class=\"section-title-border\">\n\t\t\t\t\t\t\t\t\t<span>BES\u00d6K<\/span>\t\t\t\t\t\t\t\t\t<h2>ENSKILDA<\/h2>\t\t\t\t\t\t\t\t<\/div>\n\t\t\t\t\t\t\t<\/div><!-- Section Header \/- -->\n\t\t\t\t\t\t\t\t\t\t\t\t<p>Guidade bes\u00f6k efter \u00f6verenskommelse 8,00 \u20ac.<br \/>\nF\u00f6r att best\u00e4lla ett guidat bes\u00f6k, kontakta oss p\u00e5 +39 3397786192. Telefonlinjen \u00e4r \u00f6ppen fr\u00e5n tisdag till s\u00f6ndag fr\u00e5n 10:00 till 16:00.<\/p>\n<p>Finns p\u00e5 italienska, engelska.<\/p>\n\t\t\t\t\t<ul>\n\t\t\t\t\t\t\t\t\t\t\t<\/ul>\n\t\t\t\t<\/div>\n\t\t\t<\/div><!-- Container \/- -->\n\t\t<\/div><!-- Onview Section \/- -->\n\t\t[\/vc_column][\/vc_row][vc_row css=&#8221;.vc_custom_1491466698933{margin-top: 0px !important;margin-bottom: 0px !important;padding-top: 0px !important;padding-bottom: 0px !important;}&#8221;][vc_column]\t\t<!-- Onview Section -->\n\t\t<div class=\"container-fluid onview-section\">\n\t\t\t<!-- Container -->\n\t\t\t<div class=\"container\">\n\t\t\t\t<div class=\"col-md-5 col-sm-5 col-xs-12 img-block\">\n\t\t\t\t\t<img loading=\"lazy\" decoding=\"async\" width=\"800\" height=\"600\" src=\"https:\/\/www.vicuscaprarius.com\/wp-content\/uploads\/2017\/04\/Visita-Vicus-1.jpg\" class=\"attachment-full size-full\" alt=\"\" srcset=\"https:\/\/www.vicuscaprarius.com\/wp-content\/uploads\/2017\/04\/Visita-Vicus-1.jpg 800w, https:\/\/www.vicuscaprarius.com\/wp-content\/uploads\/2017\/04\/Visita-Vicus-1-300x225.jpg 300w, https:\/\/www.vicuscaprarius.com\/wp-content\/uploads\/2017\/04\/Visita-Vicus-1-768x576.jpg 768w\" sizes=\"auto, (max-width: 800px) 100vw, 800px\" \/>\t\t\t\t<\/div>\n\t\t\t\t<div class=\"col-md-7 col-sm-7 col-xs-12 onview-content\">\n\t\t\t\t\t\t\t\t\t\t\t\t<!-- Section Header -->\n\t\t\t\t\t\t\t<div class=\"section-header\">\n\t\t\t\t\t\t\t\t<div class=\"section-title-border\">\n\t\t\t\t\t\t\t\t\t<span>BES\u00d6K<\/span>\t\t\t\t\t\t\t\t\t<h2>GRUPPER<\/h2>\t\t\t\t\t\t\t\t<\/div>\n\t\t\t\t\t\t\t<\/div><!-- Section Header \/- -->\n\t\t\t\t\t\t\t\t\t\t\t\t<p>F\u00f6r organiserade grupper (f\u00f6reningar, arbetarorganisationer, researrang\u00f6rer, f\u00f6rsamlingar, etc.) kan vi ordna speciella \u00f6ppningar med guidade bes\u00f6k som leds av v\u00e5ra arkeologer, \u00e4ven p\u00e5 dagar och tider d\u00e5 tj\u00e4nsterna normalt inte erbjuds.<br \/>\nEnligt bes\u00f6karnas intressen och behov, erbjuder vi tre olika typer av bes\u00f6k och f\u00f6rdjupningar som erbjuds av v\u00e5ra arkeologer, historiker och guider.<\/p>\n\t\t\t\t\t<ul>\n\t\t\t\t\t\t<li class='col-md-4 col-sm-6 col-xs-6'><a href=\"\/sv\/besok\/grupper\/\">L\u00e4s allt<\/a><\/li>\t\t\t\t\t<\/ul>\n\t\t\t\t<\/div>\n\t\t\t<\/div><!-- Container \/- -->\n\t\t<\/div><!-- Onview Section \/- -->\n\t\t[\/vc_column][\/vc_row][vc_row css=&#8221;.vc_custom_1491466698933{margin-top: 0px !important;margin-bottom: 0px !important;padding-top: 0px !important;padding-bottom: 0px !important;}&#8221;][vc_column]\t\t<!-- Onview Section -->\n\t\t<div class=\"container-fluid onview-section\">\n\t\t\t<!-- Container -->\n\t\t\t<div class=\"container\">\n\t\t\t\t<div class=\"col-md-5 col-sm-5 col-xs-12 img-block\">\n\t\t\t\t\t<img loading=\"lazy\" decoding=\"async\" width=\"800\" height=\"600\" src=\"https:\/\/www.vicuscaprarius.com\/wp-content\/uploads\/2017\/04\/Visita-Vicus-scuole.jpg\" class=\"attachment-full size-full\" alt=\"\" srcset=\"https:\/\/www.vicuscaprarius.com\/wp-content\/uploads\/2017\/04\/Visita-Vicus-scuole.jpg 800w, https:\/\/www.vicuscaprarius.com\/wp-content\/uploads\/2017\/04\/Visita-Vicus-scuole-300x225.jpg 300w, https:\/\/www.vicuscaprarius.com\/wp-content\/uploads\/2017\/04\/Visita-Vicus-scuole-768x576.jpg 768w\" sizes=\"auto, (max-width: 800px) 100vw, 800px\" \/>\t\t\t\t<\/div>\n\t\t\t\t<div class=\"col-md-7 col-sm-7 col-xs-12 onview-content\">\n\t\t\t\t\t\t\t\t\t\t\t\t<!-- Section Header -->\n\t\t\t\t\t\t\t<div class=\"section-header\">\n\t\t\t\t\t\t\t\t<div class=\"section-title-border\">\n\t\t\t\t\t\t\t\t\t<span>Utbildningsv\u00e4gar<\/span>\t\t\t\t\t\t\t\t\t<h2>SKOLOR<\/h2>\t\t\t\t\t\t\t\t<\/div>\n\t\t\t\t\t\t\t<\/div><!-- Section Header \/- -->\n\t\t\t\t\t\t\t\t\t\t\t\t<p>Alla k\u00e4nner till Fontana di Trevi. Mindre k\u00e4nt \u00e4r den underjordiska v\u00e4g som str\u00e4cker sig under Trevi-kvarteret, som \u00e4r en del av det underjordiska arkeologiska omr\u00e5det Vicus Caprarius-Vattenstaden. Med utg\u00e5ngspunkt fr\u00e5n denna fantasieggande underjordiska inramning f\u00f6resl\u00e5r vi fyra olika s\u00e4tt att uppt\u00e4cka det som d\u00f6ljer sig underv\u00e5ra f\u00f6tter. V\u00e4gledd av v\u00e5ra arkeologer kan studenterna vidr\u00f6ra Roms tusen\u00e5riga skiktningar och observera l\u00e4mningar efter de stora h\u00e4ndelser som har pr\u00e4glat stadens historia.<\/p>\n\t\t\t\t\t<ul>\n\t\t\t\t\t\t<li class='col-md-4 col-sm-6 col-xs-6'><a href=\"\/sv\/besok\/skolor\/\">L\u00e4s allt<\/a><\/li>\t\t\t\t\t<\/ul>\n\t\t\t\t<\/div>\n\t\t\t<\/div><!-- Container \/- -->\n\t\t<\/div><!-- Onview Section \/- -->\n\t\t[\/vc_column][\/vc_row][vc_row full_width=&#8221;stretch_row&#8221; css=&#8221;.vc_custom_1491483647457{margin-top: 0px !important;margin-bottom: 0px !important;border-bottom-width: 0px !important;padding-top: 0px !important;background-image: url(https:\/\/www.vicuscaprarius.com\/wp-content\/uploads\/2017\/03\/cta_bg.png?id=373) !important;}&#8221;][vc_column width=&#8221;1\/6&#8243;][\/vc_column][vc_column width=&#8221;2\/3&#8243;][vc_empty_space][vc_custom_heading text=&#8221;F\u00d6R DETALJERAD INFORMATION OM BES\u00d6K OCH RESERVERINGAR:<br \/>\nUnderjordiska arkeologiska omr\u00e5det Vicus Caprarius &#8211; Vattenstaden<br \/>\nVicolo del puttarello 25 (omr\u00e5det vid Fontana di Trevi) \u2013 Rom<br \/>\n&#8221; font_container=&#8221;tag:p|font_size:16|text_align:center|color:%23ffffff&#8221; use_theme_fonts=&#8221;yes&#8221;][vc_empty_space height=&#8221;18px&#8221;][vc_row_inner][vc_column_inner width=&#8221;1\/2&#8243;][vc_btn title=&#8221;+39 339 7786192&#8243; style=&#8221;flat&#8221; shape=&#8221;square&#8221; color=&#8221;white&#8221; align=&#8221;center&#8221; i_icon_fontawesome=&#8221;fa fa-phone&#8221; button_block=&#8221;true&#8221; add_icon=&#8221;true&#8221; link=&#8221;url:tel%3A%2B393397786192|||&#8221;][\/vc_column_inner][vc_column_inner width=&#8221;1\/2&#8243;][vc_btn title=&#8221;Kontakta oss att f\u00e5 mer information&#8221; style=&#8221;outline&#8221; shape=&#8221;square&#8221; color=&#8221;white&#8221; align=&#8221;center&#8221; i_icon_fontawesome=&#8221;fa fa-envelope&#8221; button_block=&#8221;true&#8221; add_icon=&#8221;true&#8221; link=&#8221;url:https%3A%2F%2Fwww.vicuscaprarius.com%2Fsv%2Fkontakter%2F|||&#8221;][\/vc_column_inner][\/vc_row_inner][vc_empty_space height=&#8221;18px&#8221;][\/vc_column][vc_column width=&#8221;1\/6&#8243;][\/vc_column][\/vc_row]<\/p>\n<\/div>","protected":false},"excerpt":{"rendered":"<p>[vc_row css=&#8221;.vc_custom_1491466698933{margin-top: 0px !important;margin-bottom: 0px !important;padding-top: 0px !important;padding-bottom: 0px !important;}&#8221;][vc_column][\/vc_column][\/vc_row][vc_row css=&#8221;.vc_custom_1491466698933{margin-top: 0px !important;margin-bottom: 0px !important;padding-top: 0px !important;padding-bottom: 0px !important;}&#8221;][vc_column][\/vc_column][\/vc_row][vc_row css=&#8221;.vc_custom_1491466698933{margin-top: 0px !important;margin-bottom: 0px !important;padding-top: 0px !important;padding-bottom: 0px !important;}&#8221;][vc_column][\/vc_column][\/vc_row][vc_row full_width=&#8221;stretch_row&#8221; css=&#8221;.vc_custom_1491483647457{margin-top: 0px !important;margin-bottom: 0px !important;border-bottom-width: 0px !important;padding-top: 0px !important;background-image: url(https:\/\/www.vicuscaprarius.com\/wp-content\/uploads\/2017\/03\/cta_bg.png?id=373) !important;}&#8221;][vc_column width=&#8221;1\/6&#8243;][\/vc_column][vc_column width=&#8221;2\/3&#8243;][vc_empty_space][vc_custom_heading text=&#8221;F\u00d6R DETALJERAD INFORMATION OM BES\u00d6K OCH RESERVERINGAR: Underjordiska arkeologiska omr\u00e5det Vicus Caprarius &#8211; [&hellip;]<\/p>\n","protected":false},"author":1,"featured_media":0,"parent":0,"menu_order":0,"comment_status":"closed","ping_status":"closed","template":"","meta":{"footnotes":""},"class_list":["post-1221","page","type-page","status-publish","hentry"],"_links":{"self":[{"href":"https:\/\/www.vicuscaprarius.com\/sv\/wp-json\/wp\/v2\/pages\/1221","targetHints":{"allow":["GET"]}}],"collection":[{"href":"https:\/\/www.vicuscaprarius.com\/sv\/wp-json\/wp\/v2\/pages"}],"about":[{"href":"https:\/\/www.vicuscaprarius.com\/sv\/wp-json\/wp\/v2\/types\/page"}],"author":[{"embeddable":true,"href":"https:\/\/www.vicuscaprarius.com\/sv\/wp-json\/wp\/v2\/users\/1"}],"replies":[{"embeddable":true,"href":"https:\/\/www.vicuscaprarius.com\/sv\/wp-json\/wp\/v2\/comments?post=1221"}],"version-history":[{"count":9,"href":"https:\/\/www.vicuscaprarius.com\/sv\/wp-json\/wp\/v2\/pages\/1221\/revisions"}],"predecessor-version":[{"id":8718,"href":"https:\/\/www.vicuscaprarius.com\/sv\/wp-json\/wp\/v2\/pages\/1221\/revisions\/8718"}],"wp:attachment":[{"href":"https:\/\/www.vicuscaprarius.com\/sv\/wp-json\/wp\/v2\/media?parent=1221"}],"curies":[{"name":"wp","href":"https:\/\/api.w.org\/{rel}","templated":true}]}}