{"id":1217,"date":"2018-02-15T17:17:31","date_gmt":"2018-02-15T16:17:31","guid":{"rendered":"https:\/\/www.vicuscaprarius.com\/?page_id=1217"},"modified":"2018-02-21T11:51:28","modified_gmt":"2018-02-21T10:51:28","slug":"mottagning","status":"publish","type":"page","link":"https:\/\/www.vicuscaprarius.com\/sv\/mottagning\/","title":{"rendered":"MOTTAGNING"},"content":{"rendered":"<div class=\"wpb-content-wrapper\"><p>[vc_row equal_height=&#8221;yes&#8221; type=&#8221;container&#8221;][vc_column width=&#8221;1\/2&#8243;][vc_column_text]<\/p>\n<p style=\"text-align: justify;\">I samma byggnad som <i>Vicus Caprarius <\/i>upt\u00e4cktes g\u00e5r det att vistas i det <strong>moderna och bekv\u00e4ma<\/strong> <a href=\"http:\/\/www.hotelharrysbartrevi.com\/en\/\">Harry\u00b4s Bar Hotel<\/a> eller njuta av lite god mat p\u00e5 den eleganta <a href=\"http:\/\/www.hotelharrysbartrevi.com\/en\/restaurant-bar\/\">restaurangen<\/a>.<\/p>\n<p style=\"text-align: justify;\">Hotellet har <strong>13 rum och 3 annex<\/strong>, med modern inredning och funktionell design.<\/p>\n<p style=\"text-align: justify;\">P\u00e5 den v\u00e4lk\u00e4nda restaurangen Harry\u2019s Bar Trevi kan du njuta av <strong>traditionella italienska r\u00e4tter<\/strong>, som tillagas enligt originalrecepten och med utvalda r\u00e5varor, med en s\u00e4rskild uppm\u00e4rksamhet p\u00e5 det emiliansk k\u00f6ket.<\/p>\n<p>[\/vc_column_text][\/vc_column][vc_column width=&#8221;1\/2&#8243;][vc_column_text]<\/p>\n<p style=\"text-align: justify;\">F\u00f6rutom de klassiska matr\u00e4tterna, kan man njuta av <span class=\" h-ldquo\">\u201c<\/span><em>Tortellini modenesi in crema di Parmigiano\u201d<\/em> <span class=\" h-lparen\">(<\/span>tortellini fr\u00e5n Modena i parmesans\u00e5s\u201d, <em><span class=\" h-ldquo\">\u201c<\/span>Risotto all\u2019Aceto Balsamico Tradizionale di Modena\u201d<\/em> <span class=\" h-lparen\">(<\/span>risotto med traditionell balsamicovin\u00e4ger fr\u00e5n Modena) och ett stort urval charkuterier som \u00e5tf\u00f6ljs av specialiteten <em><span class=\" h-ldquo\">\u201c<\/span>Gnocco Fritto\u201d<\/em>.Den senaste renoveringen av byggnaden har ocks\u00e5 gett oss m\u00f6jlighet att f\u00e5 ett viktigt nytt restaurangformat under m\u00e4rket Gourme: pizza, charkuterier, sallader, glass och de b\u00e4sta r\u00e4tterna i det <strong>italienska k\u00f6ket<\/strong> i stora Food Court som ligger alldeles intill det arkeologiska omr\u00e5det <i>Vicus Caprarius<\/i>.<\/p>\n<p>[\/vc_column_text][\/vc_column][\/vc_row][vc_row equal_height=&#8221;yes&#8221;][vc_column]\t\t<!-- Onview Section -->\n\t\t<div class=\"container-fluid no-padding onview-section2\">\n\t\t\t\t\t\t\t<div class=\"col-md-5 onview-left\">\n\t\t\t\t\t<!-- Section Header -->\n\t\t\t\t\t<div class=\"section-header2\">\n\t\t\t\t\t\t<i><img decoding=\"async\" src=\"https:\/\/www.vicuscaprarius.com\/wp-content\/plugins\/history-toolkit\/lib\/images\/section-header2-2.png\" alt=\"Section Header\" \/><\/i>\n\t\t\t\t\t\t<span>F\u00f6r turisten<\/span>\t\t\t\t\t\t<h2>MOTTAGNING<\/h2>\t\t\t\t\t<\/div><!-- Section Header \/- -->\n\t\t\t\t\t\t\t\t\t\t\t\t\t\t<\/div>\n\t\t\t\t\t\t\t<div class=\"col-md-7 onview-right\" style=\"background-image: url(https:\/\/www.vicuscaprarius.com\/wp-content\/uploads\/2017\/03\/bg_ospitalita_shadow3.jpg);\">\n\t\t\t\t\t\t\t\t\t<div class=\"onview-content\">\n\t\t\t\t\t\t<ul>\n\t\t\t\t\t\t\t<li class='col-md-6 col-sm-6 col-xs-6'><a href=\"http:\/\/www.hotelharrysbartrevi.com\/en\/\" target=\u201d_blank\u201d style=\"font-size:20px; font-family: Cinzel; color: #000;\">HARRY'S BAR HOTEL<\/a> <p style=\"font-size:13px; line-heigt:18px; text-align: center;\">Rummen \u00e4r moderna, eleganta och f\u00f6rsedda med alla bekv\u00e4mligheter<\/p><\/li><li class='col-md-6 col-sm-6 col-xs-6'><a href=\"http:\/\/www.hotelharrysbartrevi.com\/en\/restaurant-bar\/\/\" target=\u201d_blank\u201d style=\"font-size:20px; font-family: Cinzel; color: #000;\">HARRY'S BAR RESTAURANT<\/a> <p style=\"font-size:13px; line-heigt:18px; text-align: center;\">Aperitifer och raffinerade r\u00e4tter<\/p><\/li><li class='col-md-6 col-sm-6 col-xs-6'><a href=\"\/sv\/food-court-gourme\" style=\"font-size:20px; font-family: Cinzel; color: #000;\">FOOD COURT GOURME<\/a> <p style=\"font-size:13px; line-heigt:18px; text-align: center;\">Stort utbud av italienska r\u00e4tter<\/p><\/li><li class='col-md-6 col-sm-6 col-xs-6'><a href=\"http:\/\/www.hotelharrysbartrevi.com\/en\/meeting-events\/\" target=\u201d_blank\u201d style=\"font-size:20px; font-family: Cinzel; color: #000;\">SALA TREVI<\/a> <p style=\"font-size:13px; line-heigt:18px; text-align: center;\">Unik och flerfunktionell plats<\/p><\/li>\t\t\t\t\t\t<\/ul>\n\t\t\t\t\t<\/div>\n\t\t\t\t\t\t\t\t<\/div>\n\t\t<\/div><!-- Onview Section \/- -->\n\t\t[\/vc_column][\/vc_row]<\/p>\n<\/div>","protected":false},"excerpt":{"rendered":"<p>[vc_row equal_height=&#8221;yes&#8221; type=&#8221;container&#8221;][vc_column width=&#8221;1\/2&#8243;][vc_column_text] I samma byggnad som Vicus Caprarius upt\u00e4cktes g\u00e5r det att vistas i det moderna och bekv\u00e4ma Harry\u00b4s Bar Hotel eller njuta av lite god mat p\u00e5 den eleganta restaurangen. Hotellet har 13 rum och 3 annex, med modern inredning och funktionell design. P\u00e5 den v\u00e4lk\u00e4nda restaurangen Harry\u2019s Bar Trevi kan du [&hellip;]<\/p>\n","protected":false},"author":1,"featured_media":0,"parent":0,"menu_order":0,"comment_status":"closed","ping_status":"closed","template":"","meta":{"footnotes":""},"class_list":["post-1217","page","type-page","status-publish","hentry"],"_links":{"self":[{"href":"https:\/\/www.vicuscaprarius.com\/sv\/wp-json\/wp\/v2\/pages\/1217","targetHints":{"allow":["GET"]}}],"collection":[{"href":"https:\/\/www.vicuscaprarius.com\/sv\/wp-json\/wp\/v2\/pages"}],"about":[{"href":"https:\/\/www.vicuscaprarius.com\/sv\/wp-json\/wp\/v2\/types\/page"}],"author":[{"embeddable":true,"href":"https:\/\/www.vicuscaprarius.com\/sv\/wp-json\/wp\/v2\/users\/1"}],"replies":[{"embeddable":true,"href":"https:\/\/www.vicuscaprarius.com\/sv\/wp-json\/wp\/v2\/comments?post=1217"}],"version-history":[{"count":3,"href":"https:\/\/www.vicuscaprarius.com\/sv\/wp-json\/wp\/v2\/pages\/1217\/revisions"}],"predecessor-version":[{"id":1489,"href":"https:\/\/www.vicuscaprarius.com\/sv\/wp-json\/wp\/v2\/pages\/1217\/revisions\/1489"}],"wp:attachment":[{"href":"https:\/\/www.vicuscaprarius.com\/sv\/wp-json\/wp\/v2\/media?parent=1217"}],"curies":[{"name":"wp","href":"https:\/\/api.w.org\/{rel}","templated":true}]}}