{"id":1197,"date":"2018-02-15T17:01:29","date_gmt":"2018-02-15T16:01:29","guid":{"rendered":"https:\/\/www.vicuscaprarius.com\/?page_id=1197"},"modified":"2018-03-19T16:51:00","modified_gmt":"2018-03-19T15:51:00","slug":"food-court-gourme","status":"publish","type":"page","link":"https:\/\/www.vicuscaprarius.com\/sv\/food-court-gourme\/","title":{"rendered":"Food Court Gourme"},"content":{"rendered":"<div class=\"wpb-content-wrapper\"><p>[vc_row full_width=&#8221;stretch_row_content_no_spaces&#8221; content_placement=&#8221;top&#8221; css=&#8221;.vc_custom_1518514562852{padding-top: 0px !important;}&#8221;][vc_column][vc_single_image image=&#8221;790&#8243; img_size=&#8221;full&#8221; alignment=&#8221;center&#8221; css=&#8221;.vc_custom_1518514393076{padding-top: 0px !important;}&#8221;][vc_custom_heading text=&#8221;FOOD COURT GOURME&#8221; font_container=&#8221;tag:h2|font_size:46|text_align:center|color:%23000000&#8243; google_fonts=&#8221;font_family:Cinzel%3Aregular%2C700%2C900|font_style:400%20regular%3A400%3Anormal&#8221;][vc_empty_space][\/vc_column][\/vc_row][vc_row equal_height=&#8221;yes&#8221; type=&#8221;container&#8221;][vc_column width=&#8221;1\/3&#8243;][vc_column_text]<\/p>\n<div><strong>Food Court Gourme<\/strong> skapades av <a href=\"http:\/\/www.chefexpress.it\/\">Chef Express<\/a> <span class=\" h-lparen\">(<\/span><strong>Cremonini-koncernen<\/strong>), f\u00f6r att t\u00e4cka de olika behoven hos de miljontals turister och resen\u00e4rer som \u00e5rligen bes\u00f6ker Fontana di Trevi-omr\u00e5det.<\/div>\n<div><\/div>\n<div>Inom det <strong>stora utomhusutrymmet<\/strong> kan du smaka p\u00e5 h\u00e4rliga italienska speciliteter genom ett stort utbud restauranger:<\/div>\n<p>[\/vc_column_text][\/vc_column][vc_column width=&#8221;2\/3&#8243;][vc_row_inner equal_height=&#8221;yes&#8221;][vc_column_inner width=&#8221;1\/6&#8243;][vc_icon type=&#8221;material&#8221; icon_material=&#8221;vc-material vc-material-free_breakfast&#8221; color=&#8221;custom&#8221; align=&#8221;right&#8221; custom_color=&#8221;#e2b13c&#8221;][\/vc_column_inner][vc_column_inner width=&#8221;5\/6&#8243;][vc_custom_heading text=&#8221;MOK\u00c0: f\u00f6r att njuta av italienskt kaffe&#8221; font_container=&#8221;tag:h3|font_size:20|text_align:left&#8221; use_theme_fonts=&#8221;yes&#8221;][\/vc_column_inner][\/vc_row_inner][vc_row_inner equal_height=&#8221;yes&#8221;][vc_column_inner width=&#8221;1\/6&#8243;][vc_icon type=&#8221;material&#8221; icon_material=&#8221;vc-material vc-material-restaurant&#8221; color=&#8221;custom&#8221; align=&#8221;right&#8221; custom_color=&#8221;#e2b13c&#8221;][\/vc_column_inner][vc_column_inner width=&#8221;5\/6&#8243;][vc_custom_heading text=&#8221;MOK\u00c0 NATURE: H\u00e4lsosam, vegansk och fettsn\u00e5l mat&#8221; font_container=&#8221;tag:h3|font_size:20|text_align:left&#8221; use_theme_fonts=&#8221;yes&#8221;][\/vc_column_inner][\/vc_row_inner][vc_row_inner equal_height=&#8221;yes&#8221;][vc_column_inner width=&#8221;1\/6&#8243;][vc_icon type=&#8221;material&#8221; icon_material=&#8221;vc-material vc-material-room_service&#8221; color=&#8221;custom&#8221; align=&#8221;right&#8221; custom_color=&#8221;#e2b13c&#8221;][\/vc_column_inner][vc_column_inner width=&#8221;5\/6&#8243;][vc_custom_heading text=&#8221;GOURME: sm\u00f6rg\u00e5sar, focacce, sk\u00e4rbr\u00e4dor med charkuterier och ostar, f\u00f6rr\u00e4tter, sallader och kalla r\u00e4tter med kombinationer av mat och vin&#8221; font_container=&#8221;tag:h3|font_size:20|text_align:left&#8221; use_theme_fonts=&#8221;yes&#8221;][\/vc_column_inner][\/vc_row_inner][vc_row_inner equal_height=&#8221;yes&#8221;][vc_column_inner width=&#8221;1\/6&#8243;][vc_icon type=&#8221;material&#8221; icon_material=&#8221;vc-material vc-material-local_pizza&#8221; color=&#8221;custom&#8221; align=&#8221;right&#8221; custom_color=&#8221;#e2b13c&#8221;][\/vc_column_inner][vc_column_inner width=&#8221;5\/6&#8243;][vc_custom_heading text=&#8221;POMODORO &amp; MOZZARELLA: pizzor med mj\u00f6lsorter av h\u00f6g kvalitet, buffelmozzarella fr\u00e5n Kampanien och tomater fr\u00e5n Apulien&#8221; font_container=&#8221;tag:h3|font_size:20|text_align:left&#8221; use_theme_fonts=&#8221;yes&#8221;][\/vc_column_inner][\/vc_row_inner][vc_row_inner equal_height=&#8221;yes&#8221;][vc_column_inner width=&#8221;1\/6&#8243;][vc_icon type=&#8221;material&#8221; color=&#8221;custom&#8221; align=&#8221;right&#8221; custom_color=&#8221;#e2b13c&#8221;][\/vc_column_inner][vc_column_inner width=&#8221;5\/6&#8243;][vc_custom_heading text=&#8221;MAGNUM: ett stort urval av glass och bakverk&#8221; font_container=&#8221;tag:h3|font_size:20|text_align:left&#8221; use_theme_fonts=&#8221;yes&#8221;][\/vc_column_inner][\/vc_row_inner][\/vc_column][\/vc_row][vc_row equal_height=&#8221;yes&#8221;][vc_column width=&#8221;2\/3&#8243;][vc_gallery type=&#8221;nivo&#8221; interval=&#8221;5&#8243; images=&#8221;719,720,721,722,723,724,725,780,782,784&#8243; img_size=&#8221;full&#8221;][\/vc_column][vc_column width=&#8221;1\/3&#8243; css=&#8221;.vc_custom_1501085353794{padding-top: 50px !important;padding-right: 50px !important;padding-left: 20px !important;background-color: #f4f4f4 !important;}&#8221;][vc_column_text]<\/p>\n<p style=\"text-align: justify;\">Till dags dato driver <b>Chef Express<\/b> 51 restauranger p\u00e5 det italienska motorv\u00e4gsn\u00e4tet och p\u00e5 de stora kommunikationsv\u00e4garna.<\/p>\n<p style=\"text-align: justify;\">\u00c5r 2016 uppn\u00e5dde Chef Express S.p.A. en total oms\u00e4ttning p\u00e5 512 miljoner euro, varav 81,4 % fr\u00e5n verksamheten i koncession <span class=\" h-lparen\">(<\/span>t\u00e5gstationer, flygplatser och motorv\u00e4gar i Italien, och p\u00e5 t\u00e5g i utlandet).<\/p>\n<p style=\"text-align: justify;\">Inom cateringsektorn, \u00e4r Chef Express b\u00e5de n\u00e4rvarande p\u00e5 motorv\u00e4garna och <strong>ledande i Italien n\u00e4r det g\u00e4ller t\u00e5gstationer<\/strong>, med <strong>80 restauranger p\u00e5 49 j\u00e4rnv\u00e4gsstationer<\/strong>. Dessutom finns koncernen n\u00e4rvarande \u00e4ven p\u00e5 flygplatser med <strong>60 restauranger p\u00e5 11 flygplatser i Italien<\/strong>.<\/p>\n<p style=\"text-align: justify;\">N\u00e4r det g\u00e4ller t\u00e5grestauranger \u00e4r Chef Express ledande i Europa med \u00f6ver <strong>210 t\u00e5g som dagligen serveras i fem europeiska l\u00e4nder<\/strong>. Slutligen kontrollerar de kommersiella restaurangerna k\u00f6ttrestaurangkedjan <strong>Roadhouse Restaurang<\/strong>, som idag har <strong>115 restauranger i Italien<\/strong>.<\/p>\n<p>[\/vc_column_text][\/vc_column][\/vc_row][vc_row full_width=&#8221;stretch_row&#8221; css=&#8221;.vc_custom_1491483647457{margin-top: 0px !important;margin-bottom: 0px !important;border-bottom-width: 0px !important;padding-top: 0px !important;background-image: url(https:\/\/www.vicuscaprarius.com\/wp-content\/uploads\/2017\/03\/cta_bg.png?id=373) !important;}&#8221;][vc_column width=&#8221;1\/6&#8243;][\/vc_column][vc_column width=&#8221;2\/3&#8243;][vc_empty_space][vc_custom_heading text=&#8221;F\u00d6R DETALJERAD INFORMATION OM BES\u00d6K OCH RESERVERINGAR:<br \/>\nUnderjordiska arkeologiska omr\u00e5det Vicus Caprarius &#8211; Vattenstaden<br \/>\nVicolo del puttarello 25 (omr\u00e5det vid Fontana di Trevi) \u2013 Rom<br \/>\n&#8221; font_container=&#8221;tag:p|font_size:16|text_align:center|color:%23ffffff&#8221; use_theme_fonts=&#8221;yes&#8221;][vc_empty_space height=&#8221;18px&#8221;][vc_row_inner][vc_column_inner][vc_btn title=&#8221;+39 339 7786192&#8243; style=&#8221;flat&#8221; shape=&#8221;square&#8221; color=&#8221;white&#8221; align=&#8221;center&#8221; i_icon_fontawesome=&#8221;fa fa-phone&#8221; button_block=&#8221;true&#8221; add_icon=&#8221;true&#8221; link=&#8221;url:tel%3A%2B393397786192|||&#8221;][\/vc_column_inner][\/vc_row_inner][vc_empty_space height=&#8221;18px&#8221;][\/vc_column][vc_column width=&#8221;1\/6&#8243;][\/vc_column][\/vc_row]<\/p>\n<\/div>","protected":false},"excerpt":{"rendered":"<p>[vc_row full_width=&#8221;stretch_row_content_no_spaces&#8221; content_placement=&#8221;top&#8221; css=&#8221;.vc_custom_1518514562852{padding-top: 0px !important;}&#8221;][vc_column][vc_single_image image=&#8221;790&#8243; img_size=&#8221;full&#8221; alignment=&#8221;center&#8221; css=&#8221;.vc_custom_1518514393076{padding-top: 0px !important;}&#8221;][vc_custom_heading text=&#8221;FOOD COURT GOURME&#8221; font_container=&#8221;tag:h2|font_size:46|text_align:center|color:%23000000&#8243; google_fonts=&#8221;font_family:Cinzel%3Aregular%2C700%2C900|font_style:400%20regular%3A400%3Anormal&#8221;][vc_empty_space][\/vc_column][\/vc_row][vc_row equal_height=&#8221;yes&#8221; type=&#8221;container&#8221;][vc_column width=&#8221;1\/3&#8243;][vc_column_text] Food Court Gourme skapades av Chef Express (Cremonini-koncernen), f\u00f6r att t\u00e4cka de olika behoven hos de miljontals turister och resen\u00e4rer som \u00e5rligen bes\u00f6ker Fontana di Trevi-omr\u00e5det. Inom det stora utomhusutrymmet kan du smaka p\u00e5 h\u00e4rliga [&hellip;]<\/p>\n","protected":false},"author":1,"featured_media":0,"parent":0,"menu_order":0,"comment_status":"closed","ping_status":"closed","template":"","meta":{"footnotes":""},"class_list":["post-1197","page","type-page","status-publish","hentry"],"_links":{"self":[{"href":"https:\/\/www.vicuscaprarius.com\/sv\/wp-json\/wp\/v2\/pages\/1197","targetHints":{"allow":["GET"]}}],"collection":[{"href":"https:\/\/www.vicuscaprarius.com\/sv\/wp-json\/wp\/v2\/pages"}],"about":[{"href":"https:\/\/www.vicuscaprarius.com\/sv\/wp-json\/wp\/v2\/types\/page"}],"author":[{"embeddable":true,"href":"https:\/\/www.vicuscaprarius.com\/sv\/wp-json\/wp\/v2\/users\/1"}],"replies":[{"embeddable":true,"href":"https:\/\/www.vicuscaprarius.com\/sv\/wp-json\/wp\/v2\/comments?post=1197"}],"version-history":[{"count":2,"href":"https:\/\/www.vicuscaprarius.com\/sv\/wp-json\/wp\/v2\/pages\/1197\/revisions"}],"predecessor-version":[{"id":1587,"href":"https:\/\/www.vicuscaprarius.com\/sv\/wp-json\/wp\/v2\/pages\/1197\/revisions\/1587"}],"wp:attachment":[{"href":"https:\/\/www.vicuscaprarius.com\/sv\/wp-json\/wp\/v2\/media?parent=1197"}],"curies":[{"name":"wp","href":"https:\/\/api.w.org\/{rel}","templated":true}]}}