{"id":1182,"date":"2018-02-15T16:45:24","date_gmt":"2018-02-15T15:45:24","guid":{"rendered":"https:\/\/www.vicuscaprarius.com\/?page_id=1182"},"modified":"2023-07-19T18:14:03","modified_gmt":"2023-07-19T16:14:03","slug":"det-arkeologiska-omradet","status":"publish","type":"page","link":"https:\/\/www.vicuscaprarius.com\/sv\/det-arkeologiska-omradet\/","title":{"rendered":"DET ARKEOLOGISKA OMR\u00c5DET"},"content":{"rendered":"<div class=\"wpb-content-wrapper\"><p>[vc_row equal_height=&#8221;yes&#8221; type=&#8221;container&#8221;][vc_column width=&#8221;1\/2&#8243; css=&#8221;.vc_custom_1501078314436{padding-right: 50px !important;padding-left: 50px !important;}&#8221;][vc_empty_space height=&#8221;10px&#8221;][vc_column_text]<\/p>\n<p style=\"text-align: justify;\">Alla k\u00e4nner till ber\u00f6mda Fontana di Trevi. Mindre k\u00e4nt \u00e4r det fascinerande arkeologiska omr\u00e5det som str\u00e4cker sig under kvarteret, som det underjordiska arkeologiska omr\u00e5det <strong>Vicus Caprarius -vattenstaden<\/strong> \u00e4r ett sl\u00e5ende exempel p\u00e5.<\/p>\n<p style=\"text-align: justify;\">N\u00e5gra steg ett en av de mest ber\u00f6mda verken i v\u00e4rlden, p\u00e5 \u00f6ver nio meters djup under nuvarande gatuniv\u00e5n, genomf\u00f6rdes arkeologiska unders\u00f6kningar mellan 1999 och 2001, under renoveringen av den tidigare biografen Cinema Trevi, (med vetenskaplig arbetsledning av Claudio Moccheggiani Carpano) som avsl\u00f6jade en grupp byggnader fr\u00e5n kejsartiden <strong>och som utg\u00f6r ett viktigt vittnesm\u00e5l om hur staden s\u00e5g ut i antikens Ro<\/strong>.<\/p>\n<p style=\"text-align: justify;\">Tillg\u00e4ngligheten som erbjuds av <a href=\"https:\/\/www.cremonini.com\/\" target=\"_blank\" rel=\"noopener noreferrer\">Cremonini-koncernen<\/a>, f\u00f6retaget som \u00e4ger fastigheten och som l\u00e5tit utf\u00f6ra arbetet, har gjort att den arkeologiska platsen helt har kunnat \u00e5terst\u00e4llas och v\u00e4rderas. Omr\u00e5det str\u00e4cker ut sig \u00f6ver en yta p\u00e5 cirka 350 kvadratmeter, mellan Via San Vincenzo och Vicolo del Puttarello.<\/p>\n<p>[\/vc_column_text][\/vc_column][vc_column width=&#8221;1\/2&#8243;][vc_single_image image=&#8221;613&#8243; img_size=&#8221;full&#8221; alignment=&#8221;center&#8221;][\/vc_column][\/vc_row][vc_row equal_height=&#8221;yes&#8221; type=&#8221;container&#8221;][vc_column width=&#8221;1\/2&#8243;][vc_single_image image=&#8221;618&#8243; img_size=&#8221;large&#8221; alignment=&#8221;center&#8221; onclick=&#8221;link_image&#8221;][\/vc_column][vc_column width=&#8221;1\/2&#8243; css=&#8221;.vc_custom_1501078263518{padding-right: 50px !important;padding-left: 50px !important;}&#8221;][vc_empty_space height=&#8221;10px&#8221;][vc_column_text]<\/p>\n<p style=\"text-align: justify;\">Termen <span class=\" h-quot\">&#8220;<\/span>Vattenstaden&#8221;, som f\u00f6r n\u00e4rvarande anv\u00e4nds f\u00f6r att definiera det <strong>arkeologiska omr\u00e5det Vicus Caprarius<\/strong>, beror p\u00e5 att vattnet \u00e4r just det element som utan tvekan mest pr\u00e4glar omr\u00e5det och platsen.<br \/>\nVattnet som fl\u00f6dar fr\u00e5n monumentet Fontana di Trevi, visar den barocka <strong>jungfruns akvedukt<\/strong> <span class=\" h-lparen\">(<\/span>vars utgr\u00e4vningar har bringt en imponerande distributionstank, <i>castellum aquae) <\/i>till ljuset som, genom att filtrera genom de antika murarna i det arkeologiska omr\u00e5det, forts\u00e4tter att mata r\u00f6ren av bly och karen i denna lyxiga boning.<br \/>\nDe v\u00e4ggstrukturer som p\u00e5tr\u00e4ffas, k\u00e4nnetecknas av stenbel\u00e4ggningen i <i>opus latericium <\/i>som bevarats i en upph\u00f6jd struktur p\u00e5 cirka \u00e5tta meter. De g\u00e4ller en <i>insula<\/i>, ett bostadshus indelat i flera frist\u00e5ende enheter som vid mitten av 300-talet omfvandlats till ett st\u00e5tligt <i>domus<\/i>.<\/p>\n<p>[\/vc_column_text][\/vc_column][\/vc_row][vc_row equal_height=&#8221;yes&#8221; type=&#8221;container&#8221;][vc_column width=&#8221;1\/2&#8243; css=&#8221;.vc_custom_1501078289267{padding-right: 50px !important;padding-left: 50px !important;}&#8221;][vc_empty_space height=&#8221;10px&#8221;][vc_column_text]<\/p>\n<p style=\"text-align: justify;\">Men inte bara de imponerande strukturerna f\u00f6r Jungfruns akvedukter och boendemilj\u00f6erna g\u00f6r bes\u00f6ket till det arkeologiska omr\u00e5det exklusivt.<\/p>\n<p style=\"text-align: justify;\">I de tre sektionerna vi samlat artefakter som hittats under utgr\u00e4vningarna: <strong>de dyrbara bekl\u00e4dnaderna av flerf\u00e4rgad marmor, de raffinerade dekorationerna<\/strong> <span class=\" h-lparen\">(<\/span>bland annat Alessandro helios ber\u00f6mda huvud), de s\u00e5 kallade <i>spatheia, <\/i>afrikansk amfora f\u00f6r att transportera olja, en underbar <strong><span class=\" h-quot\">&#8220;<\/span>skatt&#8221; som best\u00e5r av mer \u00e4n 800 mynt<\/strong> som vittnar om de olika anv\u00e4ndningsfaserna och livsl\u00e4ngderna f\u00f6r strukturerna som gr\u00e4vts fram.<\/p>\n<p>[\/vc_column_text][\/vc_column][vc_column width=&#8221;1\/2&#8243;][vc_single_image image=&#8221;412&#8243; img_size=&#8221;large&#8221; alignment=&#8221;center&#8221;][\/vc_column][\/vc_row][vc_row equal_height=&#8221;yes&#8221; type=&#8221;container&#8221;][vc_column width=&#8221;1\/2&#8243;][vc_custom_heading text=&#8221;PRISER&#8221; font_container=&#8221;tag:h2|font_size:24|text_align:center&#8221; use_theme_fonts=&#8221;yes&#8221;][vc_separator color=&#8221;custom&#8221; align=&#8221;align_left&#8221; border_width=&#8221;2&#8243; accent_color=&#8221;#e2b13c&#8221;][vc_column_text]ORDINARIE: 4,00 \u20ac<br \/>\nRABATTERAD: 2,50 \u20ac <span class=\" h-lparen\">(<\/span>Roma Pass, studenter 18\/25 \u00e5r bosatta i EU, l\u00e4rare bosatta i EU)<br \/>\nEXTRA RABATTERAD: 1,00 \u20ac <span class=\" h-lparen\">(<\/span>barn och ungdomar 14-18 \u00e5r)<br \/>\nGRATIS: under 14, universitetsstudenter som studerar EU-arkeologi, <a href=\"https:\/\/www.turbopass.com\/rome-city-pass\" target=\"_blank\" rel=\"noopener noreferrer\">Rome City Pass<\/a><br \/>\n[\/vc_column_text][\/vc_column][vc_column width=&#8221;1\/2&#8243;][vc_custom_heading text=&#8221;BOKNINGEN&#8221; font_container=&#8221;tag:h2|font_size:24|text_align:center&#8221; use_theme_fonts=&#8221;yes&#8221;][vc_separator color=&#8221;custom&#8221; align=&#8221;align_left&#8221; border_width=&#8221;2&#8243; accent_color=&#8221;#e2b13c&#8221;][vc_column_text]<\/p>\n<p><strong>Bokning rekommenderas.\u00a0L\u00f6rdag, s\u00f6ndag och helgdagar \u00e4r obligatoriska.<\/strong><\/p>\n<p>OBS! Om gruppen skulle v\u00e4lja att bes\u00f6ka omr\u00e5det utan att boka biljett, f\u00e5r de st\u00e5 i k\u00f6 och kanske \u00e4ven dela p\u00e5 sig f\u00f6r att kunna f\u00e5 tilltr\u00e4de till platsen (detta avg\u00f6rs av ledningen av organisatoriska sk\u00e4l).[\/vc_column_text][\/vc_column][\/vc_row][vc_row equal_height=&#8221;yes&#8221;][vc_column]\t\t<!-- Onview Section -->\n\t\t<div class=\"container-fluid no-padding onview-section2\">\n\t\t\t\t\t\t\t<div class=\"col-md-5 onview-left\">\n\t\t\t\t\t<!-- Section Header -->\n\t\t\t\t\t<div class=\"section-header2\">\n\t\t\t\t\t\t<i><img decoding=\"async\" src=\"https:\/\/www.vicuscaprarius.com\/wp-content\/plugins\/history-toolkit\/lib\/images\/section-header2-2.png\" alt=\"Section Header\" \/><\/i>\n\t\t\t\t\t\t<span>F\u00f6r turisten<\/span>\t\t\t\t\t\t<h2>MOTTAGNING<\/h2>\t\t\t\t\t<\/div><!-- Section Header \/- -->\n\t\t\t\t\t\t\t\t\t\t\t\t\t\t<\/div>\n\t\t\t\t\t\t\t<div class=\"col-md-7 onview-right\" style=\"background-image: url(https:\/\/www.vicuscaprarius.com\/wp-content\/uploads\/2017\/03\/bg_ospitalita_shadow3.jpg);\">\n\t\t\t\t\t\t\t\t\t<div class=\"onview-content\">\n\t\t\t\t\t\t<ul>\n\t\t\t\t\t\t\t<li class='col-md-6 col-sm-6 col-xs-6'><a href=\"http:\/\/www.hotelharrysbartrevi.com\/en\/\" target=\u201d_blank\u201d style=\"font-size:20px; font-family: Cinzel; color: #000;\">HARRY'S BAR HOTEL<\/a> <p style=\"font-size:13px; line-heigt:18px; text-align: center;\">Rummen \u00e4r moderna, eleganta och f\u00f6rsedda med alla bekv\u00e4mligheter<\/p><\/li><li class='col-md-6 col-sm-6 col-xs-6'><a href=\"http:\/\/www.hotelharrysbartrevi.com\/en\/restaurant-bar\/\/\" target=\u201d_blank\u201d style=\"font-size:20px; font-family: Cinzel; color: #000;\">HARRY'S BAR RESTAURANT<\/a> <p style=\"font-size:13px; line-heigt:18px; text-align: center;\">Aperitifer och raffinerade r\u00e4tter<\/p><\/li><li class='col-md-6 col-sm-6 col-xs-6'><a href=\"\/sv\/food-court-gourme\" style=\"font-size:20px; font-family: Cinzel; color: #000;\">FOOD COURT GOURME<\/a> <p style=\"font-size:13px; line-heigt:18px; text-align: center;\">Stort utbud av italienska r\u00e4tter<\/p><\/li><li class='col-md-6 col-sm-6 col-xs-6'><a href=\"http:\/\/www.hotelharrysbartrevi.com\/en\/meeting-events\/\" target=\u201d_blank\u201d style=\"font-size:20px; font-family: Cinzel; color: #000;\">SALA TREVI<\/a> <p style=\"font-size:13px; line-heigt:18px; text-align: center;\">Unik och flerfunktionell plats<\/p><\/li>\t\t\t\t\t\t<\/ul>\n\t\t\t\t\t<\/div>\n\t\t\t\t\t\t\t\t<\/div>\n\t\t<\/div><!-- Onview Section \/- -->\n\t\t[\/vc_column][\/vc_row]<\/p>\n<\/div>","protected":false},"excerpt":{"rendered":"<p>[vc_row equal_height=&#8221;yes&#8221; type=&#8221;container&#8221;][vc_column width=&#8221;1\/2&#8243; css=&#8221;.vc_custom_1501078314436{padding-right: 50px !important;padding-left: 50px !important;}&#8221;][vc_empty_space height=&#8221;10px&#8221;][vc_column_text] Alla k\u00e4nner till ber\u00f6mda Fontana di Trevi. Mindre k\u00e4nt \u00e4r det fascinerande arkeologiska omr\u00e5det som str\u00e4cker sig under kvarteret, som det underjordiska arkeologiska omr\u00e5det Vicus Caprarius -vattenstaden \u00e4r ett sl\u00e5ende exempel p\u00e5. N\u00e5gra steg ett en av de mest ber\u00f6mda verken i v\u00e4rlden, p\u00e5 \u00f6ver [&hellip;]<\/p>\n","protected":false},"author":1,"featured_media":0,"parent":0,"menu_order":0,"comment_status":"closed","ping_status":"closed","template":"","meta":{"footnotes":""},"class_list":["post-1182","page","type-page","status-publish","hentry"],"_links":{"self":[{"href":"https:\/\/www.vicuscaprarius.com\/sv\/wp-json\/wp\/v2\/pages\/1182","targetHints":{"allow":["GET"]}}],"collection":[{"href":"https:\/\/www.vicuscaprarius.com\/sv\/wp-json\/wp\/v2\/pages"}],"about":[{"href":"https:\/\/www.vicuscaprarius.com\/sv\/wp-json\/wp\/v2\/types\/page"}],"author":[{"embeddable":true,"href":"https:\/\/www.vicuscaprarius.com\/sv\/wp-json\/wp\/v2\/users\/1"}],"replies":[{"embeddable":true,"href":"https:\/\/www.vicuscaprarius.com\/sv\/wp-json\/wp\/v2\/comments?post=1182"}],"version-history":[{"count":10,"href":"https:\/\/www.vicuscaprarius.com\/sv\/wp-json\/wp\/v2\/pages\/1182\/revisions"}],"predecessor-version":[{"id":8334,"href":"https:\/\/www.vicuscaprarius.com\/sv\/wp-json\/wp\/v2\/pages\/1182\/revisions\/8334"}],"wp:attachment":[{"href":"https:\/\/www.vicuscaprarius.com\/sv\/wp-json\/wp\/v2\/media?parent=1182"}],"curies":[{"name":"wp","href":"https:\/\/api.w.org\/{rel}","templated":true}]}}