{"id":9404,"date":"2026-01-29T15:12:23","date_gmt":"2026-01-29T14:12:23","guid":{"rendered":"https:\/\/www.vicuscaprarius.com\/?page_id=9404"},"modified":"2026-01-29T15:12:24","modified_gmt":"2026-01-29T14:12:24","slug":"billets","status":"publish","type":"page","link":"https:\/\/www.vicuscaprarius.com\/fr\/billets\/","title":{"rendered":"BILLETS"},"content":{"rendered":"\n<ul class=\"wp-block-list\">\n<li>Plein tarif: 4,00 \u20ac<\/li>\n\n\n\n<li>R\u00e9duit: 2,50 \u20ac (Roma Pass, \u00e9tudiants UE 18\u201325, enseignants UE, journalistes, forces de l\u2019ordre)<\/li>\n\n\n\n<li>R\u00e9duit: 1,00 \u20ac (14\u201317 ans)<\/li>\n\n\n\n<li>Gratuit: moins de 14 ans, \u00e9tudiants universitaires en arch\u00e9ologie UE, Rome City Pass<\/li>\n<\/ul>\n\n\n\n<p>Audioguide: 3,50 \u20ac<\/p>\n\n\n\n<p>Le site est souterrain et \u00e0 capacit\u00e9 limit\u00e9e. R\u00e9servation obligatoire les week-ends et jours f\u00e9ri\u00e9s, recommand\u00e9e en semaine.<\/p>\n\n\n\n<p>R\u00e9servations: <strong>t\u00e9l\u00e9phone ou WhatsApp +39 339 7786192<\/strong> (mar\u2013dim, 10h\u201316h)<\/p>\n","protected":false},"excerpt":{"rendered":"<p>Audioguide: 3,50 \u20ac Le site est souterrain et \u00e0 capacit\u00e9 limit\u00e9e. R\u00e9servation obligatoire les week-ends et jours f\u00e9ri\u00e9s, recommand\u00e9e en semaine. R\u00e9servations: t\u00e9l\u00e9phone ou WhatsApp +39 339 7786192 (mar\u2013dim, 10h\u201316h)<\/p>\n","protected":false},"author":2,"featured_media":0,"parent":0,"menu_order":0,"comment_status":"closed","ping_status":"closed","template":"","meta":{"footnotes":""},"class_list":["post-9404","page","type-page","status-publish","hentry"],"_links":{"self":[{"href":"https:\/\/www.vicuscaprarius.com\/fr\/wp-json\/wp\/v2\/pages\/9404","targetHints":{"allow":["GET"]}}],"collection":[{"href":"https:\/\/www.vicuscaprarius.com\/fr\/wp-json\/wp\/v2\/pages"}],"about":[{"href":"https:\/\/www.vicuscaprarius.com\/fr\/wp-json\/wp\/v2\/types\/page"}],"author":[{"embeddable":true,"href":"https:\/\/www.vicuscaprarius.com\/fr\/wp-json\/wp\/v2\/users\/2"}],"replies":[{"embeddable":true,"href":"https:\/\/www.vicuscaprarius.com\/fr\/wp-json\/wp\/v2\/comments?post=9404"}],"version-history":[{"count":1,"href":"https:\/\/www.vicuscaprarius.com\/fr\/wp-json\/wp\/v2\/pages\/9404\/revisions"}],"predecessor-version":[{"id":9405,"href":"https:\/\/www.vicuscaprarius.com\/fr\/wp-json\/wp\/v2\/pages\/9404\/revisions\/9405"}],"wp:attachment":[{"href":"https:\/\/www.vicuscaprarius.com\/fr\/wp-json\/wp\/v2\/media?parent=9404"}],"curies":[{"name":"wp","href":"https:\/\/api.w.org\/{rel}","templated":true}]}}