{"id":9383,"date":"2026-01-29T14:55:49","date_gmt":"2026-01-29T13:55:49","guid":{"rendered":"https:\/\/www.vicuscaprarius.com\/?page_id=9383"},"modified":"2026-01-29T14:55:50","modified_gmt":"2026-01-29T13:55:50","slug":"horaires-douverture","status":"publish","type":"page","link":"https:\/\/www.vicuscaprarius.com\/fr\/horaires-douverture\/","title":{"rendered":"HORAIRES D\u2019OUVERTURE"},"content":{"rendered":"\n<p>Le site arch\u00e9ologique est ouvert <strong>du mardi au dimanche, de 11h \u00e0 17h<\/strong> (dernier acc\u00e8s \u00e0 16h30). <strong>Ferm\u00e9 le lundi.<\/strong><\/p>\n\n\n\n<p>Entr\u00e9es toutes les 30 minutes.<\/p>\n\n\n\n<p>Le site est <strong>souterrain et \u00e0 capacit\u00e9 limit\u00e9e<\/strong>. <strong>R\u00e9servation obligatoire les week-ends et jours f\u00e9ri\u00e9s<\/strong>, et <strong>fortement recommand\u00e9e en semaine<\/strong>.<\/p>\n\n\n\n<p>R\u00e9servations par <strong>t\u00e9l\u00e9phone ou WhatsApp<\/strong> au <strong>+39 339 7786192<\/strong>.<br><em>(Ligne active du mardi au dimanche, 10h\u201316h.)<\/em><\/p>\n","protected":false},"excerpt":{"rendered":"<p>Le site arch\u00e9ologique est ouvert du mardi au dimanche, de 11h \u00e0 17h (dernier acc\u00e8s \u00e0 16h30). Ferm\u00e9 le lundi. Entr\u00e9es toutes les 30 minutes. Le site est souterrain et \u00e0 capacit\u00e9 limit\u00e9e. R\u00e9servation obligatoire les week-ends et jours f\u00e9ri\u00e9s, et fortement recommand\u00e9e en semaine. R\u00e9servations par t\u00e9l\u00e9phone ou WhatsApp au +39 339 7786192.(Ligne active [&hellip;]<\/p>\n","protected":false},"author":2,"featured_media":0,"parent":0,"menu_order":0,"comment_status":"closed","ping_status":"closed","template":"","meta":{"footnotes":""},"class_list":["post-9383","page","type-page","status-publish","hentry"],"_links":{"self":[{"href":"https:\/\/www.vicuscaprarius.com\/fr\/wp-json\/wp\/v2\/pages\/9383","targetHints":{"allow":["GET"]}}],"collection":[{"href":"https:\/\/www.vicuscaprarius.com\/fr\/wp-json\/wp\/v2\/pages"}],"about":[{"href":"https:\/\/www.vicuscaprarius.com\/fr\/wp-json\/wp\/v2\/types\/page"}],"author":[{"embeddable":true,"href":"https:\/\/www.vicuscaprarius.com\/fr\/wp-json\/wp\/v2\/users\/2"}],"replies":[{"embeddable":true,"href":"https:\/\/www.vicuscaprarius.com\/fr\/wp-json\/wp\/v2\/comments?post=9383"}],"version-history":[{"count":1,"href":"https:\/\/www.vicuscaprarius.com\/fr\/wp-json\/wp\/v2\/pages\/9383\/revisions"}],"predecessor-version":[{"id":9384,"href":"https:\/\/www.vicuscaprarius.com\/fr\/wp-json\/wp\/v2\/pages\/9383\/revisions\/9384"}],"wp:attachment":[{"href":"https:\/\/www.vicuscaprarius.com\/fr\/wp-json\/wp\/v2\/media?parent=9383"}],"curies":[{"name":"wp","href":"https:\/\/api.w.org\/{rel}","templated":true}]}}