{"id":8688,"date":"2024-02-14T18:44:38","date_gmt":"2024-02-14T17:44:38","guid":{"rendered":"https:\/\/www.vicuscaprarius.com\/?page_id=8688\/"},"modified":"2024-02-14T18:47:50","modified_gmt":"2024-02-14T17:47:50","slug":"telechargement-2","status":"publish","type":"page","link":"https:\/\/www.vicuscaprarius.com\/fr\/telechargement-2\/","title":{"rendered":"T\u00e9l\u00e9chargement"},"content":{"rendered":"<p>Sur cette page, vous trouverez des mat\u00e9riaux destin\u00e9s au public, disponibles pour consultation et t\u00e9l\u00e9chargement gratuits afin de pr\u00e9parer votre visite ou pour en conserver un souvenir.<\/p>\n<p><strong>DESCRIPTION ET PARCOURS DE VISITE<\/strong><\/p>\n<div class=\"sdm_download_button_box_default\"><div class=\"sdm_download_link\"><a href=\"https:\/\/www.vicuscaprarius.com\/fr\/\/?sdm_process_download=1&download_id=8669\" class=\"sdm_download green\" title=\"PREPARA LA VISITA &#8211; FRA\" target=&quot;_blank&quot;>T\u00e9l\u00e9charger maintenant!<\/a><\/div><\/div>\n<p><strong>DESCRIZIONE E PERCORSO DI VISITA<\/strong><\/p>\n<div class=\"sdm_download_button_box_default\"><div class=\"sdm_download_link\"><a href=\"https:\/\/www.vicuscaprarius.com\/fr\/\/?sdm_process_download=1&download_id=8560\" class=\"sdm_download green\" title=\"PREPARA LA VISITA &#8211; ITA\" target=&quot;_blank&quot;>Scarica ora!<\/a><\/div><\/div>\n<p><strong>DESCRIPTION AND TOUR ROUTE<\/strong><\/p>\n<div class=\"sdm_download_button_box_default\"><div class=\"sdm_download_link\"><a href=\"https:\/\/www.vicuscaprarius.com\/fr\/\/?sdm_process_download=1&download_id=8564\" class=\"sdm_download green\" title=\"PREPARA LA VISITA &#8211; ENG\" target=&quot;_blank&quot;>Download now!<\/a><\/div><\/div>\n<p><strong>DESCRIPCI\u00d3N Y RECORRIDO DE LA VISITA<\/strong><\/p>\n<div class=\"sdm_download_button_box_default\"><div class=\"sdm_download_link\"><a href=\"https:\/\/www.vicuscaprarius.com\/fr\/\/?sdm_process_download=1&download_id=8616\" class=\"sdm_download green\" title=\"PREPARA LA VISITA &#8211; ESP\" target=&quot;_blank&quot;>Descargar ahora!<\/a><\/div><\/div>\n","protected":false},"excerpt":{"rendered":"<p>Sur cette page, vous trouverez des mat\u00e9riaux destin\u00e9s au public, disponibles pour consultation et t\u00e9l\u00e9chargement gratuits afin de pr\u00e9parer votre visite ou pour en conserver un souvenir. DESCRIPTION ET PARCOURS DE VISITE DESCRIZIONE E PERCORSO DI VISITA DESCRIPTION AND TOUR ROUTE DESCRIPCI\u00d3N Y RECORRIDO DE LA VISITA<\/p>\n","protected":false},"author":2,"featured_media":0,"parent":0,"menu_order":0,"comment_status":"closed","ping_status":"closed","template":"","meta":{"footnotes":""},"class_list":["post-8688","page","type-page","status-publish","hentry"],"_links":{"self":[{"href":"https:\/\/www.vicuscaprarius.com\/fr\/wp-json\/wp\/v2\/pages\/8688","targetHints":{"allow":["GET"]}}],"collection":[{"href":"https:\/\/www.vicuscaprarius.com\/fr\/wp-json\/wp\/v2\/pages"}],"about":[{"href":"https:\/\/www.vicuscaprarius.com\/fr\/wp-json\/wp\/v2\/types\/page"}],"author":[{"embeddable":true,"href":"https:\/\/www.vicuscaprarius.com\/fr\/wp-json\/wp\/v2\/users\/2"}],"replies":[{"embeddable":true,"href":"https:\/\/www.vicuscaprarius.com\/fr\/wp-json\/wp\/v2\/comments?post=8688"}],"version-history":[{"count":1,"href":"https:\/\/www.vicuscaprarius.com\/fr\/wp-json\/wp\/v2\/pages\/8688\/revisions"}],"predecessor-version":[{"id":8689,"href":"https:\/\/www.vicuscaprarius.com\/fr\/wp-json\/wp\/v2\/pages\/8688\/revisions\/8689"}],"wp:attachment":[{"href":"https:\/\/www.vicuscaprarius.com\/fr\/wp-json\/wp\/v2\/media?parent=8688"}],"curies":[{"name":"wp","href":"https:\/\/api.w.org\/{rel}","templated":true}]}}