{"id":814,"date":"2018-02-13T18:25:25","date_gmt":"2018-02-13T17:25:25","guid":{"rendered":"https:\/\/www.vicuscaprarius.com\/?page_id=814"},"modified":"2023-07-19T18:12:11","modified_gmt":"2023-07-19T16:12:11","slug":"zone-archeologique","status":"publish","type":"page","link":"https:\/\/www.vicuscaprarius.com\/fr\/zone-archeologique\/","title":{"rendered":"Zone Arch\u00e9ologique"},"content":{"rendered":"<div class=\"wpb-content-wrapper\"><p>[vc_row equal_height=&#8221;yes&#8221; type=&#8221;container&#8221;][vc_column width=&#8221;1\/2&#8243; css=&#8221;.vc_custom_1501078314436{padding-right: 50px !important;padding-left: 50px !important;}&#8221;][vc_empty_space height=&#8221;10px&#8221;][vc_column_text]<\/p>\n<p style=\"text-align: justify;\">Tous le monde conna\u00eet bien la c\u00e9l\u00e8bre Fontaine de Trevi. Moins connu est la fascinante stratification arch\u00e9ologique quis&#8217;\u00e9tend sous le Quartier, dont la zone arch\u00e9ologique souterraine du <strong>Vicus Caprarius &#8211; La cit\u00e9 de l&#8217;eau<\/strong> constitue unexemple suggestif.<\/p>\n<p style=\"text-align: justify;\">\u00c0 peu de pas d&#8217;un des ouvrages les plus connus au monde, \u00e0 plus de neuf m\u00e8tres de profondeur par rapport \u00e0 l&#8217;actuel niveau routier, les enqu\u00eates arch\u00e9ologiques men\u00e9es entre 1999et2001,au cours des travaux de r\u00e9novation del&#8217;ancien Cin\u00e9ma Trevi, par la Surintendance Arch\u00e9ologique de Rome (avec la direction scientifique de Claudio Moccheggiani Carpano) ont r\u00e9v\u00e9l\u00e9 un complexe de constructions d&#8217;\u00e2ge imp\u00e9rial qui repr\u00e9sente un <strong>consid\u00e9rable t\u00e9moignage du tissu urbanistique dela Rome antique<\/strong>.<\/p>\n<p style=\"text-align: justify;\">La disponibilit\u00e9 offerte par le <a href=\"https:\/\/www.cremonini.com\/\" target=\"_blank\" rel=\"noopener noreferrer\">Groupe Cremonini<\/a>, soci\u00e9t\u00e9 propri\u00e9taire de l&#8217;immeuble etma\u00eetre d\u2019ouvrage, a permis une totale r\u00e9cup\u00e9ration et une mise en valeur soign\u00e9e du site arch\u00e9ologique qui s&#8217;\u00e9tend, pour une surface d&#8217;environ 350m2, entre la Rue de Saint Vincent etla ruelle du &#8220;Puttarello&#8221;.<\/p>\n<p>[\/vc_column_text][\/vc_column][vc_column width=&#8221;1\/2&#8243;][vc_single_image image=&#8221;613&#8243; img_size=&#8221;full&#8221; alignment=&#8221;center&#8221;][\/vc_column][\/vc_row][vc_row equal_height=&#8221;yes&#8221; type=&#8221;container&#8221;][vc_column width=&#8221;1\/2&#8243;][vc_single_image image=&#8221;618&#8243; img_size=&#8221;large&#8221; alignment=&#8221;center&#8221; onclick=&#8221;link_image&#8221;][\/vc_column][vc_column width=&#8221;1\/2&#8243; css=&#8221;.vc_custom_1501078263518{padding-right: 50px !important;padding-left: 50px !important;}&#8221;][vc_empty_space height=&#8221;10px&#8221;][vc_column_text]<\/p>\n<div style=\"text-align: justify;\">Le terme <span class=\" h-ldquo\">\u201c<\/span>Cit\u00e9 de l&#8217;eau\u201d, utilis\u00e9 couramment pour d\u00e9finir la <strong>zone arch\u00e9ologique du vicus Caprarius<\/strong>, est d\u00fb \u00e0 l&#8217;\u00e9l\u00e9ment qui, sans doute, caract\u00e9rise davantage la zone et le site.<\/div>\n<div style=\"text-align: justify;\">L&#8217;eau qui jaillit de la Fontaine de Trevi, monumentale exposition baroque de l&#8217;<strong>Aqueduc Vierge<\/strong> <span class=\" h-lparen\">(<\/span>dont les excavations ont permis la d\u00e9couverte d&#8217;un imposant r\u00e9servoir de distribution, le <i>castellum aquae<\/i>) et l&#8217;eau qui, filtrant \u00e0 travers des ma\u00e7onneries antiques de la zone arch\u00e9ologique, continue \u00e0 alimenter des tuyauteries en plomb et les bassins d&#8217;une luxueuse r\u00e9sidence.<\/div>\n<div style=\"text-align: justify;\">Les structures d\u00e9couvertes en ma\u00e7onnerie, en effet, caract\u00e9ris\u00e9es par la courtine en opus <i>latericium<\/i> et conserv\u00e9es sur une \u00e9l\u00e9vation d&#8217;environ huit m\u00e8tres, se r\u00e9f\u00e8rent \u00e0 une insula, un immeuble articul\u00e9 en plusieurs unit\u00e9s ind\u00e9pendantes transform\u00e9, \u00e0 la moiti\u00e9 du IV<sup>e<\/sup> si\u00e8cle, en une domus de tr\u00e8s bon standing.<\/div>\n<p>[\/vc_column_text][\/vc_column][\/vc_row][vc_row equal_height=&#8221;yes&#8221; type=&#8221;container&#8221;][vc_column width=&#8221;1\/2&#8243; css=&#8221;.vc_custom_1501078289267{padding-right: 50px !important;padding-left: 50px !important;}&#8221;][vc_empty_space height=&#8221;10px&#8221;][vc_column_text]<\/p>\n<p style=\"text-align: justify;\">Mais ce ne sont pas seulement les structures imposantes de l\u2019Aqueduc Vierge et des environnements r\u00e9sidentiels \u00e0 rendre unique la visite de la zone arch\u00e9ologique.<\/p>\n<p style=\"text-align: justify;\">Dans les trois sections de l&#8217;<i>antiquarium<\/i> ont \u00e9t\u00e9 collect\u00e9es les pi\u00e8ces arch\u00e9ologiques d\u00e9couvertes lors de la campagne d&#8217;excavation : <strong>les rev\u00eatements pr\u00e9cieux en marbres polychromes, les d\u00e9corations raffin\u00e9es<\/strong> <span class=\" h-lparen\">(<\/span>dont la fameuse t\u00eate d&#8217;<i>Alexandre H\u00e9lios<\/i>), les soi-disant <i>spatheia<\/i>, les amphores africaines pour le transport de l&#8217;huile, un merveilleux <strong><span class=\" h-laquo\">\u00ab<\/span> petit tr\u00e9sor \u00bb compos\u00e9 de plus de 800 pi\u00e8ces<\/strong> t\u00e9moignent des diff\u00e9rentes phases d&#8217;utilisation et de vie des structures d\u00e9couvertes.<\/p>\n<p>[\/vc_column_text][\/vc_column][vc_column width=&#8221;1\/2&#8243;][vc_single_image image=&#8221;412&#8243; img_size=&#8221;large&#8221; alignment=&#8221;center&#8221;][\/vc_column][\/vc_row][vc_row equal_height=&#8221;yes&#8221; type=&#8221;container&#8221;][vc_column width=&#8221;1\/2&#8243;][vc_custom_heading text=&#8221;TARIFS&#8221; font_container=&#8221;tag:h2|font_size:24|text_align:center&#8221; use_theme_fonts=&#8221;yes&#8221;][vc_separator color=&#8221;custom&#8221; align=&#8221;align_left&#8221; border_width=&#8221;2&#8243; accent_color=&#8221;#e2b13c&#8221;][vc_column_text]<\/p>\n<div>ENTIER : 4,00 \u20ac<\/div>\n<div>R\u00c9DUIT : 2,50 \u20ac <span class=\" h-lparen\">(<\/span>possesseurs de la carte <span class=\" h-quot\">&#8220;<\/span>Roma Pass&#8221;, \u00e9tudiants 18\/25 ans U.E., enseignants U.E.).<\/div>\n<div>R\u00c9DUCTION EXTRA : 1,00 \u20ac <span class=\" h-lparen\">(<\/span>enfants et jeunes de 14\/18 ans)<\/div>\n<div>GRATUIT : jeunes \u00e2g\u00e9s de moins de 14 ans, \u00e9tudiants universitaires d&#8217;arch\u00e9ologie U.E.,\u00a0<a href=\"https:\/\/www.turbopass.com\/rome-city-pass\" target=\"_blank\" rel=\"noopener noreferrer\">Rome City Pass<\/a><\/div>\n<div><\/div>\n<p>[\/vc_column_text][\/vc_column][vc_column width=&#8221;1\/2&#8243;][vc_custom_heading text=&#8221; R\u00c9SERVATION&#8221; font_container=&#8221;tag:h2|font_size:24|text_align:center&#8221; use_theme_fonts=&#8221;yes&#8221;][vc_separator color=&#8221;custom&#8221; align=&#8221;align_left&#8221; border_width=&#8221;2&#8243; accent_color=&#8221;#e2b13c&#8221;][vc_column_text]<strong>La r\u00e9servation est\u00a0toujours recommand\u00e9e. Il est obligatoire le Samedi et le Dimanche et jours f\u00e9ri\u00e9s.<\/strong><\/p>\n<p>Il n&#8217;y a pas de frais suppl\u00e9mentaires et se fait par t\u00e9l\u00e9phone au +39 339 7786192 (\u00e9galement WhatsApp).<\/p>\n<p>La ligne t\u00e9l\u00e9phonique est ouverte du mardi au dimanche de 10h \u00e0 16h.[\/vc_column_text][\/vc_column][\/vc_row][vc_row equal_height=&#8221;yes&#8221;][vc_column]\t\t<!-- Onview Section -->\n\t\t<div class=\"container-fluid no-padding onview-section2\">\n\t\t\t\t\t\t\t<div class=\"col-md-5 onview-left\">\n\t\t\t\t\t<!-- Section Header -->\n\t\t\t\t\t<div class=\"section-header2\">\n\t\t\t\t\t\t<i><img decoding=\"async\" src=\"https:\/\/www.vicuscaprarius.com\/wp-content\/plugins\/history-toolkit\/lib\/images\/section-header2-2.png\" alt=\"Section Header\" \/><\/i>\n\t\t\t\t\t\t<span>Pour le touriste<\/span>\t\t\t\t\t\t<h2>HOSPITALIT\u00c9<\/h2>\t\t\t\t\t<\/div><!-- Section Header \/- -->\n\t\t\t\t\t\t\t\t\t\t\t\t\t\t<\/div>\n\t\t\t\t\t\t\t<div class=\"col-md-7 onview-right\" style=\"background-image: url(https:\/\/www.vicuscaprarius.com\/wp-content\/uploads\/2017\/03\/bg_ospitalita_shadow3.jpg);\">\n\t\t\t\t\t\t\t\t\t<div class=\"onview-content\">\n\t\t\t\t\t\t<ul>\n\t\t\t\t\t\t\t<li class='col-md-6 col-sm-6 col-xs-6'><a href=\"http:\/\/www.hotelharrysbartrevi.com\/en\/\" target=\u201d_blank\u201d style=\"font-size:20px; font-family: Cinzel; color: #000;\">HARRY'S BAR HOTEL<\/a> <p style=\"font-size:13px; line-heigt:18px; text-align: center;\">Des chambres modernes, \u00e9l\u00e9gantes et \u00e9quip\u00e9es de tous les conforts<\/p><\/li><li class='col-md-6 col-sm-6 col-xs-6'><a href=\"http:\/\/www.hotelharrysbartrevi.com\/en\/restaurant-bar\/\" target=\u201d_blank\u201d style=\"font-size:20px; font-family: Cinzel; color: #000;\">HARRY'S BAR RESTAURANT<\/a> <p style=\"font-size:13px; line-heigt:18px; text-align: center;\">Ap\u00e9ritifs et cuisine raffin\u00e9e<\/p><\/li><li class='col-md-6 col-sm-6 col-xs-6'><a href=\"\/fr\/food-court-gourme\" style=\"font-size:20px; font-family: Cinzel; color: #000;\">FOOD COURT GOURME<\/a> <p style=\"font-size:13px; line-heigt:18px; text-align: center;\">Grand choix de Food Made in Italy<\/p><\/li><li class='col-md-6 col-sm-6 col-xs-6'><a href=\"http:\/\/www.hotelharrysbartrevi.com\/en\/meeting-events\/\" target=\u201d_blank\u201d style=\"font-size:20px; font-family: Cinzel; color: #000;\">SALLE TREVI<\/a> <p style=\"font-size:13px; line-heigt:18px; text-align: center;\">Lieu unique et polyvalent<\/p><\/li>\t\t\t\t\t\t<\/ul>\n\t\t\t\t\t<\/div>\n\t\t\t\t\t\t\t\t<\/div>\n\t\t<\/div><!-- Onview Section \/- -->\n\t\t[\/vc_column][\/vc_row]<\/p>\n<\/div>","protected":false},"excerpt":{"rendered":"<p>[vc_row equal_height=&#8221;yes&#8221; type=&#8221;container&#8221;][vc_column width=&#8221;1\/2&#8243; css=&#8221;.vc_custom_1501078314436{padding-right: 50px !important;padding-left: 50px !important;}&#8221;][vc_empty_space height=&#8221;10px&#8221;][vc_column_text] Tous le monde conna\u00eet bien la c\u00e9l\u00e8bre Fontaine de Trevi. Moins connu est la fascinante stratification arch\u00e9ologique quis&#8217;\u00e9tend sous le Quartier, dont la zone arch\u00e9ologique souterraine du Vicus Caprarius &#8211; La cit\u00e9 de l&#8217;eau constitue unexemple suggestif. \u00c0 peu de pas d&#8217;un des ouvrages les [&hellip;]<\/p>\n","protected":false},"author":1,"featured_media":0,"parent":0,"menu_order":0,"comment_status":"closed","ping_status":"closed","template":"","meta":{"footnotes":""},"class_list":["post-814","page","type-page","status-publish","hentry"],"_links":{"self":[{"href":"https:\/\/www.vicuscaprarius.com\/fr\/wp-json\/wp\/v2\/pages\/814","targetHints":{"allow":["GET"]}}],"collection":[{"href":"https:\/\/www.vicuscaprarius.com\/fr\/wp-json\/wp\/v2\/pages"}],"about":[{"href":"https:\/\/www.vicuscaprarius.com\/fr\/wp-json\/wp\/v2\/types\/page"}],"author":[{"embeddable":true,"href":"https:\/\/www.vicuscaprarius.com\/fr\/wp-json\/wp\/v2\/users\/1"}],"replies":[{"embeddable":true,"href":"https:\/\/www.vicuscaprarius.com\/fr\/wp-json\/wp\/v2\/comments?post=814"}],"version-history":[{"count":15,"href":"https:\/\/www.vicuscaprarius.com\/fr\/wp-json\/wp\/v2\/pages\/814\/revisions"}],"predecessor-version":[{"id":8396,"href":"https:\/\/www.vicuscaprarius.com\/fr\/wp-json\/wp\/v2\/pages\/814\/revisions\/8396"}],"wp:attachment":[{"href":"https:\/\/www.vicuscaprarius.com\/fr\/wp-json\/wp\/v2\/media?parent=814"}],"curies":[{"name":"wp","href":"https:\/\/api.w.org\/{rel}","templated":true}]}}