{"id":1130,"date":"2018-02-15T12:28:43","date_gmt":"2018-02-15T11:28:43","guid":{"rendered":"https:\/\/www.vicuscaprarius.com\/?page_id=1130"},"modified":"2018-02-15T12:28:43","modified_gmt":"2018-02-15T11:28:43","slug":"individuels","status":"publish","type":"page","link":"https:\/\/www.vicuscaprarius.com\/fr\/visites\/individuels\/","title":{"rendered":"Individuels"},"content":{"rendered":"<div class=\"wpb-content-wrapper\"><p>[vc_row][vc_column][vc_column_text]<\/p>\n<div>Pour les groupes organis\u00e9s <span class=\" h-lparen\">(<\/span>associations, Les Cral <span class=\" h-lparen\">(<\/span>Clubs R\u00e9cr\u00e9atifs d&#8217;Entreprise pour Salari\u00e9s), tours-op\u00e9rateurs, tourisme paroissiaux, etc.) il est possible d&#8217;accorder des <b>ouvertures extraordinaires avec visite guid\u00e9e effectu\u00e9e par nos arch\u00e9ologues m\u00eame \u00e0 des jours et horaires diff\u00e9rents par rapport \u00e0 ceux d&#8217;ouverture.<\/b><\/div>\n<div><\/div>\n<div>Sur la base des int\u00e9r\u00eats et des exigences des visiteurs, nous proposons trois diff\u00e9rentes typologies de visite et d&#8217;approfondissements, r\u00e9alis\u00e9es par nos arch\u00e9ologues, historiens de l&#8217;art et des visites guid\u00e9es autoris\u00e9es.<\/div>\n<p>[\/vc_column_text][\/vc_column][\/vc_row][vc_row equal_height=&#8221;yes&#8221;][vc_column width=&#8221;1\/2&#8243;]\t\t\t\r\n\t\t<!-- Call To Action -->\r\n\t\t<div class=\"container-fluid cta-section\">\r\n\t\t\t<!-- Container -->\r\n\t\t\t<div class=\"container\">\r\n\t\t\t\t<h3><img loading=\"lazy\" decoding=\"async\" width=\"1000\" height=\"563\" src=\"https:\/\/www.vicuscaprarius.com\/wp-content\/uploads\/2017\/04\/img_5058.jpeg\" class=\"attachment-full size-full\" alt=\"\" srcset=\"https:\/\/www.vicuscaprarius.com\/wp-content\/uploads\/2017\/04\/img_5058.jpeg 1000w, https:\/\/www.vicuscaprarius.com\/wp-content\/uploads\/2017\/04\/img_5058-300x169.jpeg 300w, https:\/\/www.vicuscaprarius.com\/wp-content\/uploads\/2017\/04\/img_5058-768x432.jpeg 768w\" sizes=\"auto, (max-width: 1000px) 100vw, 1000px\" \/><span>VISITE GUID\u00c9E EN EXCLUSIVIT\u00c9 DANS LA ZONE ARCH\u00c9OLOGIQUE<\/span><\/h3>\r\n\t\t\t\t\t\t\t<\/div>\r\n\t\t\t<!-- Container \/- -->\r\n\t\t<\/div><!-- Call To Action \/- -->\r\n\t\t[vc_empty_space][vc_column_text]En vivant une exp\u00e9rience exclusive vous pourrez admirer les excavations souterraines avec un service de visite d\u00e9di\u00e9 uniquement \u00e0 votre groupe.<\/p>\n<p><strong>Co\u00fbt<\/strong> 6,00\u20ac par personne (y compris de billet d&#8217;entr\u00e9e).[\/vc_column_text][\/vc_column][vc_column width=&#8221;1\/2&#8243;]\t\t\t\r\n\t\t<!-- Call To Action -->\r\n\t\t<div class=\"container-fluid cta-section\">\r\n\t\t\t<!-- Container -->\r\n\t\t\t<div class=\"container\">\r\n\t\t\t\t<h3><img loading=\"lazy\" decoding=\"async\" width=\"1000\" height=\"563\" src=\"https:\/\/www.vicuscaprarius.com\/wp-content\/uploads\/2017\/04\/img_5058.jpeg\" class=\"attachment-full size-full\" alt=\"\" srcset=\"https:\/\/www.vicuscaprarius.com\/wp-content\/uploads\/2017\/04\/img_5058.jpeg 1000w, https:\/\/www.vicuscaprarius.com\/wp-content\/uploads\/2017\/04\/img_5058-300x169.jpeg 300w, https:\/\/www.vicuscaprarius.com\/wp-content\/uploads\/2017\/04\/img_5058-768x432.jpeg 768w\" sizes=\"auto, (max-width: 1000px) 100vw, 1000px\" \/><span>AQUA VIRGO, DE LA FONTAINE DE TREVI \u00c0\u2026CINECITTA\u2019<\/span><\/h3>\r\n\t\t\t\t\t\t\t<\/div>\r\n\t\t\t<!-- Container \/- -->\r\n\t\t<\/div><!-- Call To Action \/- -->\r\n\t\t[vc_empty_space][vc_column_text]La visite de la zone arch\u00e9ologique et de la Fontaine de Trevi se conclue avec un curieux et charmant approfondissement <i>historique-cin\u00e9matographique<\/i>, en assistant <span class=\" h-lparen\">(<\/span>dans l&#8217;\u00e9l\u00e9gante salle de Trevi, qui donne sur les excavations) \u00e0 la projection des sc\u00e8nes les plus c\u00e9l\u00e8bres des chefs-d&#8217;\u0153uvre de la cin\u00e9matographie italienne et internationale <span class=\" h-lparen\">(<\/span>la <span class=\" h-quot\"><i>&#8220;<\/i><\/span><i>Dolce Vita&#8221;, Vacances romaines, Tot\u00f2truffa<\/i><i> <\/i><span class=\" h-apos\"><i>&#8216;<\/i><\/span><i>62, Nous nous sommes tant aim\u00e9s<\/i>, etc.) dont le tournage a \u00e9t\u00e9 effectu\u00e9 justement devant la majestueuse sc\u00e9nographie de la m\u00eame Fontaine.<\/p>\n<p><strong>Co\u00fbt<\/strong> : 8,00 \u20ac par personne <span class=\" h-lparen\">(<\/span>y compris de billet d&#8217;entr\u00e9e).[\/vc_column_text][\/vc_column][\/vc_row][vc_row full_width=&#8221;stretch_row&#8221; css=&#8221;.vc_custom_1491475666161{margin-top: 0px !important;padding-top: 0px !important;background-image: url(https:\/\/www.vicuscaprarius.com\/wp-content\/uploads\/2017\/03\/cta_bg.png?id=373) !important;background-position: center !important;background-repeat: no-repeat !important;background-size: cover !important;}&#8221;][vc_column width=&#8221;1\/6&#8243;][\/vc_column][vc_column width=&#8221;2\/3&#8243;][vc_empty_space][vc_custom_heading text=&#8221;Familles, \u00e9coles, groupes ou visiteurs individuels: \u00e0 chacun son propre chemin pour d\u00e9couvrir les tr\u00e9sors cach\u00e9s de la Cit\u00e9 de l&#8217;Eau, la zone arch\u00e9ologique souterraine \u00e0 la Fontaine de Trevi.&#8221; font_container=&#8221;tag:p|font_size:18|text_align:center|color:%23ffffff&#8221; use_theme_fonts=&#8221;yes&#8221;][vc_empty_space height=&#8221;18px&#8221;][vc_row_inner][vc_column_inner width=&#8221;1\/2&#8243;][vc_btn title=&#8221;Appeler le num\u00e9ro +39 339 7786192&#8243; style=&#8221;flat&#8221; shape=&#8221;square&#8221; color=&#8221;white&#8221; align=&#8221;center&#8221; i_icon_fontawesome=&#8221;fa fa-phone&#8221; button_block=&#8221;true&#8221; add_icon=&#8221;true&#8221; link=&#8221;url:tel%3A%2B393397786192|||&#8221;][\/vc_column_inner][vc_column_inner width=&#8221;1\/2&#8243;][vc_btn title=&#8221;\u00c9crire \u00e0 info@vicuscaprarius.com&#8221; style=&#8221;outline&#8221; shape=&#8221;square&#8221; color=&#8221;white&#8221; align=&#8221;center&#8221; i_icon_fontawesome=&#8221;fa fa-envelope&#8221; button_block=&#8221;true&#8221; add_icon=&#8221;true&#8221; link=&#8221;url:mailto%3Ainfo%40vicuscaprarius.com|||&#8221;][\/vc_column_inner][\/vc_row_inner][vc_empty_space height=&#8221;18px&#8221;][\/vc_column][vc_column width=&#8221;1\/6&#8243;][\/vc_column][\/vc_row]<\/p>\n<\/div>","protected":false},"excerpt":{"rendered":"<p>[vc_row][vc_column][vc_column_text] Pour les groupes organis\u00e9s (associations, Les Cral (Clubs R\u00e9cr\u00e9atifs d&#8217;Entreprise pour Salari\u00e9s), tours-op\u00e9rateurs, tourisme paroissiaux, etc.) il est possible d&#8217;accorder des ouvertures extraordinaires avec visite guid\u00e9e effectu\u00e9e par nos arch\u00e9ologues m\u00eame \u00e0 des jours et horaires diff\u00e9rents par rapport \u00e0 ceux d&#8217;ouverture. Sur la base des int\u00e9r\u00eats et des exigences des visiteurs, nous proposons [&hellip;]<\/p>\n","protected":false},"author":1,"featured_media":0,"parent":1112,"menu_order":0,"comment_status":"closed","ping_status":"closed","template":"","meta":{"footnotes":""},"class_list":["post-1130","page","type-page","status-publish","hentry"],"_links":{"self":[{"href":"https:\/\/www.vicuscaprarius.com\/fr\/wp-json\/wp\/v2\/pages\/1130","targetHints":{"allow":["GET"]}}],"collection":[{"href":"https:\/\/www.vicuscaprarius.com\/fr\/wp-json\/wp\/v2\/pages"}],"about":[{"href":"https:\/\/www.vicuscaprarius.com\/fr\/wp-json\/wp\/v2\/types\/page"}],"author":[{"embeddable":true,"href":"https:\/\/www.vicuscaprarius.com\/fr\/wp-json\/wp\/v2\/users\/1"}],"replies":[{"embeddable":true,"href":"https:\/\/www.vicuscaprarius.com\/fr\/wp-json\/wp\/v2\/comments?post=1130"}],"version-history":[{"count":1,"href":"https:\/\/www.vicuscaprarius.com\/fr\/wp-json\/wp\/v2\/pages\/1130\/revisions"}],"predecessor-version":[{"id":1131,"href":"https:\/\/www.vicuscaprarius.com\/fr\/wp-json\/wp\/v2\/pages\/1130\/revisions\/1131"}],"up":[{"embeddable":true,"href":"https:\/\/www.vicuscaprarius.com\/fr\/wp-json\/wp\/v2\/pages\/1112"}],"wp:attachment":[{"href":"https:\/\/www.vicuscaprarius.com\/fr\/wp-json\/wp\/v2\/media?parent=1130"}],"curies":[{"name":"wp","href":"https:\/\/api.w.org\/{rel}","templated":true}]}}