{"id":1124,"date":"2018-02-15T12:24:44","date_gmt":"2018-02-15T11:24:44","guid":{"rendered":"https:\/\/www.vicuscaprarius.com\/?page_id=1124"},"modified":"2026-01-29T14:28:18","modified_gmt":"2026-01-29T13:28:18","slug":"ecoles","status":"publish","type":"page","link":"https:\/\/www.vicuscaprarius.com\/fr\/visites\/ecoles\/","title":{"rendered":"VISITES GUID\u00c9ES"},"content":{"rendered":"<div class=\"wpb-content-wrapper\"><p>[vc_row][vc_column][vc_column_text css=&#8221;&#8221;]<b>Visites guid\u00e9es <\/b>disponibles en <b>italien, anglais et espagnol<\/b>, dur\u00e9e environ 40 minutes.<\/p>\n<p><strong>Billets<\/strong>:<\/p>\n<ul>\n<li>Adultes: 8,00 \u20ac<\/li>\n<li>R\u00e9duit: 6,50 \u20ac<\/li>\n<li>14\u201317 ans: 5,00 \u20ac<\/li>\n<li>Moins de 14 ans: 4,00 \u20ac<\/li>\n<\/ul>\n<p><b>R\u00e9servation obligatoire<\/b>.<\/p>\n<p>R\u00e9servations: <b>t\u00e9l\u00e9phone ou WhatsApp +39 339 7786192<\/b> (mar\u2013dim, 10h\u201316h)[\/vc_column_text][\/vc_column][\/vc_row][vc_row full_width=&#8221;stretch_row&#8221; css=&#8221;.vc_custom_1491475666161{margin-top: 0px !important;padding-top: 0px !important;background-image: url(https:\/\/www.vicuscaprarius.com\/wp-content\/uploads\/2017\/03\/cta_bg.png?id=373) !important;background-position: center !important;background-repeat: no-repeat !important;background-size: cover !important;}&#8221;][vc_column width=&#8221;1\/6&#8243;][\/vc_column][vc_column width=&#8221;2\/3&#8243;][vc_empty_space][vc_custom_heading text=&#8221;Familles, \u00e9coles, groupes ou visiteurs individuels: \u00e0 chacun son propre chemin pour d\u00e9couvrir les tr\u00e9sors cach\u00e9s de la Cit\u00e9 de l&#8217;Eau, la zone arch\u00e9ologique souterraine \u00e0 la Fontaine de Trevi.&#8221; font_container=&#8221;tag:p|font_size:18|text_align:center|color:%23ffffff&#8221; use_theme_fonts=&#8221;yes&#8221;][vc_empty_space height=&#8221;18px&#8221;][vc_row_inner][vc_column_inner width=&#8221;1\/2&#8243;][vc_btn title=&#8221;Appeler le num\u00e9ro +39 339 7786192&#8243; style=&#8221;flat&#8221; shape=&#8221;square&#8221; color=&#8221;white&#8221; align=&#8221;center&#8221; i_icon_fontawesome=&#8221;fa fa-phone&#8221; button_block=&#8221;true&#8221; add_icon=&#8221;true&#8221; link=&#8221;url:tel%3A%2B393397786192|||&#8221;][\/vc_column_inner][vc_column_inner width=&#8221;1\/2&#8243;][vc_btn title=&#8221;Contactez-nous pour recevoir plus d&#8217;informations&#8221; style=&#8221;outline&#8221; shape=&#8221;square&#8221; color=&#8221;white&#8221; align=&#8221;center&#8221; i_icon_fontawesome=&#8221;fa fa-envelope&#8221; button_block=&#8221;true&#8221; add_icon=&#8221;true&#8221; link=&#8221;url:https%3A%2F%2Fwww.vicuscaprarius.com%2Ffr%2Fcontacts%2F|||&#8221;][\/vc_column_inner][\/vc_row_inner][vc_empty_space height=&#8221;18px&#8221;][\/vc_column][vc_column width=&#8221;1\/6&#8243;][\/vc_column][\/vc_row]<\/p>\n<\/div>","protected":false},"excerpt":{"rendered":"<p>[vc_row][vc_column][vc_column_text css=&#8221;&#8221;]Visites guid\u00e9es disponibles en italien, anglais et espagnol, dur\u00e9e environ 40 minutes. Billets: Adultes: 8,00 \u20ac R\u00e9duit: 6,50 \u20ac 14\u201317 ans: 5,00 \u20ac Moins de 14 ans: 4,00 \u20ac R\u00e9servation obligatoire. R\u00e9servations: t\u00e9l\u00e9phone ou WhatsApp +39 339 7786192 (mar\u2013dim, 10h\u201316h)[\/vc_column_text][\/vc_column][\/vc_row][vc_row full_width=&#8221;stretch_row&#8221; css=&#8221;.vc_custom_1491475666161{margin-top: 0px !important;padding-top: 0px !important;background-image: url(https:\/\/www.vicuscaprarius.com\/wp-content\/uploads\/2017\/03\/cta_bg.png?id=373) !important;background-position: center !important;background-repeat: no-repeat !important;background-size: cover !important;}&#8221;][vc_column [&hellip;]<\/p>\n","protected":false},"author":1,"featured_media":0,"parent":1112,"menu_order":0,"comment_status":"closed","ping_status":"closed","template":"","meta":{"footnotes":""},"class_list":["post-1124","page","type-page","status-publish","hentry"],"_links":{"self":[{"href":"https:\/\/www.vicuscaprarius.com\/fr\/wp-json\/wp\/v2\/pages\/1124","targetHints":{"allow":["GET"]}}],"collection":[{"href":"https:\/\/www.vicuscaprarius.com\/fr\/wp-json\/wp\/v2\/pages"}],"about":[{"href":"https:\/\/www.vicuscaprarius.com\/fr\/wp-json\/wp\/v2\/types\/page"}],"author":[{"embeddable":true,"href":"https:\/\/www.vicuscaprarius.com\/fr\/wp-json\/wp\/v2\/users\/1"}],"replies":[{"embeddable":true,"href":"https:\/\/www.vicuscaprarius.com\/fr\/wp-json\/wp\/v2\/comments?post=1124"}],"version-history":[{"count":6,"href":"https:\/\/www.vicuscaprarius.com\/fr\/wp-json\/wp\/v2\/pages\/1124\/revisions"}],"predecessor-version":[{"id":9372,"href":"https:\/\/www.vicuscaprarius.com\/fr\/wp-json\/wp\/v2\/pages\/1124\/revisions\/9372"}],"up":[{"embeddable":true,"href":"https:\/\/www.vicuscaprarius.com\/fr\/wp-json\/wp\/v2\/pages\/1112"}],"wp:attachment":[{"href":"https:\/\/www.vicuscaprarius.com\/fr\/wp-json\/wp\/v2\/media?parent=1124"}],"curies":[{"name":"wp","href":"https:\/\/api.w.org\/{rel}","templated":true}]}}