{"id":1112,"date":"2018-02-15T12:10:36","date_gmt":"2018-02-15T11:10:36","guid":{"rendered":"https:\/\/www.vicuscaprarius.com\/?page_id=1112"},"modified":"2024-02-15T14:57:31","modified_gmt":"2024-02-15T13:57:31","slug":"visites","status":"publish","type":"page","link":"https:\/\/www.vicuscaprarius.com\/fr\/visites\/","title":{"rendered":"Visites"},"content":{"rendered":"<div class=\"wpb-content-wrapper\"><p>[vc_row css=&#8221;.vc_custom_1491466698933{margin-top: 0px !important;margin-bottom: 0px !important;padding-top: 0px !important;padding-bottom: 0px !important;}&#8221;][vc_column]\t\t<!-- Onview Section -->\n\t\t<div class=\"container-fluid onview-section\">\n\t\t\t<!-- Container -->\n\t\t\t<div class=\"container\">\n\t\t\t\t<div class=\"col-md-5 col-sm-5 col-xs-12 img-block\">\n\t\t\t\t\t<img loading=\"lazy\" decoding=\"async\" width=\"800\" height=\"600\" src=\"https:\/\/www.vicuscaprarius.com\/wp-content\/uploads\/2017\/04\/Visita-Vicus-2.jpg\" class=\"attachment-full size-full\" alt=\"\" srcset=\"https:\/\/www.vicuscaprarius.com\/wp-content\/uploads\/2017\/04\/Visita-Vicus-2.jpg 800w, https:\/\/www.vicuscaprarius.com\/wp-content\/uploads\/2017\/04\/Visita-Vicus-2-300x225.jpg 300w, https:\/\/www.vicuscaprarius.com\/wp-content\/uploads\/2017\/04\/Visita-Vicus-2-768x576.jpg 768w\" sizes=\"auto, (max-width: 800px) 100vw, 800px\" \/>\t\t\t\t<\/div>\n\t\t\t\t<div class=\"col-md-7 col-sm-7 col-xs-12 onview-content\">\n\t\t\t\t\t\t\t\t\t\t\t\t<!-- Section Header -->\n\t\t\t\t\t\t\t<div class=\"section-header\">\n\t\t\t\t\t\t\t\t<div class=\"section-title-border\">\n\t\t\t\t\t\t\t\t\t<span>Visites <\/span>\t\t\t\t\t\t\t\t\t<h2>Individuels<\/h2>\t\t\t\t\t\t\t\t<\/div>\n\t\t\t\t\t\t\t<\/div><!-- Section Header \/- -->\n\t\t\t\t\t\t\t\t\t\t\t\t<p>Visites guid\u00e9es sur r\u00e9servation : 8,00 \u20ac.<br \/>\nPour demander une visite guid\u00e9e contactez-nous au num\u00e9ro +39 3397786192. La ligne t\u00e9l\u00e9phonique est ouverte du mardi au dimanche de 10h \u00e0 16h.<\/p>\n<p>Disponibles en italien, anglais<\/p>\n\t\t\t\t\t<ul>\n\t\t\t\t\t\t\t\t\t\t\t<\/ul>\n\t\t\t\t<\/div>\n\t\t\t<\/div><!-- Container \/- -->\n\t\t<\/div><!-- Onview Section \/- -->\n\t\t[\/vc_column][\/vc_row][vc_row css=&#8221;.vc_custom_1491466698933{margin-top: 0px !important;margin-bottom: 0px !important;padding-top: 0px !important;padding-bottom: 0px !important;}&#8221;][vc_column]\t\t<!-- Onview Section -->\n\t\t<div class=\"container-fluid onview-section\">\n\t\t\t<!-- Container -->\n\t\t\t<div class=\"container\">\n\t\t\t\t<div class=\"col-md-5 col-sm-5 col-xs-12 img-block\">\n\t\t\t\t\t<img loading=\"lazy\" decoding=\"async\" width=\"800\" height=\"600\" src=\"https:\/\/www.vicuscaprarius.com\/wp-content\/uploads\/2017\/04\/Visita-Vicus-1.jpg\" class=\"attachment-full size-full\" alt=\"\" srcset=\"https:\/\/www.vicuscaprarius.com\/wp-content\/uploads\/2017\/04\/Visita-Vicus-1.jpg 800w, https:\/\/www.vicuscaprarius.com\/wp-content\/uploads\/2017\/04\/Visita-Vicus-1-300x225.jpg 300w, https:\/\/www.vicuscaprarius.com\/wp-content\/uploads\/2017\/04\/Visita-Vicus-1-768x576.jpg 768w\" sizes=\"auto, (max-width: 800px) 100vw, 800px\" \/>\t\t\t\t<\/div>\n\t\t\t\t<div class=\"col-md-7 col-sm-7 col-xs-12 onview-content\">\n\t\t\t\t\t\t\t\t\t\t\t\t<!-- Section Header -->\n\t\t\t\t\t\t\t<div class=\"section-header\">\n\t\t\t\t\t\t\t\t<div class=\"section-title-border\">\n\t\t\t\t\t\t\t\t\t<span>Visites <\/span>\t\t\t\t\t\t\t\t\t<h2>groupes<\/h2>\t\t\t\t\t\t\t\t<\/div>\n\t\t\t\t\t\t\t<\/div><!-- Section Header \/- -->\n\t\t\t\t\t\t\t\t\t\t\t\t<p>Pour les groupes organis\u00e9s (associations, Les Cral (Clubs R\u00e9cr\u00e9atifs d'Entreprise pour Salari\u00e9s), tours-op\u00e9rateurs, tourisme paroissiaux, etc.) il est possible d'accorder des ouvertures extraordinaires avec visite guid\u00e9e effectu\u00e9e par nos arch\u00e9ologues m\u00eame \u00e0 des jours et horaires diff\u00e9rents par rapport \u00e0 ceux d'ouverture.<br \/>\nSur la base des int\u00e9r\u00eats et des exigences des visiteurs, nous proposons trois diff\u00e9rentes typologies de visite et d'approfondissements, r\u00e9alis\u00e9es par nos arch\u00e9ologues, historiens de l'art et des visites guid\u00e9es autoris\u00e9es.<\/p>\n\t\t\t\t\t<ul>\n\t\t\t\t\t\t<li class='col-md-4 col-sm-6 col-xs-6'><a href=\"\/fr\/visites\/groupes\/\">Lisez tout<\/a><\/li>\t\t\t\t\t<\/ul>\n\t\t\t\t<\/div>\n\t\t\t<\/div><!-- Container \/- -->\n\t\t<\/div><!-- Onview Section \/- -->\n\t\t[\/vc_column][\/vc_row][vc_row css=&#8221;.vc_custom_1491466698933{margin-top: 0px !important;margin-bottom: 0px !important;padding-top: 0px !important;padding-bottom: 0px !important;}&#8221;][vc_column]\t\t<!-- Onview Section -->\n\t\t<div class=\"container-fluid onview-section\">\n\t\t\t<!-- Container -->\n\t\t\t<div class=\"container\">\n\t\t\t\t<div class=\"col-md-5 col-sm-5 col-xs-12 img-block\">\n\t\t\t\t\t<img loading=\"lazy\" decoding=\"async\" width=\"800\" height=\"600\" src=\"https:\/\/www.vicuscaprarius.com\/wp-content\/uploads\/2017\/04\/Visita-Vicus-scuole.jpg\" class=\"attachment-full size-full\" alt=\"\" srcset=\"https:\/\/www.vicuscaprarius.com\/wp-content\/uploads\/2017\/04\/Visita-Vicus-scuole.jpg 800w, https:\/\/www.vicuscaprarius.com\/wp-content\/uploads\/2017\/04\/Visita-Vicus-scuole-300x225.jpg 300w, https:\/\/www.vicuscaprarius.com\/wp-content\/uploads\/2017\/04\/Visita-Vicus-scuole-768x576.jpg 768w\" sizes=\"auto, (max-width: 800px) 100vw, 800px\" \/>\t\t\t\t<\/div>\n\t\t\t\t<div class=\"col-md-7 col-sm-7 col-xs-12 onview-content\">\n\t\t\t\t\t\t\t\t\t\t\t\t<!-- Section Header -->\n\t\t\t\t\t\t\t<div class=\"section-header\">\n\t\t\t\t\t\t\t\t<div class=\"section-title-border\">\n\t\t\t\t\t\t\t\t\t<span>Chemins \u00e9ducatifs<\/span>\t\t\t\t\t\t\t\t\t<h2>\u00c9coles<\/h2>\t\t\t\t\t\t\t\t<\/div>\n\t\t\t\t\t\t\t<\/div><!-- Section Header \/- -->\n\t\t\t\t\t\t\t\t\t\t\t\t<p>Tous le monde conna\u00eet bien la c\u00e9l\u00e8bre Fontaine de Trevi. Moins connu est le parcours souterrain qui s'\u00e9tend sous le Quartier Trevi, dont fait partie la zone arch\u00e9ologique souterraine du Vicus Caprarius - La cit\u00e9 de l'eau. En partant de la visite de ce suggestif cadre souterrain, nous proposons 4 diverses fa\u00e7ons pour d\u00e9couvrir ce qui se cache sous nos pieds. Guid\u00e9s par nos arch\u00e9ologues, les \u00e9tudiants pourront toucher du doigt la stratification mill\u00e9naire de Rome et observer les t\u00e9moignages des grands \u00e9v\u00e9nements qui ont caract\u00e9ris\u00e9 l'histoire de la ville.<\/p>\n\t\t\t\t\t<ul>\n\t\t\t\t\t\t<li class='col-md-4 col-sm-6 col-xs-6'><a href=\"\/fr\/visites\/ecoles\/\">Lisez tout<\/a><\/li>\t\t\t\t\t<\/ul>\n\t\t\t\t<\/div>\n\t\t\t<\/div><!-- Container \/- -->\n\t\t<\/div><!-- Onview Section \/- -->\n\t\t[\/vc_column][\/vc_row][vc_row full_width=&#8221;stretch_row&#8221; css=&#8221;.vc_custom_1491483647457{margin-top: 0px !important;margin-bottom: 0px !important;border-bottom-width: 0px !important;padding-top: 0px !important;background-image: url(https:\/\/www.vicuscaprarius.com\/wp-content\/uploads\/2017\/03\/cta_bg.png?id=373) !important;}&#8221;][vc_column width=&#8221;1\/6&#8243;][\/vc_column][vc_column width=&#8221;2\/3&#8243;][vc_empty_space][vc_custom_heading text=&#8221;POUR DES INFORMATIONS D\u00c9TAILL\u00c9ES SUR LES VISITES ET R\u00c9SERVATIONS:<br \/>\nZone arch\u00e9ologique souterraine \u00ab Vicus Caprarius &#8211; la Cit\u00e9 de l&#8217;eau \u00bb<br \/>\nVicolo del Puttarello 25 (quartier de Fontana di Trevi) &#8211; Rome<br \/>\n&#8221; font_container=&#8221;tag:p|font_size:16|text_align:center|color:%23ffffff&#8221; use_theme_fonts=&#8221;yes&#8221;][vc_empty_space height=&#8221;18px&#8221;][vc_row_inner][vc_column_inner width=&#8221;1\/2&#8243;][vc_btn title=&#8221;+39 339 7786192&#8243; style=&#8221;flat&#8221; shape=&#8221;square&#8221; color=&#8221;white&#8221; align=&#8221;center&#8221; i_icon_fontawesome=&#8221;fa fa-phone&#8221; button_block=&#8221;true&#8221; add_icon=&#8221;true&#8221; link=&#8221;url:tel%3A%2B393397786192|||&#8221;][\/vc_column_inner][vc_column_inner width=&#8221;1\/2&#8243;][vc_btn title=&#8221;Contactez-nous pour recevoir plus d&#8217;informations&#8221; style=&#8221;outline&#8221; shape=&#8221;square&#8221; color=&#8221;white&#8221; align=&#8221;center&#8221; i_icon_fontawesome=&#8221;fa fa-envelope&#8221; button_block=&#8221;true&#8221; add_icon=&#8221;true&#8221; link=&#8221;url:https%3A%2F%2Fwww.vicuscaprarius.com%2Ffr%2Fcontacts%2F|||&#8221;][\/vc_column_inner][\/vc_row_inner][vc_empty_space height=&#8221;18px&#8221;][\/vc_column][vc_column width=&#8221;1\/6&#8243;][\/vc_column][\/vc_row]<\/p>\n<\/div>","protected":false},"excerpt":{"rendered":"<p>[vc_row css=&#8221;.vc_custom_1491466698933{margin-top: 0px !important;margin-bottom: 0px !important;padding-top: 0px !important;padding-bottom: 0px !important;}&#8221;][vc_column][\/vc_column][\/vc_row][vc_row css=&#8221;.vc_custom_1491466698933{margin-top: 0px !important;margin-bottom: 0px !important;padding-top: 0px !important;padding-bottom: 0px !important;}&#8221;][vc_column][\/vc_column][\/vc_row][vc_row css=&#8221;.vc_custom_1491466698933{margin-top: 0px !important;margin-bottom: 0px !important;padding-top: 0px !important;padding-bottom: 0px !important;}&#8221;][vc_column][\/vc_column][\/vc_row][vc_row full_width=&#8221;stretch_row&#8221; css=&#8221;.vc_custom_1491483647457{margin-top: 0px !important;margin-bottom: 0px !important;border-bottom-width: 0px !important;padding-top: 0px !important;background-image: url(https:\/\/www.vicuscaprarius.com\/wp-content\/uploads\/2017\/03\/cta_bg.png?id=373) !important;}&#8221;][vc_column width=&#8221;1\/6&#8243;][\/vc_column][vc_column width=&#8221;2\/3&#8243;][vc_empty_space][vc_custom_heading text=&#8221;POUR DES INFORMATIONS D\u00c9TAILL\u00c9ES SUR LES VISITES ET R\u00c9SERVATIONS: Zone arch\u00e9ologique souterraine \u00ab [&hellip;]<\/p>\n","protected":false},"author":1,"featured_media":0,"parent":0,"menu_order":0,"comment_status":"closed","ping_status":"closed","template":"","meta":{"footnotes":""},"class_list":["post-1112","page","type-page","status-publish","hentry"],"_links":{"self":[{"href":"https:\/\/www.vicuscaprarius.com\/fr\/wp-json\/wp\/v2\/pages\/1112","targetHints":{"allow":["GET"]}}],"collection":[{"href":"https:\/\/www.vicuscaprarius.com\/fr\/wp-json\/wp\/v2\/pages"}],"about":[{"href":"https:\/\/www.vicuscaprarius.com\/fr\/wp-json\/wp\/v2\/types\/page"}],"author":[{"embeddable":true,"href":"https:\/\/www.vicuscaprarius.com\/fr\/wp-json\/wp\/v2\/users\/1"}],"replies":[{"embeddable":true,"href":"https:\/\/www.vicuscaprarius.com\/fr\/wp-json\/wp\/v2\/comments?post=1112"}],"version-history":[{"count":10,"href":"https:\/\/www.vicuscaprarius.com\/fr\/wp-json\/wp\/v2\/pages\/1112\/revisions"}],"predecessor-version":[{"id":8714,"href":"https:\/\/www.vicuscaprarius.com\/fr\/wp-json\/wp\/v2\/pages\/1112\/revisions\/8714"}],"wp:attachment":[{"href":"https:\/\/www.vicuscaprarius.com\/fr\/wp-json\/wp\/v2\/media?parent=1112"}],"curies":[{"name":"wp","href":"https:\/\/api.w.org\/{rel}","templated":true}]}}