{"id":1108,"date":"2018-02-15T11:54:20","date_gmt":"2018-02-15T10:54:20","guid":{"rendered":"https:\/\/www.vicuscaprarius.com\/?page_id=1108"},"modified":"2018-02-21T11:13:23","modified_gmt":"2018-02-21T10:13:23","slug":"hospitalite","status":"publish","type":"page","link":"https:\/\/www.vicuscaprarius.com\/fr\/hospitalite\/","title":{"rendered":"Hospitalit\u00e9"},"content":{"rendered":"<div class=\"wpb-content-wrapper\"><p>[vc_row equal_height=&#8221;yes&#8221; type=&#8221;container&#8221;][vc_column width=&#8221;1\/2&#8243;][vc_column_text]<\/p>\n<p style=\"text-align: justify;\">\u00c0 l&#8217;int\u00e9rieur du m\u00eame Palais o\u00f9 a \u00e9t\u00e9 d\u00e9couvert le <i>Vicus Caprarius<\/i> il est possible de s\u00e9journer dans le <strong>moderne et confortable<\/strong> <a href=\"http:\/\/www.hotelharrysbartrevi.com\/en\/\">Harry\u2019s Bar Hotel<\/a> ou de s\u2019accorder une pause de go\u00fbt \u00e0 l&#8217;int\u00e9rieur du raffin\u00e9 <a href=\"http:\/\/www.hotelharrysbartrevi.com\/en\/restaurant-bar\/\">restaurant<\/a>.<\/p>\n<p style=\"text-align: justify;\">L&#8217;h\u00f4tel dispose de <strong>13 chambres et 3 d\u00e9pendances<\/strong>, r\u00e9alis\u00e9es avec des meubles modernes et fonctionnels.<br \/>\nDans le fameux restaurant Harry\u2019s Bar Trevi il est possible de savourer les <strong>plats de la tradition italienne<\/strong>, pr\u00e9par\u00e9s avec des recettes originales et une s\u00e9lection recherch\u00e9e des mati\u00e8res premi\u00e8res, avec une particuli\u00e8re attention \u00e0 la cuisine de l\u2019\u00c9milie-Romagne.<\/p>\n<p>[\/vc_column_text][\/vc_column][vc_column width=&#8221;1\/2&#8243;][vc_column_text]<\/p>\n<p style=\"text-align: justify;\">\u00c0 c\u00f4t\u00e9 des grands classiques, vous pourrez d\u00e9guster les <em><span class=\" h-laquo\">\u00ab<\/span> Tortellini de Mod\u00e8ne \u00e0 la cr\u00e8me de parmesan \u00bb<\/em>, le <em><span class=\" h-laquo\">\u00ab<\/span> Risotto au Vinaigre balsamique traditionnel de Mod\u00e8ne \u00bb<\/em> et un grand choix de charcuteries accompagn\u00e9es de<em> <span class=\" h-laquo\">\u00ab<\/span> \u00a0Gnocco Fritto \u00bb<\/em> <span class=\" h-lparen\">(<\/span>plat typiquement italien exclusivement compos\u00e9 de quelques ingr\u00e9dients simples : farine, saindoux, ferment et sel en petits rectangles frits).<br \/>\nLa r\u00e9cente r\u00e9novation du palais a en outre fourni l&#8217;occasion pour tirer un nouveau important format de restauration sous le brand Gourm\u00e9 : pizza, charcuteries, salades, gel\u00e9s et tout le mieux du food <strong>made in Italy<\/strong> aupr\u00e8s d&#8217;une ample Food Court adjacente au site arch\u00e9ologique du Vicus Caprarius.<\/p>\n<p>[\/vc_column_text][\/vc_column][\/vc_row][vc_row equal_height=&#8221;yes&#8221;][vc_column]\t\t<!-- Onview Section -->\n\t\t<div class=\"container-fluid no-padding onview-section2\">\n\t\t\t\t\t\t\t<div class=\"col-md-5 onview-left\">\n\t\t\t\t\t<!-- Section Header -->\n\t\t\t\t\t<div class=\"section-header2\">\n\t\t\t\t\t\t<i><img decoding=\"async\" src=\"https:\/\/www.vicuscaprarius.com\/wp-content\/plugins\/history-toolkit\/lib\/images\/section-header2-2.png\" alt=\"Section Header\" \/><\/i>\n\t\t\t\t\t\t<span>Pour le touriste<\/span>\t\t\t\t\t\t<h2>HOSPITALIT\u00c9<\/h2>\t\t\t\t\t<\/div><!-- Section Header \/- -->\n\t\t\t\t\t\t\t\t\t\t\t\t\t\t<\/div>\n\t\t\t\t\t\t\t<div class=\"col-md-7 onview-right\" style=\"background-image: url(https:\/\/www.vicuscaprarius.com\/wp-content\/uploads\/2017\/03\/bg_ospitalita_shadow3.jpg);\">\n\t\t\t\t\t\t\t\t\t<div class=\"onview-content\">\n\t\t\t\t\t\t<ul>\n\t\t\t\t\t\t\t<li class='col-md-6 col-sm-6 col-xs-6'><a href=\"http:\/\/www.hotelharrysbartrevi.com\/en\/\" target=\u201d_blank\u201d style=\"font-size:20px; font-family: Cinzel; color: #000;\">HARRY'S BAR HOTEL<\/a> <p style=\"font-size:13px; line-heigt:18px; text-align: center;\">Des chambres modernes, \u00e9l\u00e9gantes et \u00e9quip\u00e9es de tous les conforts<\/p><\/li><li class='col-md-6 col-sm-6 col-xs-6'><a href=\"http:\/\/www.hotelharrysbartrevi.com\/en\/restaurant-bar\/\" target=\u201d_blank\u201d style=\"font-size:20px; font-family: Cinzel; color: #000;\">HARRY'S BAR RESTAURANT<\/a> <p style=\"font-size:13px; line-heigt:18px; text-align: center;\">Ap\u00e9ritifs et cuisine raffin\u00e9e<\/p><\/li><li class='col-md-6 col-sm-6 col-xs-6'><a href=\"\/fr\/food-court-gourme\" style=\"font-size:20px; font-family: Cinzel; color: #000;\">FOOD COURT GOURME<\/a> <p style=\"font-size:13px; line-heigt:18px; text-align: center;\">Grand choix de Food Made in Italy<\/p><\/li><li class='col-md-6 col-sm-6 col-xs-6'><a href=\"http:\/\/www.hotelharrysbartrevi.com\/en\/meeting-events\/\" target=\u201d_blank\u201d style=\"font-size:20px; font-family: Cinzel; color: #000;\">SALLE TREVI<\/a> <p style=\"font-size:13px; line-heigt:18px; text-align: center;\">Lieu unique et polyvalent<\/p><\/li>\t\t\t\t\t\t<\/ul>\n\t\t\t\t\t<\/div>\n\t\t\t\t\t\t\t\t<\/div>\n\t\t<\/div><!-- Onview Section \/- -->\n\t\t[\/vc_column][\/vc_row]<\/p>\n<\/div>","protected":false},"excerpt":{"rendered":"<p>[vc_row equal_height=&#8221;yes&#8221; type=&#8221;container&#8221;][vc_column width=&#8221;1\/2&#8243;][vc_column_text] \u00c0 l&#8217;int\u00e9rieur du m\u00eame Palais o\u00f9 a \u00e9t\u00e9 d\u00e9couvert le Vicus Caprarius il est possible de s\u00e9journer dans le moderne et confortable Harry\u2019s Bar Hotel ou de s\u2019accorder une pause de go\u00fbt \u00e0 l&#8217;int\u00e9rieur du raffin\u00e9 restaurant. L&#8217;h\u00f4tel dispose de 13 chambres et 3 d\u00e9pendances, r\u00e9alis\u00e9es avec des meubles modernes et [&hellip;]<\/p>\n","protected":false},"author":1,"featured_media":0,"parent":0,"menu_order":0,"comment_status":"closed","ping_status":"closed","template":"","meta":{"footnotes":""},"class_list":["post-1108","page","type-page","status-publish","hentry"],"_links":{"self":[{"href":"https:\/\/www.vicuscaprarius.com\/fr\/wp-json\/wp\/v2\/pages\/1108","targetHints":{"allow":["GET"]}}],"collection":[{"href":"https:\/\/www.vicuscaprarius.com\/fr\/wp-json\/wp\/v2\/pages"}],"about":[{"href":"https:\/\/www.vicuscaprarius.com\/fr\/wp-json\/wp\/v2\/types\/page"}],"author":[{"embeddable":true,"href":"https:\/\/www.vicuscaprarius.com\/fr\/wp-json\/wp\/v2\/users\/1"}],"replies":[{"embeddable":true,"href":"https:\/\/www.vicuscaprarius.com\/fr\/wp-json\/wp\/v2\/comments?post=1108"}],"version-history":[{"count":5,"href":"https:\/\/www.vicuscaprarius.com\/fr\/wp-json\/wp\/v2\/pages\/1108\/revisions"}],"predecessor-version":[{"id":1452,"href":"https:\/\/www.vicuscaprarius.com\/fr\/wp-json\/wp\/v2\/pages\/1108\/revisions\/1452"}],"wp:attachment":[{"href":"https:\/\/www.vicuscaprarius.com\/fr\/wp-json\/wp\/v2\/media?parent=1108"}],"curies":[{"name":"wp","href":"https:\/\/api.w.org\/{rel}","templated":true}]}}