{"id":1087,"date":"2018-02-15T11:39:55","date_gmt":"2018-02-15T10:39:55","guid":{"rendered":"https:\/\/www.vicuscaprarius.com\/?page_id=1087"},"modified":"2018-03-19T16:47:22","modified_gmt":"2018-03-19T15:47:22","slug":"food-court-gourme","status":"publish","type":"page","link":"https:\/\/www.vicuscaprarius.com\/fr\/food-court-gourme\/","title":{"rendered":"Food Court Gourme"},"content":{"rendered":"<div class=\"wpb-content-wrapper\"><p>[vc_row full_width=&#8221;stretch_row_content_no_spaces&#8221; content_placement=&#8221;top&#8221; css=&#8221;.vc_custom_1518514562852{padding-top: 0px !important;}&#8221;][vc_column][vc_single_image image=&#8221;790&#8243; img_size=&#8221;full&#8221; alignment=&#8221;center&#8221; css=&#8221;.vc_custom_1518514393076{padding-top: 0px !important;}&#8221;][vc_custom_heading text=&#8221;FOOD COURT GOURME&#8221; font_container=&#8221;tag:h2|font_size:46|text_align:center|color:%23000000&#8243; google_fonts=&#8221;font_family:Cinzel%3Aregular%2C700%2C900|font_style:400%20regular%3A400%3Anormal&#8221;][vc_empty_space][\/vc_column][\/vc_row][vc_row equal_height=&#8221;yes&#8221; type=&#8221;container&#8221;][vc_column width=&#8221;1\/3&#8243;][vc_column_text]<\/p>\n<p style=\"text-align: justify;\">La <strong>Food Court Gourme<\/strong> a \u00e9t\u00e9 con\u00e7ue par <a href=\"http:\/\/www.chefexpress.it\/\">Chef Express <\/a><span class=\" h-lparen\">(<\/span><strong>Groupe Cremonini<\/strong>), pour faire face \u00e0 de multiples exigences des millions de touristes et voyageurs qui passent chaque ann\u00e9e de la zone de Fontaine Trevi.<br \/>\n\u00c0 l&#8217;int\u00e9rieur des grands <strong><span class=\" h-quot\">&#8220;<\/span>open space&#8221;<\/strong> il est possible de d\u00e9guster les excellences de l&#8217;\u0153nogastronomie italienne \u00e0 travers une ample gamme de formats de restauration:<\/p>\n<p>[\/vc_column_text][\/vc_column][vc_column width=&#8221;2\/3&#8243;][vc_row_inner equal_height=&#8221;yes&#8221;][vc_column_inner width=&#8221;1\/6&#8243;][vc_icon type=&#8221;material&#8221; icon_material=&#8221;vc-material vc-material-free_breakfast&#8221; color=&#8221;custom&#8221; align=&#8221;right&#8221; custom_color=&#8221;#e2b13c&#8221;][\/vc_column_inner][vc_column_inner width=&#8221;5\/6&#8243;][vc_custom_heading text=&#8221;MOK\u00c0: tout le go\u00fbt de la caf\u00e9t\u00e9ria italienne&#8221; font_container=&#8221;tag:h3|font_size:20|text_align:left&#8221; use_theme_fonts=&#8221;yes&#8221;][\/vc_column_inner][\/vc_row_inner][vc_row_inner equal_height=&#8221;yes&#8221;][vc_column_inner width=&#8221;1\/6&#8243;][vc_icon type=&#8221;material&#8221; icon_material=&#8221;vc-material vc-material-restaurant&#8221; color=&#8221;custom&#8221; align=&#8221;right&#8221; custom_color=&#8221;#e2b13c&#8221;][\/vc_column_inner][vc_column_inner width=&#8221;5\/6&#8243;][vc_custom_heading text=&#8221;MOK\u00c0 NATURE: healthy, vegan e low fat food&#8221; font_container=&#8221;tag:h3|font_size:20|text_align:left&#8221; use_theme_fonts=&#8221;yes&#8221;][\/vc_column_inner][\/vc_row_inner][vc_row_inner equal_height=&#8221;yes&#8221;][vc_column_inner width=&#8221;1\/6&#8243;][vc_icon type=&#8221;material&#8221; icon_material=&#8221;vc-material vc-material-room_service&#8221; color=&#8221;custom&#8221; align=&#8221;right&#8221; custom_color=&#8221;#e2b13c&#8221;][\/vc_column_inner][vc_column_inner width=&#8221;5\/6&#8243;][vc_custom_heading text=&#8221;GOURME: sandwichs, fougasses, planches \u00e0 d\u00e9couper de charcuteries et fromages, premiers plats, grosses salades et assiettes froides avec accouplements food &amp; wine&#8221; font_container=&#8221;tag:h3|font_size:20|text_align:left&#8221; use_theme_fonts=&#8221;yes&#8221;][\/vc_column_inner][\/vc_row_inner][vc_row_inner equal_height=&#8221;yes&#8221;][vc_column_inner width=&#8221;1\/6&#8243;][vc_icon type=&#8221;material&#8221; icon_material=&#8221;vc-material vc-material-local_pizza&#8221; color=&#8221;custom&#8221; align=&#8221;right&#8221; custom_color=&#8221;#e2b13c&#8221;][\/vc_column_inner][vc_column_inner width=&#8221;5\/6&#8243;][vc_custom_heading text=&#8221;POMODORO &amp; MOZZARELLA: des pizza avec m\u00e9lange de farines de grande qualit\u00e9, mozzarella de bufflesse Campanienne et tomate des Pouilles&#8221; font_container=&#8221;tag:h3|font_size:20|text_align:left&#8221; use_theme_fonts=&#8221;yes&#8221;][\/vc_column_inner][\/vc_row_inner][vc_row_inner equal_height=&#8221;yes&#8221;][vc_column_inner width=&#8221;1\/6&#8243;][vc_icon type=&#8221;material&#8221; color=&#8221;custom&#8221; align=&#8221;right&#8221; custom_color=&#8221;#e2b13c&#8221;][\/vc_column_inner][vc_column_inner width=&#8221;5\/6&#8243;][vc_custom_heading text=&#8221;MAGNUM: une vaste gamme de glaces et de desserts&#8221; font_container=&#8221;tag:h3|font_size:20|text_align:left&#8221; use_theme_fonts=&#8221;yes&#8221;][\/vc_column_inner][\/vc_row_inner][\/vc_column][\/vc_row][vc_row equal_height=&#8221;yes&#8221;][vc_column width=&#8221;2\/3&#8243;][vc_gallery type=&#8221;nivo&#8221; interval=&#8221;5&#8243; images=&#8221;719,720,721,722,723,724,725,780,782,784&#8243; img_size=&#8221;full&#8221;][\/vc_column][vc_column width=&#8221;1\/3&#8243; css=&#8221;.vc_custom_1501085353794{padding-top: 50px !important;padding-right: 50px !important;padding-left: 20px !important;background-color: #f4f4f4 !important;}&#8221;][vc_column_text]<\/p>\n<p style=\"text-align: justify;\">Jusqu&#8217;\u00e0 aujourd&#8217;hui <b>Chef Express<\/b> g\u00e8re <strong>51 aires de service<\/strong> sur le r\u00e9seau autoroutier italien et sur les routes de grande communication.<\/p>\n<p style=\"text-align: justify;\">En 2016 Chef Express S.p.a. a r\u00e9alis\u00e9 un chiffre d&#8217;affaires consolid\u00e9 total de 512 millions d&#8217;euros, dont 81,4% d\u00e9rivant des activit\u00e9s en concession <span class=\" h-lparen\">(<\/span>gares, a\u00e9roports et autoroutes en Italie, et \u00e0 bord de trains \u00e0 l&#8217;\u00e9tranger).<\/p>\n<p style=\"text-align: justify;\">Dans le secteur de la restauration en concession, outre aux aires autorouti\u00e8res, chef Express est <strong>leader en Italie dans le march\u00e9 des buffets de gare, avec 80 points de vente en 49 escales ferroviaires<\/strong>, et il est \u00e9galement pr\u00e9sent dans le secteur de la <strong>restauration a\u00e9roportuaire<\/strong>, avec <strong>60 points de vente en 11 a\u00e9roports italiens<\/strong>.<\/p>\n<p style=\"text-align: justify;\">Dans le march\u00e9 de la restauration \u00e0 bord des trains, Chef Express est leader en Europe avec plus de <strong>210 trains servis quotidiennement dans 5 pays europ\u00e9ens<\/strong>. Enfin, dans le secteur de la restauration commerciale, il contr\u00f4le la cha\u00eene de restaurants de viande marque <strong>Roadhouse Restaurant<\/strong>, qui compte aujourd&#8217;hui <strong>115 \u00e9tablissements en Italie<\/strong>.<\/p>\n<p>[\/vc_column_text][\/vc_column][\/vc_row][vc_row full_width=&#8221;stretch_row&#8221; css=&#8221;.vc_custom_1491483647457{margin-top: 0px !important;margin-bottom: 0px !important;border-bottom-width: 0px !important;padding-top: 0px !important;background-image: url(https:\/\/www.vicuscaprarius.com\/wp-content\/uploads\/2017\/03\/cta_bg.png?id=373) !important;}&#8221;][vc_column width=&#8221;1\/6&#8243;][\/vc_column][vc_column width=&#8221;2\/3&#8243;][vc_empty_space][vc_custom_heading text=&#8221;POUR DES INFORMATIONS D\u00c9TAILL\u00c9ES SUR LES VISITES ET R\u00c9SERVATIONS:<br \/>\nZone arch\u00e9ologique souterraine \u00ab Vicus Caprarius &#8211; la Cit\u00e9 de l&#8217;eau \u00bb.<br \/>\nVicolo del Puttarello 25 (zona Fontana di Trevi) \u2013 Roma<br \/>\n&#8221; font_container=&#8221;tag:p|font_size:16|text_align:center|color:%23ffffff&#8221; use_theme_fonts=&#8221;yes&#8221;][vc_empty_space height=&#8221;18px&#8221;][vc_row_inner][vc_column_inner][vc_btn title=&#8221;+39 339 7786192&#8243; style=&#8221;flat&#8221; shape=&#8221;square&#8221; color=&#8221;white&#8221; align=&#8221;center&#8221; i_icon_fontawesome=&#8221;fa fa-phone&#8221; button_block=&#8221;true&#8221; add_icon=&#8221;true&#8221; link=&#8221;url:tel%3A%2B393397786192|||&#8221;][\/vc_column_inner][\/vc_row_inner][vc_empty_space height=&#8221;18px&#8221;][\/vc_column][vc_column width=&#8221;1\/6&#8243;][\/vc_column][\/vc_row]<\/p>\n<\/div>","protected":false},"excerpt":{"rendered":"<p>[vc_row full_width=&#8221;stretch_row_content_no_spaces&#8221; content_placement=&#8221;top&#8221; css=&#8221;.vc_custom_1518514562852{padding-top: 0px !important;}&#8221;][vc_column][vc_single_image image=&#8221;790&#8243; img_size=&#8221;full&#8221; alignment=&#8221;center&#8221; css=&#8221;.vc_custom_1518514393076{padding-top: 0px !important;}&#8221;][vc_custom_heading text=&#8221;FOOD COURT GOURME&#8221; font_container=&#8221;tag:h2|font_size:46|text_align:center|color:%23000000&#8243; google_fonts=&#8221;font_family:Cinzel%3Aregular%2C700%2C900|font_style:400%20regular%3A400%3Anormal&#8221;][vc_empty_space][\/vc_column][\/vc_row][vc_row equal_height=&#8221;yes&#8221; type=&#8221;container&#8221;][vc_column width=&#8221;1\/3&#8243;][vc_column_text] La Food Court Gourme a \u00e9t\u00e9 con\u00e7ue par Chef Express (Groupe Cremonini), pour faire face \u00e0 de multiples exigences des millions de touristes et voyageurs qui passent chaque ann\u00e9e de la zone de Fontaine Trevi. [&hellip;]<\/p>\n","protected":false},"author":1,"featured_media":0,"parent":0,"menu_order":0,"comment_status":"closed","ping_status":"closed","template":"","meta":{"footnotes":""},"class_list":["post-1087","page","type-page","status-publish","hentry"],"_links":{"self":[{"href":"https:\/\/www.vicuscaprarius.com\/fr\/wp-json\/wp\/v2\/pages\/1087","targetHints":{"allow":["GET"]}}],"collection":[{"href":"https:\/\/www.vicuscaprarius.com\/fr\/wp-json\/wp\/v2\/pages"}],"about":[{"href":"https:\/\/www.vicuscaprarius.com\/fr\/wp-json\/wp\/v2\/types\/page"}],"author":[{"embeddable":true,"href":"https:\/\/www.vicuscaprarius.com\/fr\/wp-json\/wp\/v2\/users\/1"}],"replies":[{"embeddable":true,"href":"https:\/\/www.vicuscaprarius.com\/fr\/wp-json\/wp\/v2\/comments?post=1087"}],"version-history":[{"count":3,"href":"https:\/\/www.vicuscaprarius.com\/fr\/wp-json\/wp\/v2\/pages\/1087\/revisions"}],"predecessor-version":[{"id":1583,"href":"https:\/\/www.vicuscaprarius.com\/fr\/wp-json\/wp\/v2\/pages\/1087\/revisions\/1583"}],"wp:attachment":[{"href":"https:\/\/www.vicuscaprarius.com\/fr\/wp-json\/wp\/v2\/media?parent=1087"}],"curies":[{"name":"wp","href":"https:\/\/api.w.org\/{rel}","templated":true}]}}