{"id":1084,"date":"2018-02-15T11:31:37","date_gmt":"2018-02-15T10:31:37","guid":{"rendered":"https:\/\/www.vicuscaprarius.com\/?page_id=1084"},"modified":"2026-01-30T12:52:00","modified_gmt":"2026-01-30T11:52:00","slug":"contacts","status":"publish","type":"page","link":"https:\/\/www.vicuscaprarius.com\/fr\/contacts\/","title":{"rendered":"Contacts"},"content":{"rendered":"<div class=\"wpb-content-wrapper\"><p>[vc_row type=&#8221;container&#8221;][vc_column width=&#8221;1\/3&#8243;][vc_column_text css=&#8221;&#8221;]<\/p>\n<p style=\"text-align: center;\"><strong>ADRESSE<\/strong><\/p>\n<p style=\"text-align: center;\">Vicolo del Puttarello 25, Roma<\/p>\n<p style=\"text-align: center;\">(zona Fontana di Trevi)<\/p>\n<p>[\/vc_column_text][\/vc_column][vc_column width=&#8221;1\/3&#8243;][vc_column_text css=&#8221;&#8221;]<\/p>\n<p style=\"text-align: center;\">Le site est souterrain et \u00e0 capacit\u00e9 limit\u00e9e.<\/p>\n<p style=\"text-align: center;\">R\u00e9servation obligatoire les week-ends et jours f\u00e9ri\u00e9s, et fortement recommand\u00e9e en semaine.<\/p>\n<p style=\"text-align: center;\">R\u00e9servations par t\u00e9l\u00e9phone ou WhatsApp.<\/p>\n<p>[\/vc_column_text][\/vc_column][vc_column width=&#8221;1\/3&#8243;][vc_column_text css=&#8221;&#8221;]<\/p>\n<p style=\"text-align: center;\"><strong>T\u00c9L\u00c9PHONE<\/strong><\/p>\n<p style=\"text-align: center;\">Mobile: +39 339 7786192<\/p>\n<p style=\"text-align: center;\"><i>Ligne active du mardi au dimanche, 10h\u201316h<\/i><\/p>\n<p>[\/vc_column_text][\/vc_column][\/vc_row][vc_row][vc_column width=&#8221;1\/4&#8243;][\/vc_column][vc_column width=&#8221;1\/2&#8243;][vc_column_text css=&#8221;&#8221;]\n<div class=\"wpcf7 no-js\" id=\"wpcf7-f9055-o1\" lang=\"fr-FR\" dir=\"ltr\" data-wpcf7-id=\"9055\">\n<div class=\"screen-reader-response\"><p role=\"status\" aria-live=\"polite\" aria-atomic=\"true\"><\/p> <ul><\/ul><\/div>\n<form action=\"\/fr\/wp-json\/wp\/v2\/pages\/1084#wpcf7-f9055-o1\" method=\"post\" class=\"wpcf7-form init\" aria-label=\"Formulaire de contact\" novalidate=\"novalidate\" data-status=\"init\">\n<fieldset class=\"hidden-fields-container\"><input type=\"hidden\" name=\"_wpcf7\" value=\"9055\" \/><input type=\"hidden\" name=\"_wpcf7_version\" value=\"6.1.5\" \/><input type=\"hidden\" name=\"_wpcf7_locale\" value=\"fr_FR\" \/><input type=\"hidden\" name=\"_wpcf7_unit_tag\" value=\"wpcf7-f9055-o1\" \/><input type=\"hidden\" name=\"_wpcf7_container_post\" value=\"0\" \/><input type=\"hidden\" name=\"_wpcf7_posted_data_hash\" value=\"\" \/><input type=\"hidden\" name=\"_wpcf7_recaptcha_response\" value=\"\" \/>\n<\/fieldset>\n<div class=\"contact-form\">\n\t<h3>\u00c9crivez-nous\n\t<\/h3>\n\t<div class=\"row\">\n\t\t<div class=\"form-group col-md-6 col-sm-6 col-xs-12\">\n\t\t\t<p><span class=\"wpcf7-form-control-wrap\" data-name=\"your-name\"><input size=\"40\" maxlength=\"400\" class=\"wpcf7-form-control wpcf7-text wpcf7-validates-as-required form-control\" autocomplete=\"name\" aria-required=\"true\" aria-invalid=\"false\" placeholder=\"Nom\" value=\"\" type=\"text\" name=\"your-name\" \/><\/span>\n\t\t\t<\/p>\n\t\t\t<p><span class=\"wpcf7-form-control-wrap\" data-name=\"your-email\"><input size=\"40\" maxlength=\"400\" class=\"wpcf7-form-control wpcf7-email wpcf7-validates-as-required wpcf7-text wpcf7-validates-as-email form-control\" autocomplete=\"email\" aria-required=\"true\" aria-invalid=\"false\" placeholder=\"Adresse e-mail\" value=\"\" type=\"email\" name=\"your-email\" \/><\/span>\n\t\t\t<\/p>\n\t\t\t<p><span class=\"wpcf7-form-control-wrap\" data-name=\"your-tel\"><input size=\"40\" maxlength=\"400\" class=\"wpcf7-form-control wpcf7-tel wpcf7-validates-as-required wpcf7-text wpcf7-validates-as-tel form-control\" autocomplete=\"tel\" aria-required=\"true\" aria-invalid=\"false\" placeholder=\"T\u00e9l\u00e9phone\" value=\"\" type=\"tel\" name=\"your-tel\" \/><\/span>\n\t\t\t<\/p>\n\t\t<\/div>\n\t\t<div class=\"form-group col-md-6 col-sm-6 col-xs-12\">\n\t\t\t<p><span class=\"wpcf7-form-control-wrap\" data-name=\"your-message\"><textarea cols=\"40\" rows=\"10\" maxlength=\"2000\" class=\"wpcf7-form-control wpcf7-textarea wpcf7-validates-as-required form-control\" aria-required=\"true\" aria-invalid=\"false\" placeholder=\"Message\" name=\"your-message\"><\/textarea><\/span>\n\t\t\t<\/p>\n\t\t\t<p><input class=\"wpcf7-form-control wpcf7-submit has-spinner\" type=\"submit\" value=\"Envoyer\" \/>\n\t\t\t<\/p>\n\t\t<\/div>\n\t<\/div>\n\t<div class=\"alert-msg\" id=\"alert-msg\">\n\t<div class=\"wpcf7-response-output\" aria-hidden=\"true\"><\/div>\n\t<\/div>\n<\/div><input type='hidden' class='wpcf7-pum' value='{\"closepopup\":false,\"closedelay\":0,\"openpopup\":false,\"openpopup_id\":0}' \/>\n<\/form>\n<\/div>\n[\/vc_column_text][\/vc_column][vc_column width=&#8221;1\/4&#8243;][\/vc_column][\/vc_row][vc_row][vc_column][vc_gmaps link=&#8221;#E-8_JTNDaWZyYW1lJTIwc3JjJTNEJTIyaHR0cHMlM0ElMkYlMkZ3d3cuZ29vZ2xlLmNvbSUyRm1hcHMlMkZlbWJlZCUzRnBiJTNEJTIxMW0xOCUyMTFtMTIlMjExbTMlMjExZDI5NjkuNjQ5MDM3NTM0NTc2NiUyMTJkMTIuNDgxOTU3NzE1NDk1MzUzJTIxM2Q0MS45MDA0MDQzNzkyMjA0MSUyMTJtMyUyMTFmMCUyMTJmMCUyMTNmMCUyMTNtMiUyMTFpMTAyNCUyMTJpNzY4JTIxNGYxMy4xJTIxM20zJTIxMW0yJTIxMXMweDEzMmY2MWFkMmE2NGNmNDUlMjUzQTB4ODNlZGMzNDg0OWY4NTJmYyUyMTJzVmljb2xvJTJCZGVsJTJCUHV0dGFyZWxsbyUyNTJDJTJCMjUlMjUyQyUyQjAwMTg3JTJCUm9tYSUyMTVlMCUyMTNtMiUyMTFzaXQlMjEyc2l0JTIxNHYxNDkxNDg3MDkxOTc4JTIyJTIwd2lkdGglM0QlMjIxMDAlMjUlMjIlMjBoZWlnaHQlM0QlMjIzNTAlMjIlMjBmcmFtZWJvcmRlciUzRCUyMjAlMjIlMjBzdHlsZSUzRCUyMmJvcmRlciUzQTAlMjIlMjBhbGxvd2Z1bGxzY3JlZW4lM0UlM0MlMkZpZnJhbWUlM0U=&#8221; size=&#8221;350&#8243;][\/vc_column][\/vc_row]<\/p>\n<\/div>","protected":false},"excerpt":{"rendered":"<p>[vc_row type=&#8221;container&#8221;][vc_column width=&#8221;1\/3&#8243;][vc_column_text css=&#8221;&#8221;] ADRESSE Vicolo del Puttarello 25, Roma (zona Fontana di Trevi) [\/vc_column_text][\/vc_column][vc_column width=&#8221;1\/3&#8243;][vc_column_text css=&#8221;&#8221;] Le site est souterrain et \u00e0 capacit\u00e9 limit\u00e9e. R\u00e9servation obligatoire les week-ends et jours f\u00e9ri\u00e9s, et fortement recommand\u00e9e en semaine. R\u00e9servations par t\u00e9l\u00e9phone ou WhatsApp. [\/vc_column_text][\/vc_column][vc_column width=&#8221;1\/3&#8243;][vc_column_text css=&#8221;&#8221;] T\u00c9L\u00c9PHONE Mobile: +39 339 7786192 Ligne active du mardi au [&hellip;]<\/p>\n","protected":false},"author":1,"featured_media":0,"parent":0,"menu_order":0,"comment_status":"closed","ping_status":"closed","template":"","meta":{"footnotes":""},"class_list":["post-1084","page","type-page","status-publish","hentry"],"_links":{"self":[{"href":"https:\/\/www.vicuscaprarius.com\/fr\/wp-json\/wp\/v2\/pages\/1084","targetHints":{"allow":["GET"]}}],"collection":[{"href":"https:\/\/www.vicuscaprarius.com\/fr\/wp-json\/wp\/v2\/pages"}],"about":[{"href":"https:\/\/www.vicuscaprarius.com\/fr\/wp-json\/wp\/v2\/types\/page"}],"author":[{"embeddable":true,"href":"https:\/\/www.vicuscaprarius.com\/fr\/wp-json\/wp\/v2\/users\/1"}],"replies":[{"embeddable":true,"href":"https:\/\/www.vicuscaprarius.com\/fr\/wp-json\/wp\/v2\/comments?post=1084"}],"version-history":[{"count":15,"href":"https:\/\/www.vicuscaprarius.com\/fr\/wp-json\/wp\/v2\/pages\/1084\/revisions"}],"predecessor-version":[{"id":9470,"href":"https:\/\/www.vicuscaprarius.com\/fr\/wp-json\/wp\/v2\/pages\/1084\/revisions\/9470"}],"wp:attachment":[{"href":"https:\/\/www.vicuscaprarius.com\/fr\/wp-json\/wp\/v2\/media?parent=1084"}],"curies":[{"name":"wp","href":"https:\/\/api.w.org\/{rel}","templated":true}]}}