{"id":9425,"date":"2026-01-29T15:35:54","date_gmt":"2026-01-29T14:35:54","guid":{"rendered":"https:\/\/www.vicuscaprarius.com\/?page_id=9425"},"modified":"2026-01-29T15:36:31","modified_gmt":"2026-01-29T14:36:31","slug":"visitas-privadas","status":"publish","type":"page","link":"https:\/\/www.vicuscaprarius.com\/es\/visitas-privadas\/","title":{"rendered":"VISITAS PRIVADAS"},"content":{"rendered":"\n<p>Para grupos organizados (asociaciones, Cral, operadores tur\u00edsticos, turismo parroquial, etc.), se pueden acordar <strong>aperturas especiales con visitas guiadas por nuestros arque\u00f3logos<\/strong> fuera del horario habitual.<\/p>\n\n\n\n<p>Visitas disponibles en <strong>italiano, ingl\u00e9s y espa\u00f1ol<\/strong>, aprox. 40 minutos.<\/p>\n\n\n\n<p>Para informaci\u00f3n: usar el <strong><a href=\"https:\/\/www.vicuscaprarius.com\/es\/contactos\/\" data-type=\"page\" data-id=\"1032\">formulario de CONTACTO<\/a><\/strong>.<\/p>\n\n\n\n<p><\/p>\n","protected":false},"excerpt":{"rendered":"<p>Para grupos organizados (asociaciones, Cral, operadores tur\u00edsticos, turismo parroquial, etc.), se pueden acordar aperturas especiales con visitas guiadas por nuestros arque\u00f3logos fuera del horario habitual. Visitas disponibles en italiano, ingl\u00e9s y espa\u00f1ol, aprox. 40 minutos. Para informaci\u00f3n: usar el formulario de CONTACTO.<\/p>\n","protected":false},"author":2,"featured_media":0,"parent":0,"menu_order":0,"comment_status":"closed","ping_status":"closed","template":"","meta":{"footnotes":""},"class_list":["post-9425","page","type-page","status-publish","hentry"],"_links":{"self":[{"href":"https:\/\/www.vicuscaprarius.com\/es\/wp-json\/wp\/v2\/pages\/9425","targetHints":{"allow":["GET"]}}],"collection":[{"href":"https:\/\/www.vicuscaprarius.com\/es\/wp-json\/wp\/v2\/pages"}],"about":[{"href":"https:\/\/www.vicuscaprarius.com\/es\/wp-json\/wp\/v2\/types\/page"}],"author":[{"embeddable":true,"href":"https:\/\/www.vicuscaprarius.com\/es\/wp-json\/wp\/v2\/users\/2"}],"replies":[{"embeddable":true,"href":"https:\/\/www.vicuscaprarius.com\/es\/wp-json\/wp\/v2\/comments?post=9425"}],"version-history":[{"count":4,"href":"https:\/\/www.vicuscaprarius.com\/es\/wp-json\/wp\/v2\/pages\/9425\/revisions"}],"predecessor-version":[{"id":9431,"href":"https:\/\/www.vicuscaprarius.com\/es\/wp-json\/wp\/v2\/pages\/9425\/revisions\/9431"}],"wp:attachment":[{"href":"https:\/\/www.vicuscaprarius.com\/es\/wp-json\/wp\/v2\/media?parent=9425"}],"curies":[{"name":"wp","href":"https:\/\/api.w.org\/{rel}","templated":true}]}}