{"id":9381,"date":"2026-01-29T14:53:19","date_gmt":"2026-01-29T13:53:19","guid":{"rendered":"https:\/\/www.vicuscaprarius.com\/?page_id=9381"},"modified":"2026-01-29T14:53:38","modified_gmt":"2026-01-29T13:53:38","slug":"horarios-de-apertura","status":"publish","type":"page","link":"https:\/\/www.vicuscaprarius.com\/es\/horarios-de-apertura\/","title":{"rendered":"HORARIOS DE APERTURA"},"content":{"rendered":"\n<p>El \u00e1rea arqueol\u00f3gica est\u00e1 abierta <strong>de martes a domingo, de 11:00 a 17:00<\/strong> (\u00faltima entrada a las 16:30). <strong>Cerrado los lunes.<\/strong><\/p>\n\n\n\n<p>Entradas cada 30 minutos.<\/p>\n\n\n\n<p>El sitio es <strong>subterr\u00e1neo y con capacidad limitada<\/strong>. <strong>La reserva es obligatoria los fines de semana y festivos<\/strong>, y <strong>altamente recomendable entre semana<\/strong>.<\/p>\n\n\n\n<p>Reservas por <strong>tel\u00e9fono o WhatsApp<\/strong> al <strong>+39 339 7786192<\/strong>.<br><em>(L\u00ednea activa de martes a domingo, 10:00\u201316:00.)<\/em><\/p>\n","protected":false},"excerpt":{"rendered":"<p>El \u00e1rea arqueol\u00f3gica est\u00e1 abierta de martes a domingo, de 11:00 a 17:00 (\u00faltima entrada a las 16:30). Cerrado los lunes. Entradas cada 30 minutos. El sitio es subterr\u00e1neo y con capacidad limitada. La reserva es obligatoria los fines de semana y festivos, y altamente recomendable entre semana. Reservas por tel\u00e9fono o WhatsApp al +39 [&hellip;]<\/p>\n","protected":false},"author":2,"featured_media":0,"parent":0,"menu_order":0,"comment_status":"closed","ping_status":"closed","template":"","meta":{"footnotes":""},"class_list":["post-9381","page","type-page","status-publish","hentry"],"_links":{"self":[{"href":"https:\/\/www.vicuscaprarius.com\/es\/wp-json\/wp\/v2\/pages\/9381","targetHints":{"allow":["GET"]}}],"collection":[{"href":"https:\/\/www.vicuscaprarius.com\/es\/wp-json\/wp\/v2\/pages"}],"about":[{"href":"https:\/\/www.vicuscaprarius.com\/es\/wp-json\/wp\/v2\/types\/page"}],"author":[{"embeddable":true,"href":"https:\/\/www.vicuscaprarius.com\/es\/wp-json\/wp\/v2\/users\/2"}],"replies":[{"embeddable":true,"href":"https:\/\/www.vicuscaprarius.com\/es\/wp-json\/wp\/v2\/comments?post=9381"}],"version-history":[{"count":1,"href":"https:\/\/www.vicuscaprarius.com\/es\/wp-json\/wp\/v2\/pages\/9381\/revisions"}],"predecessor-version":[{"id":9382,"href":"https:\/\/www.vicuscaprarius.com\/es\/wp-json\/wp\/v2\/pages\/9381\/revisions\/9382"}],"wp:attachment":[{"href":"https:\/\/www.vicuscaprarius.com\/es\/wp-json\/wp\/v2\/media?parent=9381"}],"curies":[{"name":"wp","href":"https:\/\/api.w.org\/{rel}","templated":true}]}}