{"id":9291,"date":"2026-01-28T17:56:49","date_gmt":"2026-01-28T16:56:49","guid":{"rendered":"https:\/\/www.vicuscaprarius.com\/?page_id=9291"},"modified":"2026-02-04T15:13:46","modified_gmt":"2026-02-04T14:13:46","slug":"blog-esp","status":"publish","type":"page","link":"https:\/\/www.vicuscaprarius.com\/es\/blog-esp\/","title":{"rendered":"Beyond the Museum"},"content":{"rendered":"\n<p><strong>Beyond the Museum<\/strong> es el blog de <em>Vicus Caprarius \u2013 la Ciudad del Agua<\/em>.<\/p>\n\n\n\n<p>Un espacio de profundizaci\u00f3n dedicado al \u00e1rea arqueol\u00f3gica, a sus contextos y a las investigaciones que narran su historia y evoluci\u00f3n. El blog propone art\u00edculos tem\u00e1ticos, contribuciones de estudio y reflexiones que ampl\u00edan su lectura y su significado <em>m\u00e1s all\u00e1 de los l\u00edmites del museo<\/em>.<\/p>\n\n\n\n<hr class=\"wp-block-separator has-css-opacity\"\/>\n\n\n\n<div class=\"wp-block-query is-layout-flow wp-block-query-is-layout-flow\"><ul class=\"wp-block-post-template is-layout-flow wp-block-post-template-is-layout-flow\"><li class=\"wp-block-post post-9766 post type-post status-publish format-standard has-post-thumbnail hentry category-blog\">\n<h2 class=\"wp-block-post-title\"><a href=\"https:\/\/www.vicuscaprarius.com\/es\/2026\/02\/13\/amor-y-memoria-en-la-familia-romana-una-inscripcion-del-vicus-caprarius\/\" target=\"_self\" >Amor y memoria en la familia romana: una inscripci\u00f3n del Vicus Caprarius<\/a><\/h2>\n\n<figure class=\"alignwide wp-block-post-featured-image\"><a href=\"https:\/\/www.vicuscaprarius.com\/es\/2026\/02\/13\/amor-y-memoria-en-la-familia-romana-una-inscripcion-del-vicus-caprarius\/\" target=\"_self\"  ><img loading=\"lazy\" decoding=\"async\" width=\"825\" height=\"342\" src=\"https:\/\/www.vicuscaprarius.com\/wp-content\/uploads\/2026\/02\/ISCRIZIONE--825x342.jpg\" class=\"attachment-post-thumbnail size-post-thumbnail wp-post-image\" alt=\"Amor y memoria en la familia romana: una inscripci\u00f3n del Vicus Caprarius\" style=\"object-fit:cover;\" \/><\/a><\/figure>\n\n<div class=\"wp-block-post-excerpt\"><p class=\"wp-block-post-excerpt__excerpt\">por Ilaria Di Bucci Vicus Caprarius Traducci\u00f3n del original en lengua italiana. Con motivo de San Valent\u00edn solemos asociar el amor con su dimensi\u00f3n rom\u00e1ntica. En la sociedad romana, sin embargo, los v\u00ednculos afectivos adoptaban formas diversas y estaban estrechamente relacionados con la estructura jur\u00eddica y social de la familia. Las relaciones se fundamentaban en<\/p><p class=\"wp-block-post-excerpt__more-text\"><a class=\"wp-block-post-excerpt__more-link\" href=\"https:\/\/www.vicuscaprarius.com\/es\/2026\/02\/13\/amor-y-memoria-en-la-familia-romana-una-inscripcion-del-vicus-caprarius\/\">Leer m\u00e1s<\/a><\/p><\/div>\n\n<div class=\"wp-block-post-date\"><time datetime=\"2026-02-13T12:42:07+01:00\">13 febrero 2026<\/time><\/div>\n\n\n<hr class=\"wp-block-separator has-css-opacity\"\/>\n\n<\/li><li class=\"wp-block-post post-9585 post type-post status-publish format-standard has-post-thumbnail hentry category-blog\">\n<h2 class=\"wp-block-post-title\"><a href=\"https:\/\/www.vicuscaprarius.com\/es\/2026\/02\/04\/el-lenguaje-de-la-moda-en-la-arqueologia-romana\/\" target=\"_self\" >El lenguaje de la moda en la arqueolog\u00eda romana<\/a><\/h2>\n\n<figure class=\"alignwide wp-block-post-featured-image\"><a href=\"https:\/\/www.vicuscaprarius.com\/es\/2026\/02\/04\/el-lenguaje-de-la-moda-en-la-arqueologia-romana\/\" target=\"_self\"  ><img loading=\"lazy\" decoding=\"async\" width=\"825\" height=\"342\" src=\"https:\/\/www.vicuscaprarius.com\/wp-content\/uploads\/2026\/02\/ARCHIVIO-MUSEO-54-825x342.jpg\" class=\"attachment-post-thumbnail size-post-thumbnail wp-post-image\" alt=\"El lenguaje de la moda en la arqueolog\u00eda romana\" style=\"object-fit:cover;\" \/><\/a><\/figure>\n\n<div class=\"wp-block-post-excerpt\"><p class=\"wp-block-post-excerpt__excerpt\">Por Juliet Elizabeth Eichorn Vicus Caprarius Traducci\u00f3n del original en lengua inglesa Con cascos de protecci\u00f3n, botas resistentes y ropa de trabajo cubierta de polvo, los arque\u00f3logos no suelen asociarse con el mundo de la moda. Sin embargo, a la hora de fechar los hallazgos arqueol\u00f3gicos, la moda constituye a menudo una herramienta fundamental. El<\/p><p class=\"wp-block-post-excerpt__more-text\"><a class=\"wp-block-post-excerpt__more-link\" href=\"https:\/\/www.vicuscaprarius.com\/es\/2026\/02\/04\/el-lenguaje-de-la-moda-en-la-arqueologia-romana\/\">Leer m\u00e1s<\/a><\/p><\/div>\n\n<div class=\"wp-block-post-date\"><time datetime=\"2026-02-04T13:53:41+01:00\">4 febrero 2026<\/time><\/div>\n\n\n<hr class=\"wp-block-separator has-css-opacity\"\/>\n\n<\/li><li class=\"wp-block-post post-9341 post type-post status-publish format-standard hentry category-blog\">\n<h2 class=\"wp-block-post-title\"><a href=\"https:\/\/www.vicuscaprarius.com\/es\/2025\/06\/12\/vicus-caprarius-en-musei-senza-confini-experiencias-e-innovaciones-para-la-accesibilidad-cultural\/\" target=\"_self\" >Vicus Caprarius en \u201cMusei senza Confini\u201d: Experiencias e Innovaciones para la Accesibilidad Cultural<\/a><\/h2>\n\n\n\n<div class=\"wp-block-post-excerpt\"><p class=\"wp-block-post-excerpt__excerpt\">El 12 de junio de 2025 se celebr\u00f3 en el Departamento de Ciencias de la Tierra de la Universidad Sapienza de Roma la conferencia\u00a0\u201cMusei senza Confini: Experiencias e Innovaciones en la Accesibilidad Cultural\u201d. La iniciativa, promovida por el Departamento en el marco de sus actividades de Tercera Misi\u00f3n, destac\u00f3 la importancia para las instituciones culturales<\/p><p class=\"wp-block-post-excerpt__more-text\"><a class=\"wp-block-post-excerpt__more-link\" href=\"https:\/\/www.vicuscaprarius.com\/es\/2025\/06\/12\/vicus-caprarius-en-musei-senza-confini-experiencias-e-innovaciones-para-la-accesibilidad-cultural\/\">Leer m\u00e1s<\/a><\/p><\/div>\n\n<div class=\"wp-block-post-date\"><time datetime=\"2025-06-12T12:10:59+02:00\">12 junio 2025<\/time><\/div>\n\n\n<hr class=\"wp-block-separator has-css-opacity\"\/>\n\n<\/li><\/ul><\/div>\n","protected":false},"excerpt":{"rendered":"<p>Beyond the Museum es el blog de Vicus Caprarius \u2013 la Ciudad del Agua. Un espacio de profundizaci\u00f3n dedicado al \u00e1rea arqueol\u00f3gica, a sus contextos y a las investigaciones que narran su historia y evoluci\u00f3n. El blog propone art\u00edculos tem\u00e1ticos, contribuciones de estudio y reflexiones que ampl\u00edan su lectura y su significado m\u00e1s all\u00e1 de [&hellip;]<\/p>\n","protected":false},"author":2,"featured_media":0,"parent":0,"menu_order":0,"comment_status":"closed","ping_status":"closed","template":"","meta":{"footnotes":""},"class_list":["post-9291","page","type-page","status-publish","hentry"],"_links":{"self":[{"href":"https:\/\/www.vicuscaprarius.com\/es\/wp-json\/wp\/v2\/pages\/9291","targetHints":{"allow":["GET"]}}],"collection":[{"href":"https:\/\/www.vicuscaprarius.com\/es\/wp-json\/wp\/v2\/pages"}],"about":[{"href":"https:\/\/www.vicuscaprarius.com\/es\/wp-json\/wp\/v2\/types\/page"}],"author":[{"embeddable":true,"href":"https:\/\/www.vicuscaprarius.com\/es\/wp-json\/wp\/v2\/users\/2"}],"replies":[{"embeddable":true,"href":"https:\/\/www.vicuscaprarius.com\/es\/wp-json\/wp\/v2\/comments?post=9291"}],"version-history":[{"count":9,"href":"https:\/\/www.vicuscaprarius.com\/es\/wp-json\/wp\/v2\/pages\/9291\/revisions"}],"predecessor-version":[{"id":9618,"href":"https:\/\/www.vicuscaprarius.com\/es\/wp-json\/wp\/v2\/pages\/9291\/revisions\/9618"}],"wp:attachment":[{"href":"https:\/\/www.vicuscaprarius.com\/es\/wp-json\/wp\/v2\/media?parent=9291"}],"curies":[{"name":"wp","href":"https:\/\/api.w.org\/{rel}","templated":true}]}}