{"id":1080,"date":"2018-02-15T11:12:59","date_gmt":"2018-02-15T10:12:59","guid":{"rendered":"https:\/\/www.vicuscaprarius.com\/?page_id=1080"},"modified":"2018-02-15T11:12:59","modified_gmt":"2018-02-15T10:12:59","slug":"individuales","status":"publish","type":"page","link":"https:\/\/www.vicuscaprarius.com\/es\/visitas\/individuales\/","title":{"rendered":"Individuales"},"content":{"rendered":"<div class=\"wpb-content-wrapper\"><p>[vc_row][vc_column][vc_column_text]<\/p>\n<div>Para los grupos organizados <span class=\" h-lparen\">(<\/span>asociaciones, Cral, tour operadores, turismo parroquial, etc.) es posible concordar <b>aperturas extraordinarias con visita guiada efectuada por nuestros arque\u00f3logos incluso en d\u00edas y horarios distintos a los de apertura<\/b>.<\/div>\n<div><\/div>\n<div>En base a los intereses y a las exigencias de los visitantes, proponemos tres tipolog\u00edas distintas de visita y profundizaci\u00f3n, realizadas por nuestros arque\u00f3logos, hist\u00f3ricos del arte y gu\u00edas autorizados.<\/div>\n<p>[\/vc_column_text][\/vc_column][\/vc_row][vc_row equal_height=&#8221;yes&#8221;][vc_column width=&#8221;1\/2&#8243;]\t\t\t\r\n\t\t<!-- Call To Action -->\r\n\t\t<div class=\"container-fluid cta-section\">\r\n\t\t\t<!-- Container -->\r\n\t\t\t<div class=\"container\">\r\n\t\t\t\t<h3><img loading=\"lazy\" decoding=\"async\" width=\"1000\" height=\"563\" src=\"https:\/\/www.vicuscaprarius.com\/wp-content\/uploads\/2017\/04\/img_5058.jpeg\" class=\"attachment-full size-full\" alt=\"\" srcset=\"https:\/\/www.vicuscaprarius.com\/wp-content\/uploads\/2017\/04\/img_5058.jpeg 1000w, https:\/\/www.vicuscaprarius.com\/wp-content\/uploads\/2017\/04\/img_5058-300x169.jpeg 300w, https:\/\/www.vicuscaprarius.com\/wp-content\/uploads\/2017\/04\/img_5058-768x432.jpeg 768w\" sizes=\"auto, (max-width: 1000px) 100vw, 1000px\" \/><span>VISITA GUIADA EXCLUSIVA DEL \u00c1REA ARQUEOL\u00d3GICA<\/span><\/h3>\r\n\t\t\t\t\t\t\t<\/div>\r\n\t\t\t<!-- Container \/- -->\r\n\t\t<\/div><!-- Call To Action \/- -->\r\n\t\t[vc_empty_space][vc_column_text]Viviendo una experiencia exclusiva, podr\u00e1n admirar las excavaciones subterr\u00e1neas con un turno de visita dedicado s\u00f3lo para su grupo.<\/p>\n<p><strong>Costo<\/strong> 6,00\u20ac por persona <span class=\" h-lparen\">(<\/span>incluida la entrada).[\/vc_column_text][\/vc_column][vc_column width=&#8221;1\/2&#8243;]\t\t\t\r\n\t\t<!-- Call To Action -->\r\n\t\t<div class=\"container-fluid cta-section\">\r\n\t\t\t<!-- Container -->\r\n\t\t\t<div class=\"container\">\r\n\t\t\t\t<h3><img loading=\"lazy\" decoding=\"async\" width=\"1000\" height=\"563\" src=\"https:\/\/www.vicuscaprarius.com\/wp-content\/uploads\/2017\/04\/img_5058.jpeg\" class=\"attachment-full size-full\" alt=\"\" srcset=\"https:\/\/www.vicuscaprarius.com\/wp-content\/uploads\/2017\/04\/img_5058.jpeg 1000w, https:\/\/www.vicuscaprarius.com\/wp-content\/uploads\/2017\/04\/img_5058-300x169.jpeg 300w, https:\/\/www.vicuscaprarius.com\/wp-content\/uploads\/2017\/04\/img_5058-768x432.jpeg 768w\" sizes=\"auto, (max-width: 1000px) 100vw, 1000px\" \/><span>AQUA VIRGO, DESDE LA FONTANA DE TREVI HASTA... CINECITTA&#039;<\/span><\/h3>\r\n\t\t\t\t\t\t\t<\/div>\r\n\t\t\t<!-- Container \/- -->\r\n\t\t<\/div><!-- Call To Action \/- -->\r\n\t\t[vc_empty_space][vc_column_text]La visita del \u00e1rea arqueol\u00f3gica y de la Fontana di Trevi se concluye con una curiosa y fascinante <i>profundizaci\u00f3n hist\u00f3rica y cinematogr\u00e1fica<\/i>, asistiendo <span class=\" h-lparen\">(<\/span>en la elegante Sala Trevi, con vistas a las excavaciones) a la proyecci\u00f3n de las escenas m\u00e1s famosas de las obras maestras del cine italiano e internacional <span class=\" h-lparen\">(<\/span>la <i>Dolce Vita<\/i>, <i>Vacaciones en Roma<\/i>, <i>Tototruffa<\/i><i> <\/i><span class=\" h-apos\"><i>&#8216;<\/i><\/span><i>62<\/i>, <i>C\u2019eravamo tanto amati<\/i> etc.) filmadas precisamente delante de la majestuosa escenograf\u00eda de la propia Fontana.<\/p>\n<p><strong>Costo<\/strong>: 8,00 \u20ac por persona <span class=\" h-lparen\">(<\/span>incluida la entrada).[\/vc_column_text][\/vc_column][\/vc_row][vc_row full_width=&#8221;stretch_row&#8221; css=&#8221;.vc_custom_1491475666161{margin-top: 0px !important;padding-top: 0px !important;background-image: url(https:\/\/www.vicuscaprarius.com\/wp-content\/uploads\/2017\/03\/cta_bg.png?id=373) !important;background-position: center !important;background-repeat: no-repeat !important;background-size: cover !important;}&#8221;][vc_column width=&#8221;1\/6&#8243;][\/vc_column][vc_column width=&#8221;2\/3&#8243;][vc_empty_space][vc_custom_heading text=&#8221;Familias, escuelas, grupos o visitantes individuales: a cada uno su propio recorrido para descubrir los tesoros ocultos de la Ciudad del Agua, el \u00e1rea arqueol\u00f3gica subterr\u00e1nea en la Fontana di Trevi.&#8221; font_container=&#8221;tag:p|font_size:18|text_align:center|color:%23ffffff&#8221; use_theme_fonts=&#8221;yes&#8221;][vc_empty_space height=&#8221;18px&#8221;][vc_row_inner][vc_column_inner width=&#8221;1\/2&#8243;][vc_btn title=&#8221;Llame al n\u00famero +39 339 7786192&#8243; style=&#8221;flat&#8221; shape=&#8221;square&#8221; color=&#8221;white&#8221; align=&#8221;center&#8221; i_icon_fontawesome=&#8221;fa fa-phone&#8221; button_block=&#8221;true&#8221; add_icon=&#8221;true&#8221; link=&#8221;url:tel%3A%2B393397786192|||&#8221;][\/vc_column_inner][vc_column_inner width=&#8221;1\/2&#8243;][vc_btn title=&#8221;Escriba a info@vicuscaprarius.com&#8221; style=&#8221;outline&#8221; shape=&#8221;square&#8221; color=&#8221;white&#8221; align=&#8221;center&#8221; i_icon_fontawesome=&#8221;fa fa-envelope&#8221; button_block=&#8221;true&#8221; add_icon=&#8221;true&#8221; link=&#8221;url:mailto%3Ainfo%40vicuscaprarius.com|||&#8221;][\/vc_column_inner][\/vc_row_inner][vc_empty_space height=&#8221;18px&#8221;][\/vc_column][vc_column width=&#8221;1\/6&#8243;][\/vc_column][\/vc_row]<\/p>\n<\/div>","protected":false},"excerpt":{"rendered":"<p>[vc_row][vc_column][vc_column_text] Para los grupos organizados (asociaciones, Cral, tour operadores, turismo parroquial, etc.) es posible concordar aperturas extraordinarias con visita guiada efectuada por nuestros arque\u00f3logos incluso en d\u00edas y horarios distintos a los de apertura. En base a los intereses y a las exigencias de los visitantes, proponemos tres tipolog\u00edas distintas de visita y profundizaci\u00f3n, realizadas [&hellip;]<\/p>\n","protected":false},"author":1,"featured_media":0,"parent":1059,"menu_order":0,"comment_status":"closed","ping_status":"closed","template":"","meta":{"footnotes":""},"class_list":["post-1080","page","type-page","status-publish","hentry"],"_links":{"self":[{"href":"https:\/\/www.vicuscaprarius.com\/es\/wp-json\/wp\/v2\/pages\/1080","targetHints":{"allow":["GET"]}}],"collection":[{"href":"https:\/\/www.vicuscaprarius.com\/es\/wp-json\/wp\/v2\/pages"}],"about":[{"href":"https:\/\/www.vicuscaprarius.com\/es\/wp-json\/wp\/v2\/types\/page"}],"author":[{"embeddable":true,"href":"https:\/\/www.vicuscaprarius.com\/es\/wp-json\/wp\/v2\/users\/1"}],"replies":[{"embeddable":true,"href":"https:\/\/www.vicuscaprarius.com\/es\/wp-json\/wp\/v2\/comments?post=1080"}],"version-history":[{"count":1,"href":"https:\/\/www.vicuscaprarius.com\/es\/wp-json\/wp\/v2\/pages\/1080\/revisions"}],"predecessor-version":[{"id":1081,"href":"https:\/\/www.vicuscaprarius.com\/es\/wp-json\/wp\/v2\/pages\/1080\/revisions\/1081"}],"up":[{"embeddable":true,"href":"https:\/\/www.vicuscaprarius.com\/es\/wp-json\/wp\/v2\/pages\/1059"}],"wp:attachment":[{"href":"https:\/\/www.vicuscaprarius.com\/es\/wp-json\/wp\/v2\/media?parent=1080"}],"curies":[{"name":"wp","href":"https:\/\/api.w.org\/{rel}","templated":true}]}}