{"id":1066,"date":"2018-02-15T10:08:41","date_gmt":"2018-02-15T09:08:41","guid":{"rendered":"https:\/\/www.vicuscaprarius.com\/?page_id=1066"},"modified":"2026-01-29T14:07:54","modified_gmt":"2026-01-29T13:07:54","slug":"grupos","status":"publish","type":"page","link":"https:\/\/www.vicuscaprarius.com\/es\/visitas\/grupos\/","title":{"rendered":"Grupos"},"content":{"rendered":"<div class=\"wpb-content-wrapper\"><p>[vc_row][vc_column][vc_column_text css=&#8221;&#8221;]Para grupos organizados con gu\u00eda externa, <b>la reserva es obligatoria<\/b>. Sin costo adicional.<br \/>\nCorreo: <b>vicus.prenotazioni@gmail.com<\/b> (indicar fecha, horario y n\u00famero de participantes).<\/p>\n<p><strong>Entradas<\/strong>:<\/p>\n<ul>\n<li>Completa: 4,00 \u20ac<\/li>\n<li>Reducida: 2,50 \u20ac<\/li>\n<li>Reducida: 1,00 \u20ac (14-17 a\u00f1os)<\/li>\n<li>Gratuita: menores de 14, estudiantes de arqueolog\u00eda UE, Rome City Pass<\/li>\n<\/ul>\n<p><b>Informaci\u00f3n importante:<\/b><\/p>\n<ul>\n<li><b>Dispositivos radio-whisper obligatorios<\/b>. Si no se dispone, se pueden solicitar en la reserva (\u20ac1,50 por persona).<\/li>\n<li>Recorrido fijo; estancia m\u00e1xima: 40 minutos.<\/li>\n<li>Los ni\u00f1os deben estar acompa\u00f1ados por un adulto.<\/li>\n<li>No se permiten cascos, paraguas, bolsas de viaje u objetos voluminosos\/potencialmente peligrosos.<\/li>\n<li>Gu\u00edas tur\u00edsticos bienvenidos; entrada gratuita, pueden guiar la visita <b>sin afectar a otros visitantes<\/b>, siguiendo las instrucciones del personal.<\/li>\n<\/ul>\n<p>[\/vc_column_text][\/vc_column][\/vc_row][vc_row full_width=&#8221;stretch_row&#8221; css=&#8221;.vc_custom_1491475666161{margin-top: 0px !important;padding-top: 0px !important;background-image: url(https:\/\/www.vicuscaprarius.com\/wp-content\/uploads\/2017\/03\/cta_bg.png?id=373) !important;background-position: center !important;background-repeat: no-repeat !important;background-size: cover !important;}&#8221;][vc_column width=&#8221;1\/6&#8243;][\/vc_column][vc_column width=&#8221;2\/3&#8243;][vc_empty_space][vc_custom_heading text=&#8221;Familias, escuelas, grupos o visitantes individuales: a cada uno su propio recorrido para descubrir los tesoros ocultos de la Ciudad del Agua, el \u00e1rea arqueol\u00f3gica subterr\u00e1nea en la Fontana di Trevi.&#8221; font_container=&#8221;tag:p|font_size:18|text_align:center|color:%23ffffff&#8221; use_theme_fonts=&#8221;yes&#8221;][vc_empty_space height=&#8221;18px&#8221;][vc_row_inner][vc_column_inner width=&#8221;1\/2&#8243;][vc_btn title=&#8221;Llame al n\u00famero +39 339 7786192&#8243; style=&#8221;flat&#8221; shape=&#8221;square&#8221; color=&#8221;white&#8221; align=&#8221;center&#8221; i_icon_fontawesome=&#8221;fa fa-phone&#8221; button_block=&#8221;true&#8221; add_icon=&#8221;true&#8221; link=&#8221;url:tel%3A%2B393397786192|||&#8221;][\/vc_column_inner][vc_column_inner width=&#8221;1\/2&#8243;][vc_btn title=&#8221;Cont\u00e1ctanos para recibir m\u00e1s informaci\u00f3n&#8221; style=&#8221;outline&#8221; shape=&#8221;square&#8221; color=&#8221;white&#8221; align=&#8221;center&#8221; i_icon_fontawesome=&#8221;fa fa-envelope&#8221; button_block=&#8221;true&#8221; add_icon=&#8221;true&#8221; link=&#8221;url:https%3A%2F%2Fwww.vicuscaprarius.com%2Fes%2Fcontactos%2F|||&#8221;][\/vc_column_inner][\/vc_row_inner][vc_empty_space height=&#8221;18px&#8221;][\/vc_column][vc_column width=&#8221;1\/6&#8243;][\/vc_column][\/vc_row]<\/p>\n<\/div>","protected":false},"excerpt":{"rendered":"<p>[vc_row][vc_column][vc_column_text css=&#8221;&#8221;]Para grupos organizados con gu\u00eda externa, la reserva es obligatoria. Sin costo adicional. Correo: vicus.prenotazioni@gmail.com (indicar fecha, horario y n\u00famero de participantes). Entradas: Completa: 4,00 \u20ac Reducida: 2,50 \u20ac Reducida: 1,00 \u20ac (14-17 a\u00f1os) Gratuita: menores de 14, estudiantes de arqueolog\u00eda UE, Rome City Pass Informaci\u00f3n importante: Dispositivos radio-whisper obligatorios. Si no se dispone, [&hellip;]<\/p>\n","protected":false},"author":1,"featured_media":0,"parent":1059,"menu_order":0,"comment_status":"closed","ping_status":"closed","template":"","meta":{"footnotes":""},"class_list":["post-1066","page","type-page","status-publish","hentry"],"_links":{"self":[{"href":"https:\/\/www.vicuscaprarius.com\/es\/wp-json\/wp\/v2\/pages\/1066","targetHints":{"allow":["GET"]}}],"collection":[{"href":"https:\/\/www.vicuscaprarius.com\/es\/wp-json\/wp\/v2\/pages"}],"about":[{"href":"https:\/\/www.vicuscaprarius.com\/es\/wp-json\/wp\/v2\/types\/page"}],"author":[{"embeddable":true,"href":"https:\/\/www.vicuscaprarius.com\/es\/wp-json\/wp\/v2\/users\/1"}],"replies":[{"embeddable":true,"href":"https:\/\/www.vicuscaprarius.com\/es\/wp-json\/wp\/v2\/comments?post=1066"}],"version-history":[{"count":8,"href":"https:\/\/www.vicuscaprarius.com\/es\/wp-json\/wp\/v2\/pages\/1066\/revisions"}],"predecessor-version":[{"id":9363,"href":"https:\/\/www.vicuscaprarius.com\/es\/wp-json\/wp\/v2\/pages\/1066\/revisions\/9363"}],"up":[{"embeddable":true,"href":"https:\/\/www.vicuscaprarius.com\/es\/wp-json\/wp\/v2\/pages\/1059"}],"wp:attachment":[{"href":"https:\/\/www.vicuscaprarius.com\/es\/wp-json\/wp\/v2\/media?parent=1066"}],"curies":[{"name":"wp","href":"https:\/\/api.w.org\/{rel}","templated":true}]}}