{"id":1059,"date":"2018-02-14T20:31:59","date_gmt":"2018-02-14T19:31:59","guid":{"rendered":"https:\/\/www.vicuscaprarius.com\/?page_id=1059"},"modified":"2024-02-15T15:07:37","modified_gmt":"2024-02-15T14:07:37","slug":"visitas","status":"publish","type":"page","link":"https:\/\/www.vicuscaprarius.com\/es\/visitas\/","title":{"rendered":"Visitas"},"content":{"rendered":"<div class=\"wpb-content-wrapper\"><p>[vc_row css=&#8221;.vc_custom_1491466698933{margin-top: 0px !important;margin-bottom: 0px !important;padding-top: 0px !important;padding-bottom: 0px !important;}&#8221;][vc_column]\t\t<!-- Onview Section -->\n\t\t<div class=\"container-fluid onview-section\">\n\t\t\t<!-- Container -->\n\t\t\t<div class=\"container\">\n\t\t\t\t<div class=\"col-md-5 col-sm-5 col-xs-12 img-block\">\n\t\t\t\t\t<img loading=\"lazy\" decoding=\"async\" width=\"800\" height=\"600\" src=\"https:\/\/www.vicuscaprarius.com\/wp-content\/uploads\/2017\/04\/Visita-Vicus-2.jpg\" class=\"attachment-full size-full\" alt=\"\" srcset=\"https:\/\/www.vicuscaprarius.com\/wp-content\/uploads\/2017\/04\/Visita-Vicus-2.jpg 800w, https:\/\/www.vicuscaprarius.com\/wp-content\/uploads\/2017\/04\/Visita-Vicus-2-300x225.jpg 300w, https:\/\/www.vicuscaprarius.com\/wp-content\/uploads\/2017\/04\/Visita-Vicus-2-768x576.jpg 768w\" sizes=\"auto, (max-width: 800px) 100vw, 800px\" \/>\t\t\t\t<\/div>\n\t\t\t\t<div class=\"col-md-7 col-sm-7 col-xs-12 onview-content\">\n\t\t\t\t\t\t\t\t\t\t\t\t<!-- Section Header -->\n\t\t\t\t\t\t\t<div class=\"section-header\">\n\t\t\t\t\t\t\t\t<div class=\"section-title-border\">\n\t\t\t\t\t\t\t\t\t<span>Visitas<\/span>\t\t\t\t\t\t\t\t\t<h2>Individuales<\/h2>\t\t\t\t\t\t\t\t<\/div>\n\t\t\t\t\t\t\t<\/div><!-- Section Header \/- -->\n\t\t\t\t\t\t\t\t\t\t\t\t<p>Visitas guiadas con reserva: 8,00 \u20ac.<br \/>\nPara solicitar una visita guiada llamar al n\u00famero +39 3397786192. La l\u00ednea telef\u00f3nica est\u00e1 activa de martes a domingo de 10 a 16.<\/p>\n<p>Disponible en italiano, ingl\u00e9s.<\/p>\n\t\t\t\t\t<ul>\n\t\t\t\t\t\t\t\t\t\t\t<\/ul>\n\t\t\t\t<\/div>\n\t\t\t<\/div><!-- Container \/- -->\n\t\t<\/div><!-- Onview Section \/- -->\n\t\t[\/vc_column][\/vc_row][vc_row css=&#8221;.vc_custom_1491466698933{margin-top: 0px !important;margin-bottom: 0px !important;padding-top: 0px !important;padding-bottom: 0px !important;}&#8221;][vc_column]\t\t<!-- Onview Section -->\n\t\t<div class=\"container-fluid onview-section\">\n\t\t\t<!-- Container -->\n\t\t\t<div class=\"container\">\n\t\t\t\t<div class=\"col-md-5 col-sm-5 col-xs-12 img-block\">\n\t\t\t\t\t<img loading=\"lazy\" decoding=\"async\" width=\"800\" height=\"600\" src=\"https:\/\/www.vicuscaprarius.com\/wp-content\/uploads\/2017\/04\/Visita-Vicus-1.jpg\" class=\"attachment-full size-full\" alt=\"\" srcset=\"https:\/\/www.vicuscaprarius.com\/wp-content\/uploads\/2017\/04\/Visita-Vicus-1.jpg 800w, https:\/\/www.vicuscaprarius.com\/wp-content\/uploads\/2017\/04\/Visita-Vicus-1-300x225.jpg 300w, https:\/\/www.vicuscaprarius.com\/wp-content\/uploads\/2017\/04\/Visita-Vicus-1-768x576.jpg 768w\" sizes=\"auto, (max-width: 800px) 100vw, 800px\" \/>\t\t\t\t<\/div>\n\t\t\t\t<div class=\"col-md-7 col-sm-7 col-xs-12 onview-content\">\n\t\t\t\t\t\t\t\t\t\t\t\t<!-- Section Header -->\n\t\t\t\t\t\t\t<div class=\"section-header\">\n\t\t\t\t\t\t\t\t<div class=\"section-title-border\">\n\t\t\t\t\t\t\t\t\t<span>Visitas<\/span>\t\t\t\t\t\t\t\t\t<h2>Grupos<\/h2>\t\t\t\t\t\t\t\t<\/div>\n\t\t\t\t\t\t\t<\/div><!-- Section Header \/- -->\n\t\t\t\t\t\t\t\t\t\t\t\t<p>Para los grupos organizados (asociaciones, Cral, tour operadores, turismo parroquial, etc.) es posible concordar aperturas extraordinarias con visita guiada efectuada por nuestros arque\u00f3logos incluso en d\u00edas y horarios distintos a los de apertura.<br \/>\nEn base a los intereses y a las exigencias de los visitantes, proponemos tres tipolog\u00edas distintas de visita y profundizaci\u00f3n, realizadas por nuestros arque\u00f3logos, hist\u00f3ricos del arte y gu\u00edas autorizados.<\/p>\n\t\t\t\t\t<ul>\n\t\t\t\t\t\t<li class='col-md-4 col-sm-6 col-xs-6'><a href=\"\/es\/visitas\/grupos\/\">Leer todo<\/a><\/li>\t\t\t\t\t<\/ul>\n\t\t\t\t<\/div>\n\t\t\t<\/div><!-- Container \/- -->\n\t\t<\/div><!-- Onview Section \/- -->\n\t\t[\/vc_column][\/vc_row][vc_row css=&#8221;.vc_custom_1491466698933{margin-top: 0px !important;margin-bottom: 0px !important;padding-top: 0px !important;padding-bottom: 0px !important;}&#8221;][vc_column]\t\t<!-- Onview Section -->\n\t\t<div class=\"container-fluid onview-section\">\n\t\t\t<!-- Container -->\n\t\t\t<div class=\"container\">\n\t\t\t\t<div class=\"col-md-5 col-sm-5 col-xs-12 img-block\">\n\t\t\t\t\t<img loading=\"lazy\" decoding=\"async\" width=\"800\" height=\"600\" src=\"https:\/\/www.vicuscaprarius.com\/wp-content\/uploads\/2017\/04\/Visita-Vicus-scuole.jpg\" class=\"attachment-full size-full\" alt=\"\" srcset=\"https:\/\/www.vicuscaprarius.com\/wp-content\/uploads\/2017\/04\/Visita-Vicus-scuole.jpg 800w, https:\/\/www.vicuscaprarius.com\/wp-content\/uploads\/2017\/04\/Visita-Vicus-scuole-300x225.jpg 300w, https:\/\/www.vicuscaprarius.com\/wp-content\/uploads\/2017\/04\/Visita-Vicus-scuole-768x576.jpg 768w\" sizes=\"auto, (max-width: 800px) 100vw, 800px\" \/>\t\t\t\t<\/div>\n\t\t\t\t<div class=\"col-md-7 col-sm-7 col-xs-12 onview-content\">\n\t\t\t\t\t\t\t\t\t\t\t\t<!-- Section Header -->\n\t\t\t\t\t\t\t<div class=\"section-header\">\n\t\t\t\t\t\t\t\t<div class=\"section-title-border\">\n\t\t\t\t\t\t\t\t\t<span>Caminos educativos<\/span>\t\t\t\t\t\t\t\t\t<h2>Escuelas<\/h2>\t\t\t\t\t\t\t\t<\/div>\n\t\t\t\t\t\t\t<\/div><!-- Section Header \/- -->\n\t\t\t\t\t\t\t\t\t\t\t\t<p>Todo el mundo conoce la Fontana di Trevi. Menos conocido es el recorrido subterr\u00e1neo que se extiende por debajo del rione Trevi, del que es parte el \u00e1rea arqueol\u00f3gica subterr\u00e1nea del Vicus Caprarius-la Ciudad del Agua. Partiendo de la visita de este sugestivo ambiente subterr\u00e1nea, proponemos 4 modos diferentes para descubrir lo que se esconde bajo nuestros pies. Guiados por nuestros arque\u00f3logos, los estudiantes podr\u00e1n tocar con la mano la milenaria estratificaci\u00f3n de Roma y observar el testimonio de los grandes acontecimientos que han marcado la historia de la ciudad.<\/p>\n\t\t\t\t\t<ul>\n\t\t\t\t\t\t<li class='col-md-4 col-sm-6 col-xs-6'><a href=\"\/es\/visitas\/escuelas\/\">Leer todo<\/a><\/li>\t\t\t\t\t<\/ul>\n\t\t\t\t<\/div>\n\t\t\t<\/div><!-- Container \/- -->\n\t\t<\/div><!-- Onview Section \/- -->\n\t\t[\/vc_column][\/vc_row][vc_row full_width=&#8221;stretch_row&#8221; css=&#8221;.vc_custom_1491483647457{margin-top: 0px !important;margin-bottom: 0px !important;border-bottom-width: 0px !important;padding-top: 0px !important;background-image: url(https:\/\/www.vicuscaprarius.com\/wp-content\/uploads\/2017\/03\/cta_bg.png?id=373) !important;}&#8221;][vc_column width=&#8221;1\/6&#8243;][\/vc_column][vc_column width=&#8221;2\/3&#8243;][vc_empty_space][vc_custom_heading text=&#8221;PARA INFORMACI\u00d3N DETALLADA SOBRE VISITAS Y RESERVAS:<br \/>\n\u00c1rea arqueol\u00f3gica subterr\u00e1nea del Vicus Caprarius &#8211; La Ciudad de Agua<br \/>\nVicolo del Puttarello 25 (\u00e1rea de Fontana di Trevi) &#8211; Roma<br \/>\n&#8221; font_container=&#8221;tag:p|font_size:16|text_align:center|color:%23ffffff&#8221; use_theme_fonts=&#8221;yes&#8221;][vc_empty_space height=&#8221;18px&#8221;][vc_row_inner][vc_column_inner width=&#8221;1\/2&#8243;][vc_btn title=&#8221;+39 339 7786192&#8243; style=&#8221;flat&#8221; shape=&#8221;square&#8221; color=&#8221;white&#8221; align=&#8221;center&#8221; i_icon_fontawesome=&#8221;fa fa-phone&#8221; button_block=&#8221;true&#8221; add_icon=&#8221;true&#8221; link=&#8221;url:tel%3A%2B393397786192|||&#8221;][\/vc_column_inner][vc_column_inner width=&#8221;1\/2&#8243;][vc_btn title=&#8221;Cont\u00e1ctanos para recibir m\u00e1s informaci\u00f3n&#8221; style=&#8221;outline&#8221; shape=&#8221;square&#8221; color=&#8221;white&#8221; align=&#8221;center&#8221; i_icon_fontawesome=&#8221;fa fa-envelope&#8221; button_block=&#8221;true&#8221; add_icon=&#8221;true&#8221; link=&#8221;url:https%3A%2F%2Fwww.vicuscaprarius.com%2Fes%2Fcontactos%2F|||&#8221;][\/vc_column_inner][\/vc_row_inner][vc_empty_space height=&#8221;18px&#8221;][\/vc_column][vc_column width=&#8221;1\/6&#8243;][\/vc_column][\/vc_row]<\/p>\n<\/div>","protected":false},"excerpt":{"rendered":"<p>[vc_row css=&#8221;.vc_custom_1491466698933{margin-top: 0px !important;margin-bottom: 0px !important;padding-top: 0px !important;padding-bottom: 0px !important;}&#8221;][vc_column][\/vc_column][\/vc_row][vc_row css=&#8221;.vc_custom_1491466698933{margin-top: 0px !important;margin-bottom: 0px !important;padding-top: 0px !important;padding-bottom: 0px !important;}&#8221;][vc_column][\/vc_column][\/vc_row][vc_row css=&#8221;.vc_custom_1491466698933{margin-top: 0px !important;margin-bottom: 0px !important;padding-top: 0px !important;padding-bottom: 0px !important;}&#8221;][vc_column][\/vc_column][\/vc_row][vc_row full_width=&#8221;stretch_row&#8221; css=&#8221;.vc_custom_1491483647457{margin-top: 0px !important;margin-bottom: 0px !important;border-bottom-width: 0px !important;padding-top: 0px !important;background-image: url(https:\/\/www.vicuscaprarius.com\/wp-content\/uploads\/2017\/03\/cta_bg.png?id=373) !important;}&#8221;][vc_column width=&#8221;1\/6&#8243;][\/vc_column][vc_column width=&#8221;2\/3&#8243;][vc_empty_space][vc_custom_heading text=&#8221;PARA INFORMACI\u00d3N DETALLADA SOBRE VISITAS Y RESERVAS: \u00c1rea arqueol\u00f3gica subterr\u00e1nea del Vicus Caprarius [&hellip;]<\/p>\n","protected":false},"author":1,"featured_media":0,"parent":0,"menu_order":0,"comment_status":"closed","ping_status":"closed","template":"","meta":{"footnotes":""},"class_list":["post-1059","page","type-page","status-publish","hentry"],"_links":{"self":[{"href":"https:\/\/www.vicuscaprarius.com\/es\/wp-json\/wp\/v2\/pages\/1059","targetHints":{"allow":["GET"]}}],"collection":[{"href":"https:\/\/www.vicuscaprarius.com\/es\/wp-json\/wp\/v2\/pages"}],"about":[{"href":"https:\/\/www.vicuscaprarius.com\/es\/wp-json\/wp\/v2\/types\/page"}],"author":[{"embeddable":true,"href":"https:\/\/www.vicuscaprarius.com\/es\/wp-json\/wp\/v2\/users\/1"}],"replies":[{"embeddable":true,"href":"https:\/\/www.vicuscaprarius.com\/es\/wp-json\/wp\/v2\/comments?post=1059"}],"version-history":[{"count":11,"href":"https:\/\/www.vicuscaprarius.com\/es\/wp-json\/wp\/v2\/pages\/1059\/revisions"}],"predecessor-version":[{"id":8721,"href":"https:\/\/www.vicuscaprarius.com\/es\/wp-json\/wp\/v2\/pages\/1059\/revisions\/8721"}],"wp:attachment":[{"href":"https:\/\/www.vicuscaprarius.com\/es\/wp-json\/wp\/v2\/media?parent=1059"}],"curies":[{"name":"wp","href":"https:\/\/api.w.org\/{rel}","templated":true}]}}