{"id":1057,"date":"2018-02-14T20:20:26","date_gmt":"2018-02-14T19:20:26","guid":{"rendered":"https:\/\/www.vicuscaprarius.com\/?page_id=1057"},"modified":"2023-07-19T18:21:04","modified_gmt":"2023-07-19T16:21:04","slug":"historia-de-las-excavaciones","status":"publish","type":"page","link":"https:\/\/www.vicuscaprarius.com\/es\/historia-de-las-excavaciones\/","title":{"rendered":"Historia"},"content":{"rendered":"<div class=\"wpb-content-wrapper\"><p>[vc_row equal_height=&#8221;yes&#8221; type=&#8221;container&#8221;][vc_column width=&#8221;1\/2&#8243; css=&#8221;.vc_custom_1501078314436{padding-right: 50px !important;padding-left: 50px !important;}&#8221;][vc_empty_space height=&#8221;10px&#8221;][vc_column_text]<\/p>\n<p style=\"text-align: justify;\">Cuando a finales de los a\u00f1os noventa la dirigencia del <strong>Grupo Cremonini<\/strong> decidi\u00f3 dar inicio a los trabajos para la realizaci\u00f3n de un polo de restauraci\u00f3n combinado con una moderna sala cinematogr\u00e1fica a pocos pasos de la Fontana de Trevi, nunca hubiera imaginado que entre los cimientos de ese inmueble, el ex \u201ccine Trevi\u201d, adquirido en 1985, se hubieran conservado los restos de un <strong>vasto complejo de edificios de la edad imperial<\/strong>, precioso testimonio de la antigua trama urban\u00edstica de la ciudad.<\/p>\n<p style=\"text-align: justify;\">Las obras se iniciaron en septiembre de 1999. Desde las primeras fases de intervenci\u00f3n los medios mec\u00e1nicos pusieron de manifiesto la presencia de estructuras de la \u00e9poca romana, llevando as\u00ed a la Superintendencia Arqueol\u00f3gica de Roma a la inmediata suspensi\u00f3n de las obras.<\/p>\n<p style=\"text-align: justify;\">Pero la disponibilidad y el entusiasmo del <strong>\u2018Cavaliere\u2019 Luigi Cremonini<\/strong>, fundador y presidente del grupo, decidido inmediatamente a <strong>financiar completamente las investigaciones arqueol\u00f3gicas<\/strong>, hicieron posible que se pusiera en marcha una extensa campa\u00f1a de excavaci\u00f3n (conducida por Antonio Insalaco con la direcci\u00f3n cient\u00edfica de Claudio Moccheggiani Carpano), que se concluy\u00f3 en 2001, y que se sentaran las bases para la realizaci\u00f3n de uno de los primeros ejemplos en Italia de colaboraci\u00f3n <strong>virtuosa entre p\u00fablico y privado.<\/strong><\/p>\n<p>[\/vc_column_text][\/vc_column][vc_column width=&#8221;1\/2&#8243;][vc_single_image image=&#8221;761&#8243; img_size=&#8221;large&#8221; alignment=&#8221;center&#8221;][\/vc_column][\/vc_row][vc_row equal_height=&#8221;yes&#8221; type=&#8221;container&#8221;][vc_column width=&#8221;1\/2&#8243;][vc_single_image image=&#8221;767&#8243; img_size=&#8221;large&#8221; alignment=&#8221;center&#8221; onclick=&#8221;link_image&#8221;][\/vc_column][vc_column width=&#8221;1\/2&#8243; css=&#8221;.vc_custom_1501078263518{padding-right: 50px !important;padding-left: 50px !important;}&#8221;][vc_empty_space height=&#8221;10px&#8221;][vc_column_text]<\/p>\n<p style=\"text-align: justify;\">En efecto, vista la imponencia de las estructuras sacadas a la luz y el valor hist\u00f3rico \u2013 art\u00edstico de los restos encontrados, precisamente por iniciativa del Grupo Cremonini el proyecto original fue profundamente modificado, hasta la instalaci\u00f3n de <strong>un verdadero yacimiento muse\u00edstico<\/strong>, com\u00fanmente conocido como <strong>\u201cVicus Caprarius &#8211; la Citt\u00e0 dell\u2019Acqua\u201d.<\/strong><\/p>\n<p style=\"text-align: justify;\">El <strong>6 de abril de 2004<\/strong> el \u00e1rea arqueol\u00f3gica <strong>se abri\u00f3 establemente al p\u00fablico<\/strong>, pero la historia de las excavaciones debajo del ex \u201ccine Trevi\u201d no se acab\u00f3. En los a\u00f1os sucesivos, de hecho, el yacimiento arqueol\u00f3gico ha sido ulteriormente desarrollado y enriquecido.<br \/>\nEl 19 de diciembre de 2006, tras una delicada restauraci\u00f3n de varios meses realizada, con el fuerte impulso del Grupo Cremonini, por Alessandra Barone y Barbara Gregni, de la Cooperativa Restauri Archeologici de Roma, bajo la gu\u00eda de Fiorenzo Catalli, Director Arque\u00f3logo de la Superintendencia Arqueol\u00f3gica de Roma, fue expuesto, en dos vitrinas, el<strong> \u201cpeque\u00f1o tesoro\u201d<\/strong> hallado durante las excavaciones: m\u00e1s de <strong>800 monedas<\/strong> que se pueden datar entre el IV y el V siglo d. C.<\/p>\n<p>[\/vc_column_text][\/vc_column][\/vc_row][vc_row equal_height=&#8221;yes&#8221; type=&#8221;container&#8221;][vc_column width=&#8221;1\/2&#8243; css=&#8221;.vc_custom_1501078289267{padding-right: 50px !important;padding-left: 50px !important;}&#8221;][vc_empty_space height=&#8221;10px&#8221;][vc_column_text]<\/p>\n<p style=\"text-align: justify;\">Tres a\u00f1os m\u00e1s tarde, el <strong>22 de diciembre de 2009<\/strong> se complet\u00f3 la instalaci\u00f3n del <em>antiquarium<\/em>.<\/p>\n<p style=\"text-align: justify;\">El <strong>Grupo Cremonini<\/strong> de hecho promovi\u00f3 <strong>una ulterior campa\u00f1a de estudio de los materiales hallados durante la excavaci\u00f3n<\/strong> y conservados por largo tiempo en dep\u00f3sito, con el fin de valorizar esa fase hist\u00f3rica \u201cpost antigua\u201d (Edad Media, Renacimiento, Siglos XIX y XX) que hacen del \u00e1rea arqueol\u00f3gica un ejemplo extraordinario de continuidad de vida.<\/p>\n<p style=\"text-align: justify;\"><strong> La restauraci\u00f3n de los hallazgos<\/strong>, esencialmente <strong>objetos de uso cotidiano<\/strong> (jarras y platos de cer\u00e1mica, cuchillos y tenedores, ollas y sartenes, botellas de vidrio soplado adem\u00e1s de un peculiar anillo con llave hembra de una cajita de bronce y plata), fue realizada por el Consorcio L\u2019Officina, tambi\u00e9n en este caso bajo la direcci\u00f3n cient\u00edfica de Fiorenzo Catalli, y la instalaci\u00f3n expositiva ha sido realizada para el Proyecto Artiser s.n.c. por los arque\u00f3logos Alessandro Ascoli, Giuliano Catalli, Barbara Lepri y Francesca Licordari bajo la direcci\u00f3n cient\u00edfica de Antonio Insalaco, Curador Arque\u00f3logo de la Superintendencia de Bienes Culturales del Ayuntamiento de Roma.<\/p>\n<p>[\/vc_column_text][\/vc_column][vc_column width=&#8221;1\/2&#8243;][vc_single_image image=&#8221;770&#8243; img_size=&#8221;large&#8221; alignment=&#8221;center&#8221;][\/vc_column][\/vc_row][vc_row equal_height=&#8221;yes&#8221; type=&#8221;container&#8221;][vc_column width=&#8221;1\/2&#8243;][vc_custom_heading text=&#8221;TARIFAS&#8221; font_container=&#8221;tag:h2|font_size:24|text_align:center&#8221; use_theme_fonts=&#8221;yes&#8221;][vc_separator color=&#8221;custom&#8221; align=&#8221;align_left&#8221; border_width=&#8221;2&#8243; accent_color=&#8221;#e2b13c&#8221;][vc_column_text]ENTRADA GENERAL: 4,00 \u20ac.<\/p>\n<p>REDUCIDA: 2,50 \u20ac (Roma Pass, estudiantes 18\/25 a\u00f1os de la U.E., docentes de la U.E.).<\/p>\n<p>MUY REDUCIDA: 1,00 \u20ac (ni\u00f1os y j\u00f3venes 14\/18 a\u00f1os).<\/p>\n<p>GRATUITA: menores de 14, estudiantes universitarios de arqueolog\u00eda de la U.E.<\/p>\n<p>VISITAS GUIADAS CON RESERVA: 8,00 \u20ac.<\/p>\n<p>[\/vc_column_text][\/vc_column][vc_column width=&#8221;1\/2&#8243;][vc_custom_heading text=&#8221;RESERVA&#8221; font_container=&#8221;tag:h2|font_size:24|text_align:center&#8221; use_theme_fonts=&#8221;yes&#8221;][vc_separator color=&#8221;custom&#8221; align=&#8221;align_left&#8221; border_width=&#8221;2&#8243; accent_color=&#8221;#e2b13c&#8221;][vc_column_text]<\/p>\n<p><b>Se aconseja reservar la entrada. Es obligatoria para el S\u00e1bado, el Domingo y festivos.<\/b><\/p>\n<p>Se requiere en el centro de atenci\u00f3n telef\u00f3nica +39 3397786192 (tambi\u00e9n Whastapp).\u00a0La l\u00ednea telef\u00f3nica est\u00e1 activa de martes a domingo de 10 a 16.<\/p>\n<p><span style=\"font-size: inherit;\">[\/vc_column_text][\/vc_column][\/vc_row][vc_row equal_height=&#8221;yes&#8221;][vc_column]\t\t<!-- Onview Section -->\n\t\t<div class=\"container-fluid no-padding onview-section2\">\n\t\t\t\t\t\t\t<div class=\"col-md-5 onview-left\">\n\t\t\t\t\t<!-- Section Header -->\n\t\t\t\t\t<div class=\"section-header2\">\n\t\t\t\t\t\t<i><img decoding=\"async\" src=\"https:\/\/www.vicuscaprarius.com\/wp-content\/plugins\/history-toolkit\/lib\/images\/section-header2-2.png\" alt=\"Section Header\" \/><\/i>\n\t\t\t\t\t\t<span>PARA EL TURISTA<\/span>\t\t\t\t\t\t<h2>HOSPITALIDAD<\/h2>\t\t\t\t\t<\/div><!-- Section Header \/- -->\n\t\t\t\t\t\t\t\t\t\t\t\t\t\t<\/div>\n\t\t\t\t\t\t\t<div class=\"col-md-7 onview-right\" style=\"background-image: url(https:\/\/www.vicuscaprarius.com\/wp-content\/uploads\/2017\/03\/bg_ospitalita_shadow3.jpg);\">\n\t\t\t\t\t\t\t\t\t<div class=\"onview-content\">\n\t\t\t\t\t\t<ul>\n\t\t\t\t\t\t\t<li class='col-md-6 col-sm-6 col-xs-6'><a href=\"http:\/\/www.hotelharrysbartrevi.com\/en\/\" target=\u201d_blank\u201d style=\"font-size:20px; font-family: Cinzel; color: #000;\">HARRY'S BAR HOTEL<\/a> <p style=\"font-size:13px; line-heigt:18px; text-align: center;\">Habitaciones modernas, elegantes y equipadas con todas las comodidades<\/p><\/li><li class='col-md-6 col-sm-6 col-xs-6'><a href=\"http:\/\/www.hotelharrysbartrevi.com\/en\/restaurant-bar\/\" target=\u201d_blank\u201d style=\"font-size:20px; font-family: Cinzel; color: #000;\">HARRY'S BAR RESTAURANT<\/a> <p style=\"font-size:13px; line-heigt:18px; text-align: center;\">Aperitivos y cocina refinada<\/p><\/li><li class='col-md-6 col-sm-6 col-xs-6'><a href=\"\/es\/food-court-gourme\" style=\"font-size:20px; font-family: Cinzel; color: #000;\">FOOD COURT GOURME<\/a> <p style=\"font-size:13px; line-heigt:18px; text-align: center;\">Amplia selecci\u00f3n de Food Made in Italy<\/p><\/li><li class='col-md-6 col-sm-6 col-xs-6'><a href=\"http:\/\/www.hotelharrysbartrevi.com\/en\/meeting-events\/\" target=\u201d_blank\u201d style=\"font-size:20px; font-family: Cinzel; color: #000;\">SALA TREVI<\/a> <p style=\"font-size:13px; line-heigt:18px; text-align: center;\">Location \u00fanica y polifuncional<\/p><\/li>\t\t\t\t\t\t<\/ul>\n\t\t\t\t\t<\/div>\n\t\t\t\t\t\t\t\t<\/div>\n\t\t<\/div><!-- Onview Section \/- -->\n\t\t[\/vc_column][\/vc_row]<\/span><\/p>\n<\/div>","protected":false},"excerpt":{"rendered":"<p>[vc_row equal_height=&#8221;yes&#8221; type=&#8221;container&#8221;][vc_column width=&#8221;1\/2&#8243; css=&#8221;.vc_custom_1501078314436{padding-right: 50px !important;padding-left: 50px !important;}&#8221;][vc_empty_space height=&#8221;10px&#8221;][vc_column_text] Cuando a finales de los a\u00f1os noventa la dirigencia del Grupo Cremonini decidi\u00f3 dar inicio a los trabajos para la realizaci\u00f3n de un polo de restauraci\u00f3n combinado con una moderna sala cinematogr\u00e1fica a pocos pasos de la Fontana de Trevi, nunca hubiera imaginado que entre [&hellip;]<\/p>\n","protected":false},"author":1,"featured_media":0,"parent":0,"menu_order":0,"comment_status":"closed","ping_status":"closed","template":"","meta":{"footnotes":""},"class_list":["post-1057","page","type-page","status-publish","hentry"],"_links":{"self":[{"href":"https:\/\/www.vicuscaprarius.com\/es\/wp-json\/wp\/v2\/pages\/1057","targetHints":{"allow":["GET"]}}],"collection":[{"href":"https:\/\/www.vicuscaprarius.com\/es\/wp-json\/wp\/v2\/pages"}],"about":[{"href":"https:\/\/www.vicuscaprarius.com\/es\/wp-json\/wp\/v2\/types\/page"}],"author":[{"embeddable":true,"href":"https:\/\/www.vicuscaprarius.com\/es\/wp-json\/wp\/v2\/users\/1"}],"replies":[{"embeddable":true,"href":"https:\/\/www.vicuscaprarius.com\/es\/wp-json\/wp\/v2\/comments?post=1057"}],"version-history":[{"count":8,"href":"https:\/\/www.vicuscaprarius.com\/es\/wp-json\/wp\/v2\/pages\/1057\/revisions"}],"predecessor-version":[{"id":8403,"href":"https:\/\/www.vicuscaprarius.com\/es\/wp-json\/wp\/v2\/pages\/1057\/revisions\/8403"}],"wp:attachment":[{"href":"https:\/\/www.vicuscaprarius.com\/es\/wp-json\/wp\/v2\/media?parent=1057"}],"curies":[{"name":"wp","href":"https:\/\/api.w.org\/{rel}","templated":true}]}}