{"id":1055,"date":"2018-02-14T20:07:22","date_gmt":"2018-02-14T19:07:22","guid":{"rendered":"https:\/\/www.vicuscaprarius.com\/?page_id=1055"},"modified":"2018-02-21T11:43:21","modified_gmt":"2018-02-21T10:43:21","slug":"hospitalidad","status":"publish","type":"page","link":"https:\/\/www.vicuscaprarius.com\/es\/hospitalidad\/","title":{"rendered":"Hospitalidad"},"content":{"rendered":"<div class=\"wpb-content-wrapper\"><p>[vc_row equal_height=&#8221;yes&#8221; type=&#8221;container&#8221;][vc_column width=&#8221;1\/2&#8243;][vc_column_text]<\/p>\n<p style=\"text-align: justify;\">Dentro del mismo edificio en el que fue hallado el Vicus Caprarius es posible alojarse en el <strong>moderno y confortable<\/strong> <a href=\"http:\/\/www.hotelharrysbartrevi.com\/en\/\">Harry\u2019s Bar Hotel<\/a>, o tomarse una pausa de gusto en el elegante <a href=\"http:\/\/www.hotelharrysbartrevi.com\/en\/restaurant-bar\/\">Restaurante<\/a>.<\/p>\n<p style=\"text-align: justify;\">El hotel dispone de <strong>13 habitaciones y 3 dependencias<\/strong>, realizadas con decoraciones modernas y funcionales.<br \/>\nEn el restaurante de renombre Harry\u2019s Bar Trevi es posible saborear <strong>los platos de la tradici\u00f3n italiana<\/strong>, preparados con recetas originales y una atenta selecci\u00f3n de las materias primas, con una especial atenci\u00f3n a la cocina emiliana.<\/p>\n<p>[\/vc_column_text][\/vc_column][vc_column width=&#8221;1\/2&#8243;][vc_column_text]<\/p>\n<p style=\"text-align: justify;\">Junto con los grandes cl\u00e1sicos, se podr\u00e1n degustar los <em>\u201cTortellini modenesi in crema di Parmigiano\u201d<\/em>, el <em>\u201cRisotto all\u2019Aceto Balsamico Tradizionale di Modena\u201d<\/em> y una amplia selecci\u00f3n de embutidos acompa\u00f1ados de <em>\u201cGnocco Fritto\u201d<\/em>.<\/p>\n<p style=\"text-align: justify;\">La reciente renovaci\u00f3n del Palacio ha proporcionado tambi\u00e9n la ocasi\u00f3n para recabar un importante nuevo formato de restauraci\u00f3n bajo la marca Gourm\u00e8: pizzas, embutidos, ensaladas, helados y todo lo mejor de la comida <strong>hecha en Italia<\/strong> en una amplia plaza de comidas adyacente al yacimiento arqueol\u00f3gico del Vicus Caprarius.<\/p>\n<p>[\/vc_column_text][\/vc_column][\/vc_row][vc_row equal_height=&#8221;yes&#8221;][vc_column]\t\t<!-- Onview Section -->\n\t\t<div class=\"container-fluid no-padding onview-section2\">\n\t\t\t\t\t\t\t<div class=\"col-md-5 onview-left\">\n\t\t\t\t\t<!-- Section Header -->\n\t\t\t\t\t<div class=\"section-header2\">\n\t\t\t\t\t\t<i><img decoding=\"async\" src=\"https:\/\/www.vicuscaprarius.com\/wp-content\/plugins\/history-toolkit\/lib\/images\/section-header2-2.png\" alt=\"Section Header\" \/><\/i>\n\t\t\t\t\t\t<span>PARA EL TURISTA<\/span>\t\t\t\t\t\t<h2>HOSPITALIDAD<\/h2>\t\t\t\t\t<\/div><!-- Section Header \/- -->\n\t\t\t\t\t\t\t\t\t\t\t\t\t\t<\/div>\n\t\t\t\t\t\t\t<div class=\"col-md-7 onview-right\" style=\"background-image: url(https:\/\/www.vicuscaprarius.com\/wp-content\/uploads\/2017\/03\/bg_ospitalita_shadow3.jpg);\">\n\t\t\t\t\t\t\t\t\t<div class=\"onview-content\">\n\t\t\t\t\t\t<ul>\n\t\t\t\t\t\t\t<li class='col-md-6 col-sm-6 col-xs-6'><a href=\"http:\/\/www.hotelharrysbartrevi.com\/en\/\" target=\u201d_blank\u201d style=\"font-size:20px; font-family: Cinzel; color: #000;\">HARRY'S BAR HOTEL<\/a> <p style=\"font-size:13px; line-heigt:18px; text-align: center;\">Habitaciones modernas, elegantes y equipadas con todas las comodidades<\/p><\/li><li class='col-md-6 col-sm-6 col-xs-6'><a href=\"http:\/\/www.hotelharrysbartrevi.com\/en\/restaurant-bar\/\" target=\u201d_blank\u201d style=\"font-size:20px; font-family: Cinzel; color: #000;\">HARRY'S BAR RESTAURANT<\/a> <p style=\"font-size:13px; line-heigt:18px; text-align: center;\">Aperitivos y cocina refinada<\/p><\/li><li class='col-md-6 col-sm-6 col-xs-6'><a href=\"\/es\/food-court-gourme\" style=\"font-size:20px; font-family: Cinzel; color: #000;\">FOOD COURT GOURME<\/a> <p style=\"font-size:13px; line-heigt:18px; text-align: center;\">Amplia selecci\u00f3n de Food Made in Italy<\/p><\/li><li class='col-md-6 col-sm-6 col-xs-6'><a href=\"http:\/\/www.hotelharrysbartrevi.com\/en\/meeting-events\/\" target=\u201d_blank\u201d style=\"font-size:20px; font-family: Cinzel; color: #000;\">SALA TREVI<\/a> <p style=\"font-size:13px; line-heigt:18px; text-align: center;\">Location \u00fanica y polifuncional<\/p><\/li>\t\t\t\t\t\t<\/ul>\n\t\t\t\t\t<\/div>\n\t\t\t\t\t\t\t\t<\/div>\n\t\t<\/div><!-- Onview Section \/- -->\n\t\t[\/vc_column][\/vc_row]<\/p>\n<\/div>","protected":false},"excerpt":{"rendered":"<p>[vc_row equal_height=&#8221;yes&#8221; type=&#8221;container&#8221;][vc_column width=&#8221;1\/2&#8243;][vc_column_text] Dentro del mismo edificio en el que fue hallado el Vicus Caprarius es posible alojarse en el moderno y confortable Harry\u2019s Bar Hotel, o tomarse una pausa de gusto en el elegante Restaurante. El hotel dispone de 13 habitaciones y 3 dependencias, realizadas con decoraciones modernas y funcionales. En el restaurante [&hellip;]<\/p>\n","protected":false},"author":1,"featured_media":0,"parent":0,"menu_order":0,"comment_status":"closed","ping_status":"closed","template":"","meta":{"footnotes":""},"class_list":["post-1055","page","type-page","status-publish","hentry"],"_links":{"self":[{"href":"https:\/\/www.vicuscaprarius.com\/es\/wp-json\/wp\/v2\/pages\/1055","targetHints":{"allow":["GET"]}}],"collection":[{"href":"https:\/\/www.vicuscaprarius.com\/es\/wp-json\/wp\/v2\/pages"}],"about":[{"href":"https:\/\/www.vicuscaprarius.com\/es\/wp-json\/wp\/v2\/types\/page"}],"author":[{"embeddable":true,"href":"https:\/\/www.vicuscaprarius.com\/es\/wp-json\/wp\/v2\/users\/1"}],"replies":[{"embeddable":true,"href":"https:\/\/www.vicuscaprarius.com\/es\/wp-json\/wp\/v2\/comments?post=1055"}],"version-history":[{"count":3,"href":"https:\/\/www.vicuscaprarius.com\/es\/wp-json\/wp\/v2\/pages\/1055\/revisions"}],"predecessor-version":[{"id":1482,"href":"https:\/\/www.vicuscaprarius.com\/es\/wp-json\/wp\/v2\/pages\/1055\/revisions\/1482"}],"wp:attachment":[{"href":"https:\/\/www.vicuscaprarius.com\/es\/wp-json\/wp\/v2\/media?parent=1055"}],"curies":[{"name":"wp","href":"https:\/\/api.w.org\/{rel}","templated":true}]}}