{"id":1035,"date":"2018-02-14T19:54:24","date_gmt":"2018-02-14T18:54:24","guid":{"rendered":"https:\/\/www.vicuscaprarius.com\/?page_id=1035"},"modified":"2018-03-19T16:50:27","modified_gmt":"2018-03-19T15:50:27","slug":"food-court-gourme","status":"publish","type":"page","link":"https:\/\/www.vicuscaprarius.com\/es\/food-court-gourme\/","title":{"rendered":"Food Court Gourme"},"content":{"rendered":"<div class=\"wpb-content-wrapper\"><p>[vc_row full_width=&#8221;stretch_row_content_no_spaces&#8221; content_placement=&#8221;top&#8221; css=&#8221;.vc_custom_1518514562852{padding-top: 0px !important;}&#8221;][vc_column][vc_single_image image=&#8221;790&#8243; img_size=&#8221;full&#8221; alignment=&#8221;center&#8221; css=&#8221;.vc_custom_1518514393076{padding-top: 0px !important;}&#8221;][vc_custom_heading text=&#8221;FOOD COURT GOURME&#8221; font_container=&#8221;tag:h2|font_size:46|text_align:center|color:%23000000&#8243; google_fonts=&#8221;font_family:Cinzel%3Aregular%2C700%2C900|font_style:400%20regular%3A400%3Anormal&#8221;][vc_empty_space][\/vc_column][\/vc_row][vc_row equal_height=&#8221;yes&#8221; type=&#8221;container&#8221;][vc_column width=&#8221;1\/3&#8243;][vc_column_text]<\/p>\n<p style=\"text-align: justify;\">La <strong>Food Court Gourme<\/strong> ha sido concebida por <a href=\"http:\/\/www.chefexpress.it\/\">Chef Express<\/a> (<strong>Gruppo Cremonini<\/strong>), para cubrir las m\u00faltiples exigencias de los millones de turistas y viajeros que cada a\u00f1o pasan por la zona de la Fontana di Trevi.<br \/>\nDentro del <strong>amplio espacio abierto<\/strong> es posible degustare las excelencias gastron\u00f3micas italianas, a trav\u00e9s de una amplia gama de formatos de restauraci\u00f3n:<\/p>\n<p>[\/vc_column_text][\/vc_column][vc_column width=&#8221;2\/3&#8243;][vc_row_inner equal_height=&#8221;yes&#8221;][vc_column_inner width=&#8221;1\/6&#8243;][vc_icon type=&#8221;material&#8221; icon_material=&#8221;vc-material vc-material-free_breakfast&#8221; color=&#8221;custom&#8221; align=&#8221;right&#8221; custom_color=&#8221;#e2b13c&#8221;][\/vc_column_inner][vc_column_inner width=&#8221;5\/6&#8243;][vc_custom_heading text=&#8221;MOK\u00c0: todo el gusto de la cafeter\u00eda italiana&#8221; font_container=&#8221;tag:h3|font_size:20|text_align:left&#8221; use_theme_fonts=&#8221;yes&#8221;][\/vc_column_inner][\/vc_row_inner][vc_row_inner equal_height=&#8221;yes&#8221;][vc_column_inner width=&#8221;1\/6&#8243;][vc_icon type=&#8221;material&#8221; icon_material=&#8221;vc-material vc-material-restaurant&#8221; color=&#8221;custom&#8221; align=&#8221;right&#8221; custom_color=&#8221;#e2b13c&#8221;][\/vc_column_inner][vc_column_inner width=&#8221;5\/6&#8243;][vc_custom_heading text=&#8221;MOK\u00c0 NATURE: Healthy, vegan y low fat food&#8221; font_container=&#8221;tag:h3|font_size:20|text_align:left&#8221; use_theme_fonts=&#8221;yes&#8221;][\/vc_column_inner][\/vc_row_inner][vc_row_inner equal_height=&#8221;yes&#8221;][vc_column_inner width=&#8221;1\/6&#8243;][vc_icon type=&#8221;material&#8221; icon_material=&#8221;vc-material vc-material-room_service&#8221; color=&#8221;custom&#8221; align=&#8221;right&#8221; custom_color=&#8221;#e2b13c&#8221;][\/vc_column_inner][vc_column_inner width=&#8221;5\/6&#8243;][vc_custom_heading text=&#8221;GOURME: panini, focaccia, tablas con embutidos y quesos, platos de pasta, ensaladas y platos fr\u00edos con combinaciones food&amp;wine&#8221; font_container=&#8221;tag:h3|font_size:20|text_align:left&#8221; use_theme_fonts=&#8221;yes&#8221;][\/vc_column_inner][\/vc_row_inner][vc_row_inner equal_height=&#8221;yes&#8221;][vc_column_inner width=&#8221;1\/6&#8243;][vc_icon type=&#8221;material&#8221; icon_material=&#8221;vc-material vc-material-local_pizza&#8221; color=&#8221;custom&#8221; align=&#8221;right&#8221; custom_color=&#8221;#e2b13c&#8221;][\/vc_column_inner][vc_column_inner width=&#8221;5\/6&#8243;][vc_custom_heading text=&#8221;POMODORO &amp; MOZZARELLA: pizzas con mezcla de harinas de gran calidad, mozzarella de b\u00fafala de Campania y tomate de Apulia&#8221; font_container=&#8221;tag:h3|font_size:20|text_align:left&#8221; use_theme_fonts=&#8221;yes&#8221;][\/vc_column_inner][\/vc_row_inner][vc_row_inner equal_height=&#8221;yes&#8221;][vc_column_inner width=&#8221;1\/6&#8243;][vc_icon type=&#8221;material&#8221; color=&#8221;custom&#8221; align=&#8221;right&#8221; custom_color=&#8221;#e2b13c&#8221;][\/vc_column_inner][vc_column_inner width=&#8221;5\/6&#8243;][vc_custom_heading text=&#8221;MAGNUM: vasta gama de helados y dulces&#8221; font_container=&#8221;tag:h3|font_size:20|text_align:left&#8221; use_theme_fonts=&#8221;yes&#8221;][\/vc_column_inner][\/vc_row_inner][\/vc_column][\/vc_row][vc_row equal_height=&#8221;yes&#8221;][vc_column width=&#8221;2\/3&#8243;][vc_gallery type=&#8221;nivo&#8221; interval=&#8221;5&#8243; images=&#8221;719,720,721,722,723,724,725,780,782,784&#8243; img_size=&#8221;full&#8221;][\/vc_column][vc_column width=&#8221;1\/3&#8243; css=&#8221;.vc_custom_1501085353794{padding-top: 50px !important;padding-right: 50px !important;padding-left: 20px !important;background-color: #f4f4f4 !important;}&#8221;][vc_column_text]<\/p>\n<p style=\"text-align: justify;\">Actualmente <strong>Chef Express<\/strong> cuenta con <strong>51 \u00e1reas de restauraci\u00f3n<\/strong> en la red de autopistas italianas y en las carreteras principales.<\/p>\n<p style=\"text-align: justify;\">En 2016 Chef Express S.p.A. ha obtenido unos ingresos totales consolidados de 512 millones de euros, de los cuales el 81,4% derivaban de las actividades en concesi\u00f3n (estaciones, aeropuertos y carreteras en Italia, y a bordo de trenes en el extranjero).<\/p>\n<p style=\"text-align: justify;\">En el sector de la restauraci\u00f3n de concesi\u00f3n, adem\u00e1s de las \u00e1reas de autopistas, Chef Express es <strong>l\u00edder en Italia en el mercado de los puntos de comida en las estaciones, y cuenta con 80 puntos de venta en 49 estaciones ferroviarias<\/strong>, y est\u00e1 presente tambi\u00e9n en el sector de la <strong>restauraci\u00f3n aeroportuaria, con 60 puntos de venta en 11 aeropuertos italianos<\/strong>.<\/p>\n<p style=\"text-align: justify;\">En el mercado de la restauraci\u00f3n a bordo de los trenes, Chef Express es l\u00edder en Europa con m\u00e1s de <strong>210 trenes servidos cotidianamente en 5 pa\u00edses europeos<\/strong>. Finalmente en la restauraci\u00f3n comercial, controla la cadena de restaurantes de carne con la marca <strong>Roadhouse Restaurant<\/strong>, que actualmente cuenta con <strong>115 locales en Italia<\/strong>.<\/p>\n<p>[\/vc_column_text][\/vc_column][\/vc_row][vc_row full_width=&#8221;stretch_row&#8221; css=&#8221;.vc_custom_1491483647457{margin-top: 0px !important;margin-bottom: 0px !important;border-bottom-width: 0px !important;padding-top: 0px !important;background-image: url(https:\/\/www.vicuscaprarius.com\/wp-content\/uploads\/2017\/03\/cta_bg.png?id=373) !important;}&#8221;][vc_column width=&#8221;1\/6&#8243;][\/vc_column][vc_column width=&#8221;2\/3&#8243;][vc_empty_space][vc_custom_heading text=&#8221;PARA INFORMACI\u00d3N DETALLADA SOBRE VISITAS Y RESERVAS:<br \/>\n\u00c1rea arqueol\u00f3gica subterr\u00e1nea del Vicus Caprarius &#8211; La Ciudad de Agua<br \/>\nVicolo del Puttarello 25 (zona Fontana di Trevi) \u2013 Roma<br \/>\n&#8221; font_container=&#8221;tag:p|font_size:16|text_align:center|color:%23ffffff&#8221; use_theme_fonts=&#8221;yes&#8221;][vc_empty_space height=&#8221;18px&#8221;][vc_row_inner][vc_column_inner][vc_btn title=&#8221;+39 339 7786192&#8243; style=&#8221;flat&#8221; shape=&#8221;square&#8221; color=&#8221;white&#8221; align=&#8221;center&#8221; i_icon_fontawesome=&#8221;fa fa-phone&#8221; button_block=&#8221;true&#8221; add_icon=&#8221;true&#8221; link=&#8221;url:tel%3A%2B393397786192|||&#8221;][\/vc_column_inner][\/vc_row_inner][vc_empty_space height=&#8221;18px&#8221;][\/vc_column][vc_column width=&#8221;1\/6&#8243;][\/vc_column][\/vc_row]<\/p>\n<\/div>","protected":false},"excerpt":{"rendered":"<p>[vc_row full_width=&#8221;stretch_row_content_no_spaces&#8221; content_placement=&#8221;top&#8221; css=&#8221;.vc_custom_1518514562852{padding-top: 0px !important;}&#8221;][vc_column][vc_single_image image=&#8221;790&#8243; img_size=&#8221;full&#8221; alignment=&#8221;center&#8221; css=&#8221;.vc_custom_1518514393076{padding-top: 0px !important;}&#8221;][vc_custom_heading text=&#8221;FOOD COURT GOURME&#8221; font_container=&#8221;tag:h2|font_size:46|text_align:center|color:%23000000&#8243; google_fonts=&#8221;font_family:Cinzel%3Aregular%2C700%2C900|font_style:400%20regular%3A400%3Anormal&#8221;][vc_empty_space][\/vc_column][\/vc_row][vc_row equal_height=&#8221;yes&#8221; type=&#8221;container&#8221;][vc_column width=&#8221;1\/3&#8243;][vc_column_text] La Food Court Gourme ha sido concebida por Chef Express (Gruppo Cremonini), para cubrir las m\u00faltiples exigencias de los millones de turistas y viajeros que cada a\u00f1o pasan por la zona de la Fontana di [&hellip;]<\/p>\n","protected":false},"author":1,"featured_media":0,"parent":0,"menu_order":0,"comment_status":"closed","ping_status":"closed","template":"","meta":{"footnotes":""},"class_list":["post-1035","page","type-page","status-publish","hentry"],"_links":{"self":[{"href":"https:\/\/www.vicuscaprarius.com\/es\/wp-json\/wp\/v2\/pages\/1035","targetHints":{"allow":["GET"]}}],"collection":[{"href":"https:\/\/www.vicuscaprarius.com\/es\/wp-json\/wp\/v2\/pages"}],"about":[{"href":"https:\/\/www.vicuscaprarius.com\/es\/wp-json\/wp\/v2\/types\/page"}],"author":[{"embeddable":true,"href":"https:\/\/www.vicuscaprarius.com\/es\/wp-json\/wp\/v2\/users\/1"}],"replies":[{"embeddable":true,"href":"https:\/\/www.vicuscaprarius.com\/es\/wp-json\/wp\/v2\/comments?post=1035"}],"version-history":[{"count":2,"href":"https:\/\/www.vicuscaprarius.com\/es\/wp-json\/wp\/v2\/pages\/1035\/revisions"}],"predecessor-version":[{"id":1586,"href":"https:\/\/www.vicuscaprarius.com\/es\/wp-json\/wp\/v2\/pages\/1035\/revisions\/1586"}],"wp:attachment":[{"href":"https:\/\/www.vicuscaprarius.com\/es\/wp-json\/wp\/v2\/media?parent=1035"}],"curies":[{"name":"wp","href":"https:\/\/api.w.org\/{rel}","templated":true}]}}