{"id":9385,"date":"2026-01-29T14:56:56","date_gmt":"2026-01-29T13:56:56","guid":{"rendered":"https:\/\/www.vicuscaprarius.com\/?page_id=9385"},"modified":"2026-01-29T14:56:56","modified_gmt":"2026-01-29T13:56:56","slug":"oeffnungszeiten","status":"publish","type":"page","link":"https:\/\/www.vicuscaprarius.com\/de\/oeffnungszeiten\/","title":{"rendered":"\u00d6FFNUNGSZEITEN"},"content":{"rendered":"\n<p>Die arch\u00e4ologische St\u00e4tte ist <strong>Dienstag bis Sonntag von 11:00 bis 17:00 Uhr ge\u00f6ffnet<\/strong> (letzter Einlass 16:30). <strong>Montag geschlossen.<\/strong><\/p>\n\n\n\n<p>Einlass alle 30 Minuten.<\/p>\n\n\n\n<p>Die St\u00e4tte ist <strong>unterirdisch und hat begrenzte Kapazit\u00e4t<\/strong>. <strong>Reservierungen sind an Wochenenden und Feiertagen verpflichtend<\/strong>, an Werktagen <strong>stark empfohlen<\/strong>.<\/p>\n\n\n\n<p>Reservierungen per <strong>Telefon oder WhatsApp<\/strong> unter <strong>+39 339 7786192<\/strong>.<br><em>(Telefonleitung Di\u2013So, 10:00\u201316:00)<\/em><\/p>\n","protected":false},"excerpt":{"rendered":"<p>Die arch\u00e4ologische St\u00e4tte ist Dienstag bis Sonntag von 11:00 bis 17:00 Uhr ge\u00f6ffnet (letzter Einlass 16:30). Montag geschlossen. Einlass alle 30 Minuten. Die St\u00e4tte ist unterirdisch und hat begrenzte Kapazit\u00e4t. Reservierungen sind an Wochenenden und Feiertagen verpflichtend, an Werktagen stark empfohlen. Reservierungen per Telefon oder WhatsApp unter +39 339 7786192.(Telefonleitung Di\u2013So, 10:00\u201316:00)<\/p>\n","protected":false},"author":2,"featured_media":0,"parent":0,"menu_order":0,"comment_status":"closed","ping_status":"closed","template":"","meta":{"footnotes":""},"class_list":["post-9385","page","type-page","status-publish","hentry"],"_links":{"self":[{"href":"https:\/\/www.vicuscaprarius.com\/de\/wp-json\/wp\/v2\/pages\/9385","targetHints":{"allow":["GET"]}}],"collection":[{"href":"https:\/\/www.vicuscaprarius.com\/de\/wp-json\/wp\/v2\/pages"}],"about":[{"href":"https:\/\/www.vicuscaprarius.com\/de\/wp-json\/wp\/v2\/types\/page"}],"author":[{"embeddable":true,"href":"https:\/\/www.vicuscaprarius.com\/de\/wp-json\/wp\/v2\/users\/2"}],"replies":[{"embeddable":true,"href":"https:\/\/www.vicuscaprarius.com\/de\/wp-json\/wp\/v2\/comments?post=9385"}],"version-history":[{"count":1,"href":"https:\/\/www.vicuscaprarius.com\/de\/wp-json\/wp\/v2\/pages\/9385\/revisions"}],"predecessor-version":[{"id":9386,"href":"https:\/\/www.vicuscaprarius.com\/de\/wp-json\/wp\/v2\/pages\/9385\/revisions\/9386"}],"wp:attachment":[{"href":"https:\/\/www.vicuscaprarius.com\/de\/wp-json\/wp\/v2\/media?parent=9385"}],"curies":[{"name":"wp","href":"https:\/\/api.w.org\/{rel}","templated":true}]}}