{"id":826,"date":"2018-02-13T18:26:57","date_gmt":"2018-02-13T17:26:57","guid":{"rendered":"https:\/\/www.vicuscaprarius.com\/?page_id=826"},"modified":"2023-07-19T18:13:16","modified_gmt":"2023-07-19T16:13:16","slug":"archaeologischer-bereich","status":"publish","type":"page","link":"https:\/\/www.vicuscaprarius.com\/de\/archaeologischer-bereich\/","title":{"rendered":"Arch\u00e4ologischer Bereich"},"content":{"rendered":"<div class=\"wpb-content-wrapper\"><p>[vc_row equal_height=&#8221;yes&#8221; type=&#8221;container&#8221;][vc_column width=&#8221;1\/2&#8243; css=&#8221;.vc_custom_1501078314436{padding-right: 50px !important;padding-left: 50px !important;}&#8221;][vc_empty_space height=&#8221;10px&#8221;][vc_column_text]<\/p>\n<p style=\"text-align: justify;\">Alle kennen den ber\u00fchmten Trevi-Brunnen. Weniger bekannt ist die faszinierende arch\u00e4ologische Stratifikation, die sich unterhalb des Stadtviertels erstreckt, von der die unterirdische Ausgrabungsst\u00e4tte<strong>Vicus Caprarius &#8211; Die Stadtdes Wassers<\/strong> ein beeindruckendes Beispiel ist.<\/p>\n<p style=\"text-align: justify;\">Wenige Schritte entfernt von einem der bekanntesten Bauwerke der Welt f\u00fchrte die r\u00f6mische Oberintendantur f\u00fcr Arch\u00e4ologie (unter der wissenschaftlichen Leitung von Claudio Maccheggiani Carpano) zwischen 1999und2001 arch\u00e4ologische Grabungen w\u00e4hrend der Renovierung des ehemaligen Kinos Cinema Trevi durch. Dabei wurde ein Geb\u00e4udekomplex aus der Kaiserzeit ans Licht gebracht, der ein <strong>bemerkenswertes Zeugnis f\u00fcr die Stadtstruktur des antiken Rom darstellt<\/strong>.<\/p>\n<p style=\"text-align: justify;\">Der <a href=\"https:\/\/www.cremonini.com\/\" target=\"_blank\" rel=\"noopener noreferrer\">Konzern Cremonini<\/a>, dem die Immobilie geh\u00f6rtund der die Arbeiten in Auftrag gegeben hat, zeigte sich bereit, die arch\u00e4ologische St\u00e4tte, die sich auf einer Fl\u00e4che von circa 350 m\u00b2 zwischen der Via San Vincenzo und dem Vicolo del Puttarello erstreckt, vollst\u00e4ndig wiederherzustellen und sorgf\u00e4ltig aufzuwerten.<\/p>\n<p>[\/vc_column_text][\/vc_column][vc_column width=&#8221;1\/2&#8243;][vc_single_image image=&#8221;613&#8243; img_size=&#8221;full&#8221; alignment=&#8221;center&#8221;][\/vc_column][\/vc_row][vc_row equal_height=&#8221;yes&#8221; type=&#8221;container&#8221;][vc_column width=&#8221;1\/2&#8243;][vc_empty_space height=&#8221;10px&#8221;][vc_single_image image=&#8221;618&#8243; img_size=&#8221;large&#8221; alignment=&#8221;center&#8221; onclick=&#8221;link_image&#8221;][\/vc_column][vc_column width=&#8221;1\/2&#8243; css=&#8221;.vc_custom_1501078263518{padding-right: 50px !important;padding-left: 50px !important;}&#8221;][vc_column_text]<\/p>\n<p style=\"text-align: justify;\">Der Begriff <span class=\" h-bdquo\">\u201e<\/span>Stadt des Wassers\u201c, mit dem normalerweise der <strong>arch\u00e4ologische Bereich des Vicus Caprarius<\/strong> bezeichnet wird, beruht auf dem Element, das ohne Zweifel diese St\u00e4tte am meisten kennzeichnet.<br \/>\nDas Wasser, das aus dem Trevi-Brunnen tritt, dem monumentalen Barock-Ensemble des <strong>Aqu\u00e4dukts Aqua Virgo<\/strong> <span class=\" h-lparen\">(<\/span>wovon die Ausgrabungen ein wichtiges Verteilerbecken, das <i>castellum aquae<\/i>, ans Licht gebracht haben) und das Wasser, das durch das antike Mauerwerk des arch\u00e4ologischen Bereichs gefiltert wird, versorgt weiterhin die Bleirohre und die Wannen eines luxuri\u00f6sen Wohnsitzes.<br \/>\nDie vorgefundenen Strukturen zeichnen sich durch Mauern in <i>opus latericium<\/i> aus und haben sich bis zu einer H\u00f6he von circa acht Metern erhalten. Sie beziehen sich auf eine <i>insula<\/i>, einen H\u00e4userblock mit mehreren unabh\u00e4ngigen Einheiten, der in der Mitte des 4. Jahrhunderts in eine herrschaftliche Domus umgewandelt worden war.<\/p>\n<p>[\/vc_column_text][\/vc_column][\/vc_row][vc_row equal_height=&#8221;yes&#8221; type=&#8221;container&#8221;][vc_column width=&#8221;1\/2&#8243; css=&#8221;.vc_custom_1501078289267{padding-right: 50px !important;padding-left: 50px !important;}&#8221;][vc_empty_space height=&#8221;10px&#8221;][vc_column_text]<\/p>\n<p style=\"text-align: justify;\">Aber nicht nur die imposanten Strukturen des Aqu\u00e4dukts Aqua Virgo und der Wohnbereiche machen den Besuch der Ausgrabungsst\u00e4tte einzigartig.<\/p>\n<p style=\"text-align: justify;\">In den drei Sektionen des Antiquariums sind die St\u00fccke versammelt, die w\u00e4hrend der Ausgrabungskampagne gefunden wurden: <strong>die wertvollen Verkleidungen aus mehrfarbigen Marmorarten, die raffinierten Dekorationen<\/strong> <span class=\" h-lparen\">(<\/span>darunter der ber\u00fchmte Kopf des Alexander helios), die sogenannten <i>spatheia<\/i>, afrikanische Amphoren zum Transport von \u00d6l, ein wundersch\u00f6ner<strong> <span class=\" h-bdquo\">\u201e<\/span>kleiner Schatz\u201c bestehend aus 800 M\u00fcnzen<\/strong> zeugen von den verschiedenen Verwendungs- und Lebensphasen der ans Licht gebrachten Strukturen.<\/p>\n<p>[\/vc_column_text][\/vc_column][vc_column width=&#8221;1\/2&#8243;][vc_single_image image=&#8221;412&#8243; img_size=&#8221;large&#8221; alignment=&#8221;center&#8221;][\/vc_column][\/vc_row][vc_row equal_height=&#8221;yes&#8221; type=&#8221;container&#8221;][vc_column width=&#8221;1\/2&#8243;][vc_custom_heading text=&#8221;EINTRITTSPREISE&#8221; font_container=&#8221;tag:h2|font_size:24|text_align:center&#8221; use_theme_fonts=&#8221;yes&#8221;][vc_separator color=&#8221;custom&#8221; align=&#8221;align_left&#8221; border_width=&#8221;2&#8243; accent_color=&#8221;#e2b13c&#8221;][vc_column_text]VOLLER PREIS: 4,00 \u20ac.<\/p>\n<p>ERM\u00c4SSIGT: 2,50 \u20ac (Roma Pass, Sch\u00fcler\/Studenten 18\/25 Jahre EU, Lehrer EU).<\/p>\n<p>SUPERERM\u00c4SSIGT: 1,00 \u20ac (Kinder und Jugendliche 14\/18 Jahre).<\/p>\n<p>GRATIS: Kinder unter 14, Studenten der Arch\u00e4ologie EU, <a href=\"https:\/\/www.turbopass.com\/rome-city-pass\" target=\"_blank\" rel=\"noopener noreferrer\">Rome City Pass<\/a><\/p>\n<p>[\/vc_column_text][\/vc_column][vc_column width=&#8221;1\/2&#8243;][vc_custom_heading text=&#8221;VORANMELDUNG&#8221; font_container=&#8221;tag:h2|font_size:24|text_align:center&#8221; use_theme_fonts=&#8221;yes&#8221;][vc_separator color=&#8221;custom&#8221; align=&#8221;align_left&#8221; border_width=&#8221;2&#8243; accent_color=&#8221;#e2b13c&#8221;][vc_column_text]<strong>Reservierung ist empfohlen. Am Samstag, Sonntag\u00a0und Feiertagenist erforderlich.<\/strong><\/p>\n<p>Es wird telefonisch unter +39 339 7786192 (auch Whastapp).\u00a0Die Telefonleitung ist dienstags bis sonntags von 10 bis 16 Uhr besetzt.<\/p>\n<p>[\/vc_column_text][\/vc_column][\/vc_row][vc_row equal_height=&#8221;yes&#8221;][vc_column]\t\t<!-- Onview Section -->\n\t\t<div class=\"container-fluid no-padding onview-section2\">\n\t\t\t\t\t\t\t<div class=\"col-md-5 onview-left\">\n\t\t\t\t\t<!-- Section Header -->\n\t\t\t\t\t<div class=\"section-header2\">\n\t\t\t\t\t\t<i><img decoding=\"async\" src=\"https:\/\/www.vicuscaprarius.com\/wp-content\/plugins\/history-toolkit\/lib\/images\/section-header2-2.png\" alt=\"Section Header\" \/><\/i>\n\t\t\t\t\t\t<span>F\u00fcr den Touristen<\/span>\t\t\t\t\t\t<h2>Gastlichkeit und Unterkunft<\/h2>\t\t\t\t\t<\/div><!-- Section Header \/- -->\n\t\t\t\t\t\t\t\t\t\t\t\t\t\t<\/div>\n\t\t\t\t\t\t\t<div class=\"col-md-7 onview-right\" style=\"background-image: url(https:\/\/www.vicuscaprarius.com\/wp-content\/uploads\/2017\/03\/bg_ospitalita_shadow3.jpg);\">\n\t\t\t\t\t\t\t\t\t<div class=\"onview-content\">\n\t\t\t\t\t\t<ul>\n\t\t\t\t\t\t\t<li class='col-md-6 col-sm-6 col-xs-6'><a href=\"http:\/\/www.hotelharrysbartrevi.com\/en\/\" target=\u201d_blank\u201d style=\"font-size:20px; font-family: Cinzel; color: #000;\">HARRY'S BAR HOTEL<\/a> <p style=\"font-size:13px; line-heigt:18px; text-align: center;\">Moderne, elegante, mit allem Komfort versehene Zimmer<\/p><\/li><li class='col-md-6 col-sm-6 col-xs-6'><a href=\"http:\/\/www.hotelharrysbartrevi.com\/en\/restaurant-bar\/\" target=\u201d_blank\u201d style=\"font-size:20px; font-family: Cinzel; color: #000;\">HARRY'S BAR RESTAURANT<\/a> <p style=\"font-size:13px; line-heigt:18px; text-align: center;\">Aperitifs und raffinierte K\u00fcche<\/p><\/li><li class='col-md-6 col-sm-6 col-xs-6'><a href=\"\/de\/food-court-gourme\" style=\"font-size:20px; font-family: Cinzel; color: #000;\">FOOD COURT GOURME<\/a> <p style=\"font-size:13px; line-heigt:18px; text-align: center;\">Gro\u00dfe Auswahl an Food Made in Italy<\/p><\/li><li class='col-md-6 col-sm-6 col-xs-6'><a href=\"http:\/\/www.hotelharrysbartrevi.com\/en\/meeting-events\/\" target=\u201d_blank\u201d style=\"font-size:20px; font-family: Cinzel; color: #000;\">SALA TREVI<\/a> <p style=\"font-size:13px; line-heigt:18px; text-align: center;\">Einzigarte Mehrzweck-Location<\/p><\/li>\t\t\t\t\t\t<\/ul>\n\t\t\t\t\t<\/div>\n\t\t\t\t\t\t\t\t<\/div>\n\t\t<\/div><!-- Onview Section \/- -->\n\t\t[\/vc_column][\/vc_row]<\/p>\n<\/div>","protected":false},"excerpt":{"rendered":"<p>[vc_row equal_height=&#8221;yes&#8221; type=&#8221;container&#8221;][vc_column width=&#8221;1\/2&#8243; css=&#8221;.vc_custom_1501078314436{padding-right: 50px !important;padding-left: 50px !important;}&#8221;][vc_empty_space height=&#8221;10px&#8221;][vc_column_text] Alle kennen den ber\u00fchmten Trevi-Brunnen. Weniger bekannt ist die faszinierende arch\u00e4ologische Stratifikation, die sich unterhalb des Stadtviertels erstreckt, von der die unterirdische Ausgrabungsst\u00e4tteVicus Caprarius &#8211; Die Stadtdes Wassers ein beeindruckendes Beispiel ist. Wenige Schritte entfernt von einem der bekanntesten Bauwerke der Welt f\u00fchrte die r\u00f6mische [&hellip;]<\/p>\n","protected":false},"author":1,"featured_media":0,"parent":0,"menu_order":0,"comment_status":"closed","ping_status":"closed","template":"","meta":{"footnotes":""},"class_list":["post-826","page","type-page","status-publish","hentry"],"_links":{"self":[{"href":"https:\/\/www.vicuscaprarius.com\/de\/wp-json\/wp\/v2\/pages\/826","targetHints":{"allow":["GET"]}}],"collection":[{"href":"https:\/\/www.vicuscaprarius.com\/de\/wp-json\/wp\/v2\/pages"}],"about":[{"href":"https:\/\/www.vicuscaprarius.com\/de\/wp-json\/wp\/v2\/types\/page"}],"author":[{"embeddable":true,"href":"https:\/\/www.vicuscaprarius.com\/de\/wp-json\/wp\/v2\/users\/1"}],"replies":[{"embeddable":true,"href":"https:\/\/www.vicuscaprarius.com\/de\/wp-json\/wp\/v2\/comments?post=826"}],"version-history":[{"count":18,"href":"https:\/\/www.vicuscaprarius.com\/de\/wp-json\/wp\/v2\/pages\/826\/revisions"}],"predecessor-version":[{"id":8398,"href":"https:\/\/www.vicuscaprarius.com\/de\/wp-json\/wp\/v2\/pages\/826\/revisions\/8398"}],"wp:attachment":[{"href":"https:\/\/www.vicuscaprarius.com\/de\/wp-json\/wp\/v2\/media?parent=826"}],"curies":[{"name":"wp","href":"https:\/\/api.w.org\/{rel}","templated":true}]}}