{"id":1168,"date":"2018-02-15T16:03:33","date_gmt":"2018-02-15T15:03:33","guid":{"rendered":"https:\/\/www.vicuscaprarius.com\/?page_id=1168"},"modified":"2026-01-29T14:07:03","modified_gmt":"2026-01-29T13:07:03","slug":"gruppen","status":"publish","type":"page","link":"https:\/\/www.vicuscaprarius.com\/de\/besichtigungen\/gruppen\/","title":{"rendered":"Gruppen"},"content":{"rendered":"<div class=\"wpb-content-wrapper\"><p>[vc_row][vc_column][vc_column_text css=&#8221;&#8221;]F\u00fcr Gruppen mit externem Guide, <b>Reservierung obligatorisch<\/b>, keine Zusatzkosten.<br \/>\nEmail: <b>vicus.prenotazioni@gmail.com<\/b> (Datum, Uhrzeit und Teilnehmerzahl angeben).<\/p>\n<p><strong>Tickets<\/strong>:<\/p>\n<ul>\n<li>Voll: 4,00 \u20ac<\/li>\n<li>Erm\u00e4\u00dfigt: 2,50 \u20ac (Roma Pass, EU-Studenten 18\u201325, EU-Lehrer, Journalisten, Polizei)<\/li>\n<li>Stark erm\u00e4\u00dfigt: 1,00 \u20ac (14\u201317 Jahre)<\/li>\n<li>Kostenlos: unter 14, EU-Arch\u00e4ologiestudenten, Rome City Pass<\/li>\n<\/ul>\n<p><b>Wichtige Hinweise:<\/b><\/p>\n<ul>\n<li><b>Radio-Whisper-Ger\u00e4te erforderlich<\/b>, falls nicht vorhanden, bei Reservierung anfragen (\u20ac1,50 pro Person).<\/li>\n<li>Fester Rundgang; maximale Dauer: 40 Min.<\/li>\n<li>Kinder m\u00fcssen von einem Erwachsenen begleitet werden.<\/li>\n<li>Helme, Regenschirme, Reisetaschen oder gef\u00e4hrliche Gegenst\u00e4nde verboten.<\/li>\n<li>Touristenguides willkommen; freier Eintritt, k\u00f6nnen die F\u00fchrung leiten <b>ohne andere Besucher zu st\u00f6ren<\/b>, Anweisungen des Personals folgen.<\/li>\n<\/ul>\n<p>[\/vc_column_text][\/vc_column][\/vc_row][vc_row full_width=&#8221;stretch_row&#8221; css=&#8221;.vc_custom_1491475666161{margin-top: 0px !important;padding-top: 0px !important;background-image: url(https:\/\/www.vicuscaprarius.com\/wp-content\/uploads\/2017\/03\/cta_bg.png?id=373) !important;background-position: center !important;background-repeat: no-repeat !important;background-size: cover !important;}&#8221;][vc_column width=&#8221;1\/6&#8243;][\/vc_column][vc_column width=&#8221;2\/3&#8243;][vc_empty_space][vc_custom_heading text=&#8221;Familien, Schulen, Gruppen und einzelne Besucher: f\u00fcr jeden den passenden Weg um die versteckten Sch\u00e4tze der Wasserstadt, das arkeologische Gebiet unter dem Brunnen &#8220;Fontana di Trevi&#8220;, zu entdecken.&#8221; font_container=&#8221;tag:p|font_size:18|text_align:center|color:%23ffffff&#8221; use_theme_fonts=&#8221;yes&#8221;][vc_empty_space height=&#8221;18px&#8221;][vc_row_inner][vc_column_inner width=&#8221;1\/2&#8243;][vc_btn title=&#8221;Ruf die Nummer an +39 339 7786192&#8243; style=&#8221;flat&#8221; shape=&#8221;square&#8221; color=&#8221;white&#8221; align=&#8221;center&#8221; i_icon_fontawesome=&#8221;fa fa-phone&#8221; button_block=&#8221;true&#8221; add_icon=&#8221;true&#8221; link=&#8221;url:tel%3A%2B393397786192|||&#8221;][\/vc_column_inner][vc_column_inner width=&#8221;1\/2&#8243;][vc_btn title=&#8221;Kontaktiere uns, um mehr Informationen zu erhalten&#8221; style=&#8221;outline&#8221; shape=&#8221;square&#8221; color=&#8221;white&#8221; align=&#8221;center&#8221; i_icon_fontawesome=&#8221;fa fa-envelope&#8221; button_block=&#8221;true&#8221; add_icon=&#8221;true&#8221; link=&#8221;url:https%3A%2F%2Fwww.vicuscaprarius.com%2Fde%2Fkontakte%2F|||&#8221;][\/vc_column_inner][\/vc_row_inner][vc_empty_space height=&#8221;18px&#8221;][\/vc_column][vc_column width=&#8221;1\/6&#8243;][\/vc_column][\/vc_row]<\/p>\n<\/div>","protected":false},"excerpt":{"rendered":"<p>[vc_row][vc_column][vc_column_text css=&#8221;&#8221;]F\u00fcr Gruppen mit externem Guide, Reservierung obligatorisch, keine Zusatzkosten. Email: vicus.prenotazioni@gmail.com (Datum, Uhrzeit und Teilnehmerzahl angeben). Tickets: Voll: 4,00 \u20ac Erm\u00e4\u00dfigt: 2,50 \u20ac (Roma Pass, EU-Studenten 18\u201325, EU-Lehrer, Journalisten, Polizei) Stark erm\u00e4\u00dfigt: 1,00 \u20ac (14\u201317 Jahre) Kostenlos: unter 14, EU-Arch\u00e4ologiestudenten, Rome City Pass Wichtige Hinweise: Radio-Whisper-Ger\u00e4te erforderlich, falls nicht vorhanden, bei Reservierung anfragen (\u20ac1,50 [&hellip;]<\/p>\n","protected":false},"author":1,"featured_media":0,"parent":1162,"menu_order":0,"comment_status":"closed","ping_status":"closed","template":"","meta":{"footnotes":""},"class_list":["post-1168","page","type-page","status-publish","hentry"],"_links":{"self":[{"href":"https:\/\/www.vicuscaprarius.com\/de\/wp-json\/wp\/v2\/pages\/1168","targetHints":{"allow":["GET"]}}],"collection":[{"href":"https:\/\/www.vicuscaprarius.com\/de\/wp-json\/wp\/v2\/pages"}],"about":[{"href":"https:\/\/www.vicuscaprarius.com\/de\/wp-json\/wp\/v2\/types\/page"}],"author":[{"embeddable":true,"href":"https:\/\/www.vicuscaprarius.com\/de\/wp-json\/wp\/v2\/users\/1"}],"replies":[{"embeddable":true,"href":"https:\/\/www.vicuscaprarius.com\/de\/wp-json\/wp\/v2\/comments?post=1168"}],"version-history":[{"count":8,"href":"https:\/\/www.vicuscaprarius.com\/de\/wp-json\/wp\/v2\/pages\/1168\/revisions"}],"predecessor-version":[{"id":9362,"href":"https:\/\/www.vicuscaprarius.com\/de\/wp-json\/wp\/v2\/pages\/1168\/revisions\/9362"}],"up":[{"embeddable":true,"href":"https:\/\/www.vicuscaprarius.com\/de\/wp-json\/wp\/v2\/pages\/1162"}],"wp:attachment":[{"href":"https:\/\/www.vicuscaprarius.com\/de\/wp-json\/wp\/v2\/media?parent=1168"}],"curies":[{"name":"wp","href":"https:\/\/api.w.org\/{rel}","templated":true}]}}