{"id":1162,"date":"2018-02-15T15:24:55","date_gmt":"2018-02-15T14:24:55","guid":{"rendered":"https:\/\/www.vicuscaprarius.com\/?page_id=1162"},"modified":"2024-02-15T14:59:11","modified_gmt":"2024-02-15T13:59:11","slug":"besichtigungen","status":"publish","type":"page","link":"https:\/\/www.vicuscaprarius.com\/de\/besichtigungen\/","title":{"rendered":"BESICHTIGUNGEN"},"content":{"rendered":"<div class=\"wpb-content-wrapper\"><p>[vc_row css=&#8221;.vc_custom_1491466698933{margin-top: 0px !important;margin-bottom: 0px !important;padding-top: 0px !important;padding-bottom: 0px !important;}&#8221;][vc_column]\t\t<!-- Onview Section -->\n\t\t<div class=\"container-fluid onview-section\">\n\t\t\t<!-- Container -->\n\t\t\t<div class=\"container\">\n\t\t\t\t<div class=\"col-md-5 col-sm-5 col-xs-12 img-block\">\n\t\t\t\t\t<img loading=\"lazy\" decoding=\"async\" width=\"800\" height=\"600\" src=\"https:\/\/www.vicuscaprarius.com\/wp-content\/uploads\/2017\/04\/Visita-Vicus-2.jpg\" class=\"attachment-full size-full\" alt=\"\" srcset=\"https:\/\/www.vicuscaprarius.com\/wp-content\/uploads\/2017\/04\/Visita-Vicus-2.jpg 800w, https:\/\/www.vicuscaprarius.com\/wp-content\/uploads\/2017\/04\/Visita-Vicus-2-300x225.jpg 300w, https:\/\/www.vicuscaprarius.com\/wp-content\/uploads\/2017\/04\/Visita-Vicus-2-768x576.jpg 768w\" sizes=\"auto, (max-width: 800px) 100vw, 800px\" \/>\t\t\t\t<\/div>\n\t\t\t\t<div class=\"col-md-7 col-sm-7 col-xs-12 onview-content\">\n\t\t\t\t\t\t\t\t\t\t\t\t<!-- Section Header -->\n\t\t\t\t\t\t\t<div class=\"section-header\">\n\t\t\t\t\t\t\t\t<div class=\"section-title-border\">\n\t\t\t\t\t\t\t\t\t<span>Besichtigungen<\/span>\t\t\t\t\t\t\t\t\t<h2>Einzelbesucher<\/h2>\t\t\t\t\t\t\t\t<\/div>\n\t\t\t\t\t\t\t<\/div><!-- Section Header \/- -->\n\t\t\t\t\t\t\t\t\t\t\t\t<p>Gef\u00fchrte Besichtigungen nach Voranmeldung: 8,00 \u20ac<br \/>\nSie k\u00f6nnen sich f\u00fcr eine gef\u00fchrte Besichtigung unter der Telefonnummer +39 3397786192. Die Telefonleitung ist dienstags bis sonntags von 10 bis 16 Uhr besetzt<\/p>\n<p>Verf\u00fcgbar auf Italienisch, Englisch.<\/p>\n\t\t\t\t\t<ul>\n\t\t\t\t\t\t\t\t\t\t\t<\/ul>\n\t\t\t\t<\/div>\n\t\t\t<\/div><!-- Container \/- -->\n\t\t<\/div><!-- Onview Section \/- -->\n\t\t[\/vc_column][\/vc_row][vc_row css=&#8221;.vc_custom_1491466698933{margin-top: 0px !important;margin-bottom: 0px !important;padding-top: 0px !important;padding-bottom: 0px !important;}&#8221;][vc_column]\t\t<!-- Onview Section -->\n\t\t<div class=\"container-fluid onview-section\">\n\t\t\t<!-- Container -->\n\t\t\t<div class=\"container\">\n\t\t\t\t<div class=\"col-md-5 col-sm-5 col-xs-12 img-block\">\n\t\t\t\t\t<img loading=\"lazy\" decoding=\"async\" width=\"800\" height=\"600\" src=\"https:\/\/www.vicuscaprarius.com\/wp-content\/uploads\/2017\/04\/Visita-Vicus-1.jpg\" class=\"attachment-full size-full\" alt=\"\" srcset=\"https:\/\/www.vicuscaprarius.com\/wp-content\/uploads\/2017\/04\/Visita-Vicus-1.jpg 800w, https:\/\/www.vicuscaprarius.com\/wp-content\/uploads\/2017\/04\/Visita-Vicus-1-300x225.jpg 300w, https:\/\/www.vicuscaprarius.com\/wp-content\/uploads\/2017\/04\/Visita-Vicus-1-768x576.jpg 768w\" sizes=\"auto, (max-width: 800px) 100vw, 800px\" \/>\t\t\t\t<\/div>\n\t\t\t\t<div class=\"col-md-7 col-sm-7 col-xs-12 onview-content\">\n\t\t\t\t\t\t\t\t\t\t\t\t<!-- Section Header -->\n\t\t\t\t\t\t\t<div class=\"section-header\">\n\t\t\t\t\t\t\t\t<div class=\"section-title-border\">\n\t\t\t\t\t\t\t\t\t<span>Besichtigungen<\/span>\t\t\t\t\t\t\t\t\t<h2>Gruppen<\/h2>\t\t\t\t\t\t\t\t<\/div>\n\t\t\t\t\t\t\t<\/div><!-- Section Header \/- -->\n\t\t\t\t\t\t\t\t\t\t\t\t<p>F\u00fcr organisierte Gruppen (Vereine, CRAL, Tour Operator, Pfarrgemeinden usw.) besteht die M\u00f6glichkeit, au\u00dferordentliche \u00d6ffnungszeiten mit einer Besichtigung unter der F\u00fchrung unserer Arch\u00e4ologen auch an Tagen und zu Uhrzeiten zu vereinbaren, die sich von den normalen \u00d6ffnungszeiten unterscheiden.<br \/>\nJe nach den Interessen und Anforderungen der Besucher schlagen wir drei verschiedene Arten der Besichtigung und der Vertiefung vor, die von unseren Arch\u00e4ologen, Kunsthistorikern und zugelassenen Fremdenf\u00fchrern ausgearbeitet wurden.<\/p>\n\t\t\t\t\t<ul>\n\t\t\t\t\t\t<li class='col-md-4 col-sm-6 col-xs-6'><a href=\"\/de\/besichtigungen\/gruppen\/\">Lesen Sie alles<\/a><\/li>\t\t\t\t\t<\/ul>\n\t\t\t\t<\/div>\n\t\t\t<\/div><!-- Container \/- -->\n\t\t<\/div><!-- Onview Section \/- -->\n\t\t[\/vc_column][\/vc_row][vc_row css=&#8221;.vc_custom_1491466698933{margin-top: 0px !important;margin-bottom: 0px !important;padding-top: 0px !important;padding-bottom: 0px !important;}&#8221;][vc_column]\t\t<!-- Onview Section -->\n\t\t<div class=\"container-fluid onview-section\">\n\t\t\t<!-- Container -->\n\t\t\t<div class=\"container\">\n\t\t\t\t<div class=\"col-md-5 col-sm-5 col-xs-12 img-block\">\n\t\t\t\t\t<img loading=\"lazy\" decoding=\"async\" width=\"800\" height=\"600\" src=\"https:\/\/www.vicuscaprarius.com\/wp-content\/uploads\/2017\/04\/Visita-Vicus-scuole.jpg\" class=\"attachment-full size-full\" alt=\"\" srcset=\"https:\/\/www.vicuscaprarius.com\/wp-content\/uploads\/2017\/04\/Visita-Vicus-scuole.jpg 800w, https:\/\/www.vicuscaprarius.com\/wp-content\/uploads\/2017\/04\/Visita-Vicus-scuole-300x225.jpg 300w, https:\/\/www.vicuscaprarius.com\/wp-content\/uploads\/2017\/04\/Visita-Vicus-scuole-768x576.jpg 768w\" sizes=\"auto, (max-width: 800px) 100vw, 800px\" \/>\t\t\t\t<\/div>\n\t\t\t\t<div class=\"col-md-7 col-sm-7 col-xs-12 onview-content\">\n\t\t\t\t\t\t\t\t\t\t\t\t<!-- Section Header -->\n\t\t\t\t\t\t\t<div class=\"section-header\">\n\t\t\t\t\t\t\t\t<div class=\"section-title-border\">\n\t\t\t\t\t\t\t\t\t<span>Bildungswege<\/span>\t\t\t\t\t\t\t\t\t<h2>Schulen<\/h2>\t\t\t\t\t\t\t\t<\/div>\n\t\t\t\t\t\t\t<\/div><!-- Section Header \/- -->\n\t\t\t\t\t\t\t\t\t\t\t\t<p>Alle kennen den Trevi-Brunnen, weniger bekannt ist der unterirdische Bereich unter dem Stadtviertel Trevi,.zu dem die unterirdische Ausgrabungsst\u00e4tte Vicus Caprarius-Die Stadt des Wassers geh\u00f6rt. Ausgehend von der Besichtigung dieser beeindruckenden \u201aUnterwelt\u2018 schlagen wir 4 verschiedene Arten vor, um mit der Hand die tausendj\u00e4hrige Stratifikation Roms zu ber\u00fchren und die Zeugnisse der gro\u00dfen Ereignisse zu betrachten, die die Geschichte der Stadt kennzeichnen.<\/p>\n\t\t\t\t\t<ul>\n\t\t\t\t\t\t<li class='col-md-4 col-sm-6 col-xs-6'><a href=\"\/de\/besichtigungen\/schulen\/\">Lesen Sie alles<\/a><\/li>\t\t\t\t\t<\/ul>\n\t\t\t\t<\/div>\n\t\t\t<\/div><!-- Container \/- -->\n\t\t<\/div><!-- Onview Section \/- -->\n\t\t[\/vc_column][\/vc_row][vc_row full_width=&#8221;stretch_row&#8221; css=&#8221;.vc_custom_1491483647457{margin-top: 0px !important;margin-bottom: 0px !important;border-bottom-width: 0px !important;padding-top: 0px !important;background-image: url(https:\/\/www.vicuscaprarius.com\/wp-content\/uploads\/2017\/03\/cta_bg.png?id=373) !important;}&#8221;][vc_column width=&#8221;1\/6&#8243;][\/vc_column][vc_column width=&#8221;2\/3&#8243;][vc_empty_space][vc_custom_heading text=&#8221;F\u00dcR DETAILLIERTE INFORMATIONEN \u00dcBER BESUCHE UND RESERVIERUNGEN:<br \/>\nArch\u00e4ologischer Bereich \u201eVicus Caprarius \u2013 die Stadt des Wassers\u201c<br \/>\nVicolo del Puttarello 25 (Gebiet Trevi-Brunnen) \u2013 Rom&#8221; font_container=&#8221;tag:p|font_size:16|text_align:center|color:%23ffffff&#8221; use_theme_fonts=&#8221;yes&#8221;][vc_empty_space height=&#8221;18px&#8221;][vc_row_inner][vc_column_inner width=&#8221;1\/2&#8243;][vc_btn title=&#8221;+39 339 7786192&#8243; style=&#8221;flat&#8221; shape=&#8221;square&#8221; color=&#8221;white&#8221; align=&#8221;center&#8221; i_icon_fontawesome=&#8221;fa fa-phone&#8221; button_block=&#8221;true&#8221; add_icon=&#8221;true&#8221; link=&#8221;url:tel%3A%2B393397786192|||&#8221;][\/vc_column_inner][vc_column_inner width=&#8221;1\/2&#8243;][vc_btn title=&#8221;Kontaktiere uns, um mehr Informationen zu erhalten&#8221; style=&#8221;outline&#8221; shape=&#8221;square&#8221; color=&#8221;white&#8221; align=&#8221;center&#8221; i_icon_fontawesome=&#8221;fa fa-envelope&#8221; button_block=&#8221;true&#8221; add_icon=&#8221;true&#8221; link=&#8221;url:https%3A%2F%2Fwww.vicuscaprarius.com%2Fde%2Fkontakte%2F|||&#8221;][\/vc_column_inner][\/vc_row_inner][vc_empty_space height=&#8221;18px&#8221;][\/vc_column][vc_column width=&#8221;1\/6&#8243;][\/vc_column][\/vc_row]<\/p>\n<\/div>","protected":false},"excerpt":{"rendered":"<p>[vc_row css=&#8221;.vc_custom_1491466698933{margin-top: 0px !important;margin-bottom: 0px !important;padding-top: 0px !important;padding-bottom: 0px !important;}&#8221;][vc_column][\/vc_column][\/vc_row][vc_row css=&#8221;.vc_custom_1491466698933{margin-top: 0px !important;margin-bottom: 0px !important;padding-top: 0px !important;padding-bottom: 0px !important;}&#8221;][vc_column][\/vc_column][\/vc_row][vc_row css=&#8221;.vc_custom_1491466698933{margin-top: 0px !important;margin-bottom: 0px !important;padding-top: 0px !important;padding-bottom: 0px !important;}&#8221;][vc_column][\/vc_column][\/vc_row][vc_row full_width=&#8221;stretch_row&#8221; css=&#8221;.vc_custom_1491483647457{margin-top: 0px !important;margin-bottom: 0px !important;border-bottom-width: 0px !important;padding-top: 0px !important;background-image: url(https:\/\/www.vicuscaprarius.com\/wp-content\/uploads\/2017\/03\/cta_bg.png?id=373) !important;}&#8221;][vc_column width=&#8221;1\/6&#8243;][\/vc_column][vc_column width=&#8221;2\/3&#8243;][vc_empty_space][vc_custom_heading text=&#8221;F\u00dcR DETAILLIERTE INFORMATIONEN \u00dcBER BESUCHE UND RESERVIERUNGEN: Arch\u00e4ologischer Bereich \u201eVicus Caprarius \u2013 die [&hellip;]<\/p>\n","protected":false},"author":1,"featured_media":0,"parent":0,"menu_order":0,"comment_status":"closed","ping_status":"closed","template":"","meta":{"footnotes":""},"class_list":["post-1162","page","type-page","status-publish","hentry"],"_links":{"self":[{"href":"https:\/\/www.vicuscaprarius.com\/de\/wp-json\/wp\/v2\/pages\/1162","targetHints":{"allow":["GET"]}}],"collection":[{"href":"https:\/\/www.vicuscaprarius.com\/de\/wp-json\/wp\/v2\/pages"}],"about":[{"href":"https:\/\/www.vicuscaprarius.com\/de\/wp-json\/wp\/v2\/types\/page"}],"author":[{"embeddable":true,"href":"https:\/\/www.vicuscaprarius.com\/de\/wp-json\/wp\/v2\/users\/1"}],"replies":[{"embeddable":true,"href":"https:\/\/www.vicuscaprarius.com\/de\/wp-json\/wp\/v2\/comments?post=1162"}],"version-history":[{"count":8,"href":"https:\/\/www.vicuscaprarius.com\/de\/wp-json\/wp\/v2\/pages\/1162\/revisions"}],"predecessor-version":[{"id":8715,"href":"https:\/\/www.vicuscaprarius.com\/de\/wp-json\/wp\/v2\/pages\/1162\/revisions\/8715"}],"wp:attachment":[{"href":"https:\/\/www.vicuscaprarius.com\/de\/wp-json\/wp\/v2\/media?parent=1162"}],"curies":[{"name":"wp","href":"https:\/\/api.w.org\/{rel}","templated":true}]}}