{"id":1160,"date":"2018-02-15T15:17:21","date_gmt":"2018-02-15T14:17:21","guid":{"rendered":"https:\/\/www.vicuscaprarius.com\/?page_id=1160"},"modified":"2023-07-19T18:20:21","modified_gmt":"2023-07-19T16:20:21","slug":"geschichte-der-ausgrabungen","status":"publish","type":"page","link":"https:\/\/www.vicuscaprarius.com\/de\/geschichte-der-ausgrabungen\/","title":{"rendered":"Geschichte"},"content":{"rendered":"<div class=\"wpb-content-wrapper\"><p>[vc_row equal_height=&#8221;yes&#8221; type=&#8221;container&#8221;][vc_column width=&#8221;1\/2&#8243; css=&#8221;.vc_custom_1501078314436{padding-right: 50px !important;padding-left: 50px !important;}&#8221;][vc_empty_space height=&#8221;10px&#8221;][vc_column_text]<\/p>\n<p style=\"text-align: justify;\">Als Ende der neunziger Jahre das Management der <strong>Gruppe Cremonini<\/strong> beschloss, die Arbeiten f\u00fcr die Realisierung eines Gastronomiezentrums in Kombination mit einem modernen Kino wenige Schritte entfernt vom Trevi-Brunnen zu beginnen, h\u00e4tte es sich nie vorgestellt, dass sich in den Fundamenten dieser Immobilie, dem 1985 erworbenen ehemaligen <span class=\" h-bdquo\">\u201e<\/span>Trevi\u201c-Kino, <strong>die Reste eines ausgedehnten Baukomplexes aus der r\u00f6mischen Kaiserzeit<\/strong> erhalten haben, das wertvolle Zeugnis der antiken Stadtstruktur.<br \/>\nDie Baustelle wurde im September 1999 eingerichtet. Seit den ersten Arbeitsphasen legten die mechanischen Einsatzger\u00e4te das Vorhandensein von Strukturen aus r\u00f6mischer Zeit frei, was die arch\u00e4ologische Oberintendantur in Rom die Arbeiten unverz\u00fcglich unterbrechen lie\u00df.<br \/>\nAber die Disponibilit\u00e4t und der Enthusiasmus des <strong>Cavalier Luigi Cremonini<\/strong> erm\u00f6glichten es, eine ausgedehnte Grabungskampagne zu starten <span class=\" h-lparen\">(<\/span>unter Leitung von Antonio Insalaco und wissenschaftlich betreut von Claudio Meccheggiani Carpano), die 2001 abgeschlossen wurde, und die Grundlagen f\u00fcr eines der ersten Beispiele einer erfolgreichen <strong>Zusammenarbeit zwischen \u00f6ffentlichen und privaten Stellen zu legen.<\/strong><\/p>\n<p>[\/vc_column_text][\/vc_column][vc_column width=&#8221;1\/2&#8243;][vc_single_image image=&#8221;761&#8243; img_size=&#8221;large&#8221; alignment=&#8221;center&#8221;][\/vc_column][\/vc_row][vc_row equal_height=&#8221;yes&#8221; type=&#8221;container&#8221;][vc_column width=&#8221;1\/2&#8243;][vc_single_image image=&#8221;767&#8243; img_size=&#8221;large&#8221; alignment=&#8221;center&#8221; onclick=&#8221;link_image&#8221;][\/vc_column][vc_column width=&#8221;1\/2&#8243; css=&#8221;.vc_custom_1501078263518{padding-right: 50px !important;padding-left: 50px !important;}&#8221;][vc_empty_space height=&#8221;10px&#8221;][vc_column_text]<\/p>\n<p style=\"text-align: justify;\">Gerade wegen der Gr\u00f6\u00dfe der ausgegrabenen Strukturen und des historisch-k\u00fcnstlerischen Wertes der Fundst\u00fccke wurde das urspr\u00fcngliche Projekt auf Initiative der Gruppe Cremonini tiefgreifend ge\u00e4ndert bis zur Einrichtung einer musealen St\u00e4tte, die bekannt ist als <strong><span class=\" h-bdquo\">\u201e<\/span>Vicus Caprarius <span class=\" h-ndash\">\u2013<\/span> die Stadt des Wassers\u201c.<\/strong><\/p>\n<p style=\"text-align: justify;\">Am<strong> 6. April 2004<\/strong> wurde der arch\u00e4ologische Bereich f\u00fcr das <strong>Publikum dauerhaft ge\u00f6ffnet<\/strong>, aber die Geschichte der Ausgrabungen unter dem ehemaligen <span class=\" h-bdquo\">\u201e<\/span>Trevi\u201c-Kino waren noch l\u00e4ngst nicht abgeschlossen.<br \/>\nDenn in den darauffolgenden Jahren wurde die arch\u00e4ologische St\u00e4tte weiterentwickelt und erweitert.<\/p>\n<p style=\"text-align: justify;\">Am 19. Dezember 2006 wurde nach einer vorsichtigen Restaurierung, die mehrere Monate dauerte und <span class=\" h-ndash\">\u2013<\/span> stimuliert von der Gruppe Cremonini <span class=\" h-hyphen\">&#8211;<\/span> von Alessandra Barone und Barbara Gregni unter der Leitung von Fiorenzo Catalli, Arch\u00e4ologe und Direktor der arch\u00e4ologischen Oberintendantur Rom, durchgef\u00fchrt wurde, in zwei Schauk\u00e4sten der bei den Ausgrabungen gefundene <strong><span class=\" h-bdquo\">\u201e<\/span>Schatz\u201c<\/strong> ausgestellt: mehr als <strong>800 M\u00fcnzen<\/strong> aus der Zeit vom 4. und 5. Jahrhundert n.Chr.<\/p>\n<p>[\/vc_column_text][\/vc_column][\/vc_row][vc_row equal_height=&#8221;yes&#8221; type=&#8221;container&#8221;][vc_column width=&#8221;1\/2&#8243; css=&#8221;.vc_custom_1501078289267{padding-right: 50px !important;padding-left: 50px !important;}&#8221;][vc_empty_space height=&#8221;10px&#8221;][vc_column_text]<\/p>\n<p style=\"text-align: justify;\">Drei Jahre sp\u00e4ter, am <strong>22. Dezember 2009<\/strong>, wurde die Einrichtung des <em>Antiquariums<\/em> endg\u00fcltig fertiggestellt.<\/p>\n<p style=\"text-align: justify;\"><strong>Die Gruppe Cremonini hat dann noch eine weitere Reihe von Untersuchungen an den Materialien gef\u00f6rdert, die bei den Ausgrabungen gefunden wurden<\/strong> und lange Zeit im Depot lagen, mit dem Ziel, diese <span class=\" h-bdquo\">\u201e<\/span>nachantike\u201c historische Phase <span class=\" h-lparen\">(<\/span>Mittelalter, Renaissance, 19. und 20. Jahrhundert) aufzuwerten, die aus dem arch\u00e4ologischen Bereich ein au\u00dferordentliches Beispiel f\u00fcr die Kontinuit\u00e4t des Lebens machen.<\/p>\n<p style=\"text-align: justify;\"><strong>Die Restaurierung der Fundst\u00fccke, die im Wesentlichen aus Gegenst\u00e4nden des t\u00e4glichen Gebrauchs bestehen<\/strong> <span class=\" h-lparen\">(<\/span>Kr\u00fcge und Teller aus Majolika, Messer und Gabel, Tont\u00f6pfe und flache Kocht\u00f6pfe, Flaschen aus geblasenem Glas sowie ein besonderer Ring mit einem Kastenschl\u00fcssel aus Bronze und Silber), erfolgt durch das Consorzio L\u2019Officina, auch in diesem Fall unter der wissenschaftlichen Leitung von Fiorenzo Catalli, die Ausstellungseinrichtung stammt von den Arch\u00e4ologen Alessandro Ascoli, Giuliano Catalli, Barbara Lepri und Francesca Licordari f\u00fcr Progetto Artiser s.n.c. unter der wissenschaftlichen Leitung von Antonio Insalaco, Arch\u00e4ologe und Kurator der Oberintendantur f\u00fcr Kulturg\u00fcter der Stadt Rom<\/p>\n<p>[\/vc_column_text][\/vc_column][vc_column width=&#8221;1\/2&#8243;][vc_single_image image=&#8221;770&#8243; img_size=&#8221;large&#8221; alignment=&#8221;center&#8221;][\/vc_column][\/vc_row][vc_row equal_height=&#8221;yes&#8221; type=&#8221;container&#8221;][vc_column width=&#8221;1\/2&#8243;][vc_custom_heading text=&#8221;EINTRITTSPREISE&#8221; font_container=&#8221;tag:h2|font_size:24|text_align:center&#8221; use_theme_fonts=&#8221;yes&#8221;][vc_separator color=&#8221;custom&#8221; align=&#8221;align_left&#8221; border_width=&#8221;2&#8243; accent_color=&#8221;#e2b13c&#8221;][vc_column_text]VOLLER PREIS: 4,00 \u20ac.<\/p>\n<p>ERM\u00c4SSIGT: 2,50 \u20ac (Roma Pass, Sch\u00fcler\/Studenten 18\/25 Jahre EU, Lehrer EU).<\/p>\n<p>SUPERERM\u00c4SSIGT: 1,00 \u20ac (Kinder und Jugendliche 14\/18 Jahre).<\/p>\n<p>GRATIS: Kinder unter 14, Studenten der Arch\u00e4ologie EU.<\/p>\n<p>GEF\u00dcHRTE BESICHTIGUNGEN NACH VORANMELDUNG: 8,00 \u20ac[\/vc_column_text][\/vc_column][vc_column width=&#8221;1\/2&#8243;][vc_custom_heading text=&#8221;DIE VORANMELDUNG&#8221; font_container=&#8221;tag:h2|font_size:24|text_align:center&#8221; use_theme_fonts=&#8221;yes&#8221;][vc_separator color=&#8221;custom&#8221; align=&#8221;align_left&#8221; border_width=&#8221;2&#8243; accent_color=&#8221;#e2b13c&#8221;][vc_column_text]<b>Reservierung ist empfohlen. Am Samstag, Sonntag\u00a0und Feiertagenist erforderlich.<\/b><\/p>\n<p>Es wird telefonisch unter +39 339 7786192 (auch Whastapp).\u00a0Die Telefonleitung ist dienstags bis sonntags von 10 bis 16 Uhr besetzt[\/vc_column_text][\/vc_column][\/vc_row][vc_row equal_height=&#8221;yes&#8221;][vc_column]\t\t<!-- Onview Section -->\n\t\t<div class=\"container-fluid no-padding onview-section2\">\n\t\t\t\t\t\t\t<div class=\"col-md-5 onview-left\">\n\t\t\t\t\t<!-- Section Header -->\n\t\t\t\t\t<div class=\"section-header2\">\n\t\t\t\t\t\t<i><img decoding=\"async\" src=\"https:\/\/www.vicuscaprarius.com\/wp-content\/plugins\/history-toolkit\/lib\/images\/section-header2-2.png\" alt=\"Section Header\" \/><\/i>\n\t\t\t\t\t\t<span>F\u00fcr den Touristen<\/span>\t\t\t\t\t\t<h2>Gastlichkeit und Unterkunft<\/h2>\t\t\t\t\t<\/div><!-- Section Header \/- -->\n\t\t\t\t\t\t\t\t\t\t\t\t\t\t<\/div>\n\t\t\t\t\t\t\t<div class=\"col-md-7 onview-right\" style=\"background-image: url(https:\/\/www.vicuscaprarius.com\/wp-content\/uploads\/2017\/03\/bg_ospitalita_shadow3.jpg);\">\n\t\t\t\t\t\t\t\t\t<div class=\"onview-content\">\n\t\t\t\t\t\t<ul>\n\t\t\t\t\t\t\t<li class='col-md-6 col-sm-6 col-xs-6'><a href=\"http:\/\/www.hotelharrysbartrevi.com\/en\/\" target=\u201d_blank\u201d style=\"font-size:20px; font-family: Cinzel; color: #000;\">HARRY'S BAR HOTEL<\/a> <p style=\"font-size:13px; line-heigt:18px; text-align: center;\">Moderne, elegante, mit allem Komfort versehene Zimmer<\/p><\/li><li class='col-md-6 col-sm-6 col-xs-6'><a href=\"http:\/\/www.hotelharrysbartrevi.com\/en\/restaurant-bar\/\" target=\u201d_blank\u201d style=\"font-size:20px; font-family: Cinzel; color: #000;\">HARRY'S BAR RESTAURANT<\/a> <p style=\"font-size:13px; line-heigt:18px; text-align: center;\">Aperitifs und raffinierte K\u00fcche<\/p><\/li><li class='col-md-6 col-sm-6 col-xs-6'><a href=\"\/de\/food-court-gourme\" style=\"font-size:20px; font-family: Cinzel; color: #000;\">FOOD COURT GOURME<\/a> <p style=\"font-size:13px; line-heigt:18px; text-align: center;\">Gro\u00dfe Auswahl an Food Made in Italy<\/p><\/li><li class='col-md-6 col-sm-6 col-xs-6'><a href=\"http:\/\/www.hotelharrysbartrevi.com\/en\/meeting-events\/\" target=\u201d_blank\u201d style=\"font-size:20px; font-family: Cinzel; color: #000;\">SALA TREVI<\/a> <p style=\"font-size:13px; line-heigt:18px; text-align: center;\">Einzigarte Mehrzweck-Location<\/p><\/li>\t\t\t\t\t\t<\/ul>\n\t\t\t\t\t<\/div>\n\t\t\t\t\t\t\t\t<\/div>\n\t\t<\/div><!-- Onview Section \/- -->\n\t\t[\/vc_column][\/vc_row][vc_row][vc_column][vc_column_text][\/vc_column_text][\/vc_column][\/vc_row]<\/p>\n<\/div>","protected":false},"excerpt":{"rendered":"<p>[vc_row equal_height=&#8221;yes&#8221; type=&#8221;container&#8221;][vc_column width=&#8221;1\/2&#8243; css=&#8221;.vc_custom_1501078314436{padding-right: 50px !important;padding-left: 50px !important;}&#8221;][vc_empty_space height=&#8221;10px&#8221;][vc_column_text] Als Ende der neunziger Jahre das Management der Gruppe Cremonini beschloss, die Arbeiten f\u00fcr die Realisierung eines Gastronomiezentrums in Kombination mit einem modernen Kino wenige Schritte entfernt vom Trevi-Brunnen zu beginnen, h\u00e4tte es sich nie vorgestellt, dass sich in den Fundamenten dieser Immobilie, dem 1985 [&hellip;]<\/p>\n","protected":false},"author":1,"featured_media":0,"parent":0,"menu_order":0,"comment_status":"closed","ping_status":"closed","template":"","meta":{"footnotes":""},"class_list":["post-1160","page","type-page","status-publish","hentry"],"_links":{"self":[{"href":"https:\/\/www.vicuscaprarius.com\/de\/wp-json\/wp\/v2\/pages\/1160","targetHints":{"allow":["GET"]}}],"collection":[{"href":"https:\/\/www.vicuscaprarius.com\/de\/wp-json\/wp\/v2\/pages"}],"about":[{"href":"https:\/\/www.vicuscaprarius.com\/de\/wp-json\/wp\/v2\/types\/page"}],"author":[{"embeddable":true,"href":"https:\/\/www.vicuscaprarius.com\/de\/wp-json\/wp\/v2\/users\/1"}],"replies":[{"embeddable":true,"href":"https:\/\/www.vicuscaprarius.com\/de\/wp-json\/wp\/v2\/comments?post=1160"}],"version-history":[{"count":11,"href":"https:\/\/www.vicuscaprarius.com\/de\/wp-json\/wp\/v2\/pages\/1160\/revisions"}],"predecessor-version":[{"id":8402,"href":"https:\/\/www.vicuscaprarius.com\/de\/wp-json\/wp\/v2\/pages\/1160\/revisions\/8402"}],"wp:attachment":[{"href":"https:\/\/www.vicuscaprarius.com\/de\/wp-json\/wp\/v2\/media?parent=1160"}],"curies":[{"name":"wp","href":"https:\/\/api.w.org\/{rel}","templated":true}]}}