{"id":1158,"date":"2018-02-15T14:52:23","date_gmt":"2018-02-15T13:52:23","guid":{"rendered":"https:\/\/www.vicuscaprarius.com\/?page_id=1158"},"modified":"2018-02-21T11:28:48","modified_gmt":"2018-02-21T10:28:48","slug":"gastlichkeit-und-unterkunft","status":"publish","type":"page","link":"https:\/\/www.vicuscaprarius.com\/de\/gastlichkeit-und-unterkunft\/","title":{"rendered":"Gastlichkeit"},"content":{"rendered":"<div class=\"wpb-content-wrapper\"><p>[vc_row equal_height=&#8221;yes&#8221; type=&#8221;container&#8221;][vc_column width=&#8221;1\/2&#8243;][vc_column_text]<\/p>\n<p style=\"text-align: justify;\">Innerhalb desselben Geb\u00e4udes, in dem der <i>Vicus Caprarius<\/i> ans Licht gebracht wurde, ist es m\u00f6glich, im <strong>modernen und komfortablen<\/strong> <a href=\"http:\/\/www.hotelharrysbartrevi.com\/en\/\">Harry\u2019s Bar Hotel <\/a>zu \u00fcbernachten oder eine schmackhafte Pause im raffinierten <a href=\"http:\/\/www.hotelharrysbartrevi.com\/en\/restaurant-bar\/\">Restaurant <\/a>einzulegen.<br \/>\nDas Hotel verf\u00fcgt \u00fcber <strong>13 Zimmer und 3 Dependancen<\/strong>, die modern und funktionell ausgestattet sind.<br \/>\nIm renommierten Restaurant Harry\u2019s Bar Trevi ist es m\u00f6glich, <strong>die Gerichte der italienischen Tradition<\/strong> zu kosten, die nach Originalrezepten und mit sorgf\u00e4ltig ausgew\u00e4hlten Zutaten zubereitet werden, mit besonderer Aufmerksamkeit f\u00fcr die emilianische K\u00fcche.<\/p>\n<p>[\/vc_column_text][\/vc_column][vc_column width=&#8221;1\/2&#8243;][vc_column_text]<\/p>\n<p style=\"text-align: justify;\">Neben den gro\u00dfen Klassikern kann man die <em><span class=\" h-bdquo\">\u201e<\/span>Modeneser Tortellini mit Parmesancreme\u201c<\/em>, den <em><span class=\" h-bdquo\">\u201e<\/span>Risotto mit traditionellem Balsamessig aus Modena\u201c<\/em> und eine reichhaltige Auswahl von Wurstwaren, begleitet von <em><span class=\" h-bdquo\">\u201e<\/span>Gnocco Fritto\u201c<\/em> <span class=\" h-lparen\">(<\/span>frittierte Hefekl\u00f6\u00dfe).<br \/>\nDie k\u00fcrzlich erfolgte Renovierung des Geb\u00e4udes hat au\u00dferdem die Gelegenheit geboten, ein neues wichtiges Gastronomiekonzept unter dem Brand Gourm\u00e8 zu schaffen: Pizza, Wurstwaren, Salate, Eiscremes und alles, was zum Besten des <strong>Made in Italy<\/strong> geh\u00f6rt, in einem weitr\u00e4umigen Food Court gleich neben der arch\u00e4ologischen St\u00e4tte des Vicus Caprarius.<\/p>\n<p>[\/vc_column_text][\/vc_column][\/vc_row][vc_row equal_height=&#8221;yes&#8221;][vc_column]\t\t<!-- Onview Section -->\n\t\t<div class=\"container-fluid no-padding onview-section2\">\n\t\t\t\t\t\t\t<div class=\"col-md-5 onview-left\">\n\t\t\t\t\t<!-- Section Header -->\n\t\t\t\t\t<div class=\"section-header2\">\n\t\t\t\t\t\t<i><img decoding=\"async\" src=\"https:\/\/www.vicuscaprarius.com\/wp-content\/plugins\/history-toolkit\/lib\/images\/section-header2-2.png\" alt=\"Section Header\" \/><\/i>\n\t\t\t\t\t\t<span>F\u00fcr den Touristen<\/span>\t\t\t\t\t\t<h2>Gastlichkeit und Unterkunft<\/h2>\t\t\t\t\t<\/div><!-- Section Header \/- -->\n\t\t\t\t\t\t\t\t\t\t\t\t\t\t<\/div>\n\t\t\t\t\t\t\t<div class=\"col-md-7 onview-right\" style=\"background-image: url(https:\/\/www.vicuscaprarius.com\/wp-content\/uploads\/2017\/03\/bg_ospitalita_shadow3.jpg);\">\n\t\t\t\t\t\t\t\t\t<div class=\"onview-content\">\n\t\t\t\t\t\t<ul>\n\t\t\t\t\t\t\t<li class='col-md-6 col-sm-6 col-xs-6'><a href=\"http:\/\/www.hotelharrysbartrevi.com\/en\/\" target=\u201d_blank\u201d style=\"font-size:20px; font-family: Cinzel; color: #000;\">HARRY'S BAR HOTEL<\/a> <p style=\"font-size:13px; line-heigt:18px; text-align: center;\">Moderne, elegante, mit allem Komfort versehene Zimmer<\/p><\/li><li class='col-md-6 col-sm-6 col-xs-6'><a href=\"http:\/\/www.hotelharrysbartrevi.com\/en\/restaurant-bar\/\" target=\u201d_blank\u201d style=\"font-size:20px; font-family: Cinzel; color: #000;\">HARRY'S BAR RESTAURANT<\/a> <p style=\"font-size:13px; line-heigt:18px; text-align: center;\">Aperitifs und raffinierte K\u00fcche<\/p><\/li><li class='col-md-6 col-sm-6 col-xs-6'><a href=\"\/de\/food-court-gourme\" style=\"font-size:20px; font-family: Cinzel; color: #000;\">FOOD COURT GOURME<\/a> <p style=\"font-size:13px; line-heigt:18px; text-align: center;\">Gro\u00dfe Auswahl an Food Made in Italy<\/p><\/li><li class='col-md-6 col-sm-6 col-xs-6'><a href=\"http:\/\/www.hotelharrysbartrevi.com\/en\/meeting-events\/\" target=\u201d_blank\u201d style=\"font-size:20px; font-family: Cinzel; color: #000;\">SALA TREVI<\/a> <p style=\"font-size:13px; line-heigt:18px; text-align: center;\">Einzigarte Mehrzweck-Location<\/p><\/li>\t\t\t\t\t\t<\/ul>\n\t\t\t\t\t<\/div>\n\t\t\t\t\t\t\t\t<\/div>\n\t\t<\/div><!-- Onview Section \/- -->\n\t\t[\/vc_column][\/vc_row]<\/p>\n<\/div>","protected":false},"excerpt":{"rendered":"<p>[vc_row equal_height=&#8221;yes&#8221; type=&#8221;container&#8221;][vc_column width=&#8221;1\/2&#8243;][vc_column_text] Innerhalb desselben Geb\u00e4udes, in dem der Vicus Caprarius ans Licht gebracht wurde, ist es m\u00f6glich, im modernen und komfortablen Harry\u2019s Bar Hotel zu \u00fcbernachten oder eine schmackhafte Pause im raffinierten Restaurant einzulegen. Das Hotel verf\u00fcgt \u00fcber 13 Zimmer und 3 Dependancen, die modern und funktionell ausgestattet sind. Im renommierten Restaurant Harry\u2019s [&hellip;]<\/p>\n","protected":false},"author":1,"featured_media":0,"parent":0,"menu_order":0,"comment_status":"closed","ping_status":"closed","template":"","meta":{"footnotes":""},"class_list":["post-1158","page","type-page","status-publish","hentry"],"_links":{"self":[{"href":"https:\/\/www.vicuscaprarius.com\/de\/wp-json\/wp\/v2\/pages\/1158","targetHints":{"allow":["GET"]}}],"collection":[{"href":"https:\/\/www.vicuscaprarius.com\/de\/wp-json\/wp\/v2\/pages"}],"about":[{"href":"https:\/\/www.vicuscaprarius.com\/de\/wp-json\/wp\/v2\/types\/page"}],"author":[{"embeddable":true,"href":"https:\/\/www.vicuscaprarius.com\/de\/wp-json\/wp\/v2\/users\/1"}],"replies":[{"embeddable":true,"href":"https:\/\/www.vicuscaprarius.com\/de\/wp-json\/wp\/v2\/comments?post=1158"}],"version-history":[{"count":6,"href":"https:\/\/www.vicuscaprarius.com\/de\/wp-json\/wp\/v2\/pages\/1158\/revisions"}],"predecessor-version":[{"id":1467,"href":"https:\/\/www.vicuscaprarius.com\/de\/wp-json\/wp\/v2\/pages\/1158\/revisions\/1467"}],"wp:attachment":[{"href":"https:\/\/www.vicuscaprarius.com\/de\/wp-json\/wp\/v2\/media?parent=1158"}],"curies":[{"name":"wp","href":"https:\/\/api.w.org\/{rel}","templated":true}]}}