{"id":1147,"date":"2018-02-15T13:07:24","date_gmt":"2018-02-15T12:07:24","guid":{"rendered":"https:\/\/www.vicuscaprarius.com\/?page_id=1147"},"modified":"2026-02-06T13:03:13","modified_gmt":"2026-02-06T12:03:13","slug":"home","status":"publish","type":"page","link":"https:\/\/www.vicuscaprarius.com\/de\/","title":{"rendered":"Home"},"content":{"rendered":"<div class=\"wpb-content-wrapper\"><p>[vc_row][vc_column][rev_slider_vc alias=&#8221;home-slider1&#8243;][\/vc_column][\/vc_row][vc_row equal_height=&#8221;yes&#8221; type=&#8221;container&#8221; css=&#8221;.vc_custom_1519036897619{margin-bottom: 0px !important;padding-top: 30px !important;padding-bottom: 0px !important;}&#8221;][vc_column width=&#8221;1\/2&#8243;]\t\r\n\t<!-- Welcome Section -->\r\n\t<div id=\"welcome-section\" class=\"container-fluid welcome-section\">\r\n\t\t<!-- Container -->\r\n\t\t<div class=\"container\">\r\n\t\t\t\t\t\t\t\t<!-- Section Header -->\r\n\t\t\t\t\t<div class=\"section-header\">\r\n\t\t\t\t\t\t<div class=\"section-title-border\">\r\n\t\t\t\t\t\t\t<span>Willkommen in der<\/span>\t\t\t\t\t\t\t<h2>DIE STADT DES WASSERS<\/h2>\t\t\t\t\t\t<\/div>\r\n\t\t\t\t\t<\/div><!-- Section Header \/- -->\r\n\t\t\t\t\t\t\t\t\t\t<!-- Row -->\r\n\t\t\t\t\t<div class=\"row\">\r\n\t\t\t\t\t\t<div id=\"welcome-carousel\" class=\"carousel slide\" data-ride=\"carousel\">\r\n\t\t\t\t\t\t\t<!-- Wrapper for slides -->\r\n\t\t\t\t\t\t\t<div class=\"carousel-inner\" role=\"listbox\">\r\n\t\t\t\t\t\t\t\t\t\t\t\t\t\t\t\t\t\t<div class=\"item active\">\r\n\t\t\t\t\t\t\t\t\t\t\t<div class=\"col-md-6 col-sm-6 content-block\">\r\n\t\t\t\t\t\t\t\t\t\t\t\t\t\t\t\t\t\t\t\t\t\t\t\t\t\t\t\t\t\t\t\t\t\t\t<\/div>\r\n\t\t\t\t\t\t\t\t\t\t\t<div class=\"col-md-6 col-sm-6 img-block\">\r\n\t\t\t\t\t\t\t\t\t\t\t\t<i><\/i>\r\n\t\t\t\t\t\t\t\t\t\t\t<\/div>\r\n\t\t\t\t\t\t\t\t\t\t<\/div>\r\n\t\t\t\t\t\t\t\t\t\t\t\t\t\t\t\t\t<\/div>\r\n\t\t\t\t\t\t\t<!-- Controls -->\r\n\t\t\t\t\t\t\t<div class=\"wc-controls\">\r\n\t\t\t\t\t\t\t\t<a class=\"left carousel-control\" href=\"#welcome-carousel\" role=\"button\" data-slide=\"prev\">\r\n\t\t\t\t\t\t\t\t\t<span><\/span>\r\n\t\t\t\t\t\t\t\t<\/a>\r\n\t\t\t\t\t\t\t\t<a class=\"right carousel-control\" href=\"#welcome-carousel\" role=\"button\" data-slide=\"next\">\r\n\t\t\t\t\t\t\t\t\t<span><\/span>\r\n\t\t\t\t\t\t\t\t<\/a>\r\n\t\t\t\t\t\t\t<\/div>\r\n\t\t\t\t\t\t<\/div>\r\n\t\t\t\t\t<\/div><!-- Row \/- -->\r\n\t\t\t\t\t\t\t<\/div><!-- Container \/- -->\r\n\t<\/div><!-- Welcome Section \/- -->\r\n\t[vc_column_text]<\/p>\n<p style=\"text-align: justify;\">Alle kennen den Trevi-Brunnen, weniger bekannt ist das unterirdische Areal unter dem Stadtviertel Trevi.<\/p>\n<p style=\"text-align: justify;\">Zu diesem verzwickten Labyrinth aus alten Ruinen geh\u00f6rt der unterirdischen Ausgrabungsst\u00e4tte <strong>Vicus Caprarius-Die Stadt des Wassers<\/strong>: die Strukturen einer domus aus der Kaiserzeit, das castellum aquae des Aqu\u00e4dukts Aqua Virgo und die beeindruckenden Fundst\u00fccke (darunter das ber\u00fchmte Antlitz des Alexander helios), die bei der Renovierung des ehemaligen Kinos Cinema Trevi ans Licht gekommen sind.<\/p>\n<p style=\"text-align: justify;\">Bei einer Reise zur\u00fcck in die Zeit wird es m\u00f6glich sein, mit der Hand die tausendj\u00e4hrige Stratifikation Roms zu ber\u00fchren und die arch\u00e4ologischen Zeugnisse der gro\u00dfen Ereignisse zu betrachten, die die Geschichte der Stadt kennzeichnen, von der Realisierung des Aqu\u00e4dukts Aqua Virgo bis zur Feuersbrunst unter Kaiser Nero, von der Pl\u00fcnderung Alarichs bis zur Belagerung durch die Goten.<\/p>\n<p>[\/vc_column_text][vc_row_inner][vc_column_inner width=&#8221;1\/4&#8243;][vc_empty_space height=&#8221;15px&#8221;][vc_separator color=&#8221;orange&#8221; align=&#8221;align_left&#8221; border_width=&#8221;2&#8243;][\/vc_column_inner][vc_column_inner width=&#8221;1\/4&#8243;][vc_custom_heading text=&#8221;LIES ALLER&#8221; font_container=&#8221;tag:p|font_size:12|text_align:left|color:%23222222&#8243; google_fonts=&#8221;font_family:Montserrat%3Aregular%2C700|font_style:400%20regular%3A400%3Anormal&#8221; link=&#8221;url:%2Fde%2Farchaeologischer-bereich%2F|||&#8221;][\/vc_column_inner][vc_column_inner width=&#8221;1\/4&#8243;][\/vc_column_inner][vc_column_inner width=&#8221;1\/4&#8243;][\/vc_column_inner][\/vc_row_inner][\/vc_column][vc_column width=&#8221;1\/2&#8243;][vc_single_image image=&#8221;1386&#8243; img_size=&#8221;full&#8221; alignment=&#8221;right&#8221;][\/vc_column][\/vc_row][vc_row full_width=&#8221;stretch_row&#8221; css=&#8221;.vc_custom_1491475666161{margin-top: 0px !important;padding-top: 0px !important;background-image: url(https:\/\/www.vicuscaprarius.com\/wp-content\/uploads\/2017\/03\/cta_bg.png?id=373) !important;background-position: center !important;background-repeat: no-repeat !important;background-size: cover !important;}&#8221;][vc_column width=&#8221;1\/6&#8243;][\/vc_column][vc_column width=&#8221;2\/3&#8243;][vc_empty_space][vc_custom_heading text=&#8221;Um den Besuch zu buchen:&#8221; font_container=&#8221;tag:p|font_size:18|text_align:center|color:%23ffffff&#8221; use_theme_fonts=&#8221;yes&#8221; css=&#8221;&#8221;][vc_empty_space height=&#8221;18px&#8221;][vc_row_inner][vc_column_inner][vc_btn title=&#8221;Ruf die Nummer an +39 339 7786192&#8243; style=&#8221;flat&#8221; shape=&#8221;square&#8221; color=&#8221;white&#8221; align=&#8221;center&#8221; i_icon_fontawesome=&#8221;fa fa-phone&#8221; button_block=&#8221;true&#8221; add_icon=&#8221;true&#8221; link=&#8221;url:tel%3A%2B393397786192|||&#8221;][\/vc_column_inner][\/vc_row_inner][vc_empty_space height=&#8221;18px&#8221;][\/vc_column][vc_column width=&#8221;1\/6&#8243;][\/vc_column][\/vc_row][vc_row css=&#8221;.vc_custom_1491475657039{margin-bottom: 0px !important;padding-bottom: 0px !important;}&#8221;][vc_column][vc_empty_space][vc_custom_heading text=&#8221;FOLGE @vicuscaprarius AUF INSTAGRAM&#8221; font_container=&#8221;tag:p|font_size:16|text_align:center|color:%23e2b13c&#8221; google_fonts=&#8221;font_family:Montserrat%3Aregular%2C700|font_style:400%20regular%3A400%3Anormal&#8221; link=&#8221;url:http%3A%2F%2Finstagram.com%2Fvicuscaprarius|||&#8221;][vc_column_text css=&#8221;&#8221;]<span aria-hidden=\"true\">        <div\n            class=\"spotlight-instagram-feed\"\n            data-feed-var=\"6ef4413b\"\n            data-analytics=\"0\"\n            data-instance=\"1147\"\n        >\n        <\/div>\n        <input type=\"hidden\" id=\"sli__f__6ef4413b\" data-json='{&quot;useCase&quot;:&quot;accounts&quot;,&quot;template&quot;:&quot;classic&quot;,&quot;layout&quot;:&quot;grid&quot;,&quot;numColumns&quot;:{&quot;desktop&quot;:6},&quot;highlightFreq&quot;:{&quot;desktop&quot;:7},&quot;sliderNumScrollPosts&quot;:{&quot;desktop&quot;:1},&quot;sliderInfinite&quot;:true,&quot;sliderLoop&quot;:false,&quot;sliderArrowPos&quot;:{&quot;desktop&quot;:&quot;inside&quot;},&quot;sliderArrowSize&quot;:{&quot;desktop&quot;:20},&quot;sliderArrowColor&quot;:{&quot;r&quot;:255,&quot;b&quot;:255,&quot;g&quot;:255,&quot;a&quot;:1},&quot;sliderArrowBgColor&quot;:{&quot;r&quot;:0,&quot;b&quot;:0,&quot;g&quot;:0,&quot;a&quot;:0.8},&quot;sliderAutoScroll&quot;:false,&quot;sliderAutoInterval&quot;:3,&quot;postOrder&quot;:&quot;date_desc&quot;,&quot;numPosts&quot;:{&quot;desktop&quot;:12},&quot;linkBehavior&quot;:{&quot;desktop&quot;:&quot;lightbox&quot;},&quot;feedWidth&quot;:{&quot;desktop&quot;:&quot;&quot;},&quot;feedHeight&quot;:{&quot;desktop&quot;:&quot;&quot;},&quot;feedPadding&quot;:{&quot;desktop&quot;:24,&quot;tablet&quot;:14,&quot;phone&quot;:10},&quot;imgPadding&quot;:{&quot;desktop&quot;:10,&quot;tablet&quot;:10,&quot;phone&quot;:6},&quot;ratio&quot;:&quot;portrait&quot;,&quot;textSize&quot;:{&quot;desktop&quot;:&quot;&quot;,&quot;tablet&quot;:&quot;&quot;,&quot;phone&quot;:&quot;&quot;},&quot;bgColor&quot;:{&quot;r&quot;:255,&quot;g&quot;:255,&quot;b&quot;:255,&quot;a&quot;:1},&quot;hoverInfo&quot;:[&quot;likes_comments&quot;,&quot;insta_link&quot;],&quot;textColorHover&quot;:{&quot;r&quot;:255,&quot;g&quot;:255,&quot;b&quot;:255,&quot;a&quot;:1},&quot;bgColorHover&quot;:{&quot;r&quot;:0,&quot;g&quot;:0,&quot;b&quot;:0,&quot;a&quot;:0.5},&quot;showHeader&quot;:{&quot;desktop&quot;:true},&quot;headerInfo&quot;:{&quot;desktop&quot;:[&quot;profile_pic&quot;]},&quot;headerAccount&quot;:5,&quot;headerStyle&quot;:{&quot;desktop&quot;:&quot;normal&quot;,&quot;phone&quot;:&quot;normal&quot;},&quot;headerTextSize&quot;:{&quot;desktop&quot;:&quot;&quot;},&quot;headerPhotoSize&quot;:{&quot;desktop&quot;:50},&quot;headerTextColor&quot;:{&quot;r&quot;:0,&quot;g&quot;:0,&quot;b&quot;:0,&quot;a&quot;:1},&quot;headerBgColor&quot;:{&quot;r&quot;:255,&quot;g&quot;:255,&quot;b&quot;:255,&quot;a&quot;:0},&quot;headerPadding&quot;:{&quot;desktop&quot;:0,&quot;phone&quot;:0},&quot;customProfilePic&quot;:0,&quot;customBioText&quot;:&quot;&quot;,&quot;includeStories&quot;:false,&quot;storiesInterval&quot;:5,&quot;showCaptions&quot;:{&quot;desktop&quot;:false},&quot;captionMaxLength&quot;:{&quot;desktop&quot;:0},&quot;captionRemoveDots&quot;:false,&quot;captionSize&quot;:{&quot;desktop&quot;:0},&quot;captionColor&quot;:{&quot;r&quot;:0,&quot;g&quot;:0,&quot;b&quot;:0,&quot;a&quot;:1},&quot;showLikes&quot;:{&quot;desktop&quot;:false},&quot;showComments&quot;:{&quot;desktop&quot;:false},&quot;lcIconSize&quot;:{&quot;desktop&quot;:14},&quot;likesIconColor&quot;:{&quot;r&quot;:0,&quot;g&quot;:0,&quot;b&quot;:0,&quot;a&quot;:1},&quot;commentsIconColor&quot;:{&quot;r&quot;:0,&quot;g&quot;:0,&quot;b&quot;:0,&quot;a&quot;:1},&quot;lightboxShowSidebar&quot;:false,&quot;lightboxCtaStyle&quot;:&quot;link&quot;,&quot;lightboxCtaDesign&quot;:{&quot;text&quot;:{&quot;color&quot;:{&quot;r&quot;:0,&quot;g&quot;:0,&quot;b&quot;:0,&quot;a&quot;:1},&quot;align&quot;:&quot;center&quot;},&quot;bgColor&quot;:{&quot;r&quot;:230,&quot;g&quot;:230,&quot;b&quot;:230,&quot;a&quot;:1},&quot;border&quot;:{&quot;radius&quot;:3}},&quot;numLightboxComments&quot;:50,&quot;showLoadMoreBtn&quot;:{&quot;desktop&quot;:true},&quot;loadMoreBtnDesign&quot;:{&quot;text&quot;:{&quot;color&quot;:{&quot;r&quot;:226,&quot;g&quot;:177,&quot;b&quot;:60,&quot;a&quot;:1},&quot;align&quot;:&quot;center&quot;},&quot;border&quot;:{&quot;radius&quot;:3},&quot;bgColor&quot;:{&quot;r&quot;:239,&quot;g&quot;:214,&quot;b&quot;:56,&quot;a&quot;:0.1},&quot;margin&quot;:{&quot;top&quot;:0,&quot;bottom&quot;:0,&quot;left&quot;:0,&quot;right&quot;:0}},&quot;loadMoreBtnText&quot;:&quot;Load More Posts&quot;,&quot;loadMoreBtnScroll&quot;:false,&quot;autoload&quot;:false,&quot;showFollowBtn&quot;:{&quot;desktop&quot;:true},&quot;followBtnText&quot;:&quot;Follow on Instagram&quot;,&quot;followBtnDesign&quot;:{&quot;text&quot;:{&quot;color&quot;:{&quot;r&quot;:255,&quot;g&quot;:255,&quot;b&quot;:255,&quot;a&quot;:1},&quot;align&quot;:&quot;center&quot;},&quot;border&quot;:{&quot;radius&quot;:3},&quot;bgColor&quot;:{&quot;r&quot;:226,&quot;g&quot;:177,&quot;b&quot;:60,&quot;a&quot;:1},&quot;margin&quot;:{&quot;top&quot;:0,&quot;bottom&quot;:0,&quot;left&quot;:0,&quot;right&quot;:0}},&quot;followBtnLocation&quot;:{&quot;desktop&quot;:&quot;header&quot;,&quot;phone&quot;:&quot;bottom&quot;},&quot;alignFooterButtons&quot;:{&quot;desktop&quot;:false},&quot;customCss&quot;:&quot;\\\/* Enter your custom CSS below *\\\/\\n\\n&quot;,&quot;accounts&quot;:[9189],&quot;tagged&quot;:[],&quot;hashtags&quot;:[],&quot;mediaType&quot;:&quot;all&quot;,&quot;hashtagWhitelist&quot;:[],&quot;hashtagBlacklist&quot;:[],&quot;captionWhitelist&quot;:[],&quot;captionBlacklist&quot;:[],&quot;hashtagWhitelistSettings&quot;:true,&quot;hashtagBlacklistSettings&quot;:true,&quot;captionWhitelistSettings&quot;:true,&quot;captionBlacklistSettings&quot;:true,&quot;moderation&quot;:[],&quot;moderationMode&quot;:&quot;blacklist&quot;,&quot;promosVersion&quot;:2,&quot;promosEnabled&quot;:true,&quot;globalPromosEnabled&quot;:true,&quot;autoPromosEnabled&quot;:true,&quot;promoOverrides&quot;:[],&quot;feedPromo&quot;:{&quot;linkSource&quot;:{&quot;type&quot;:null},&quot;linkBehavior&quot;:{&quot;openNewTab&quot;:false,&quot;showPopupBox&quot;:false},&quot;linkText&quot;:&quot;&quot;},&quot;gaCampaignSource&quot;:&quot;&quot;,&quot;gaCampaignMedium&quot;:&quot;&quot;,&quot;gaCampaignName&quot;:&quot;&quot;}' \/>\n        <input type=\"hidden\" id=\"sli__a__6ef4413b\" data-json='[{&quot;id&quot;:9189,&quot;type&quot;:&quot;PERSONAL&quot;,&quot;userId&quot;:&quot;26274806652125415&quot;,&quot;username&quot;:&quot;vicuscaprarius&quot;,&quot;bio&quot;:&quot;&quot;,&quot;customBio&quot;:&quot;\\ud83c\\uddee\\ud83c\\uddf9Area archeologica sotterranea | account ufficiale\\n\\ud83c\\uddec\\ud83c\\udde7Archeological underground site | official account\\n\\ud83d\\udc47\\ud83c\\udffcPrenotazioni \\\/ Reservations \\\/ Reservas\\nvicolo del puttarello 25, Rome, Italy 00187\\nlinktr.ee\\\/vicuscaprarius&quot;,&quot;profilePicUrl&quot;:&quot;&quot;,&quot;customProfilePicUrl&quot;:&quot;https:\\\/\\\/www.vicuscaprarius.com\\\/wp-content\\\/uploads\\\/2026\\\/01\\\/vicuscaprarius.jpg&quot;,&quot;mediaCount&quot;:&quot;76&quot;,&quot;followersCount&quot;:&quot;0&quot;,&quot;usages&quot;:[],&quot;creationDate&quot;:&quot;2026-01-28 14:31:49&quot;}]' \/>\n        <input type=\"hidden\" id=\"sli__m__6ef4413b\" data-json='[]' \/>\n        <\/span>[\/vc_column_text][\/vc_column][\/vc_row]<\/p>\n<\/div>","protected":false},"excerpt":{"rendered":"<p>[vc_row][vc_column][rev_slider_vc alias=&#8221;home-slider1&#8243;][\/vc_column][\/vc_row][vc_row equal_height=&#8221;yes&#8221; type=&#8221;container&#8221; css=&#8221;.vc_custom_1519036897619{margin-bottom: 0px !important;padding-top: 30px !important;padding-bottom: 0px !important;}&#8221;][vc_column width=&#8221;1\/2&#8243;][vc_column_text] Alle kennen den Trevi-Brunnen, weniger bekannt ist das unterirdische Areal unter dem Stadtviertel Trevi. Zu diesem verzwickten Labyrinth aus alten Ruinen geh\u00f6rt der unterirdischen Ausgrabungsst\u00e4tte Vicus Caprarius-Die Stadt des Wassers: die Strukturen einer domus aus der Kaiserzeit, das castellum aquae des Aqu\u00e4dukts Aqua [&hellip;]<\/p>\n","protected":false},"author":1,"featured_media":0,"parent":0,"menu_order":0,"comment_status":"closed","ping_status":"closed","template":"","meta":{"footnotes":""},"class_list":["post-1147","page","type-page","status-publish","hentry"],"_links":{"self":[{"href":"https:\/\/www.vicuscaprarius.com\/de\/wp-json\/wp\/v2\/pages\/1147","targetHints":{"allow":["GET"]}}],"collection":[{"href":"https:\/\/www.vicuscaprarius.com\/de\/wp-json\/wp\/v2\/pages"}],"about":[{"href":"https:\/\/www.vicuscaprarius.com\/de\/wp-json\/wp\/v2\/types\/page"}],"author":[{"embeddable":true,"href":"https:\/\/www.vicuscaprarius.com\/de\/wp-json\/wp\/v2\/users\/1"}],"replies":[{"embeddable":true,"href":"https:\/\/www.vicuscaprarius.com\/de\/wp-json\/wp\/v2\/comments?post=1147"}],"version-history":[{"count":14,"href":"https:\/\/www.vicuscaprarius.com\/de\/wp-json\/wp\/v2\/pages\/1147\/revisions"}],"predecessor-version":[{"id":9691,"href":"https:\/\/www.vicuscaprarius.com\/de\/wp-json\/wp\/v2\/pages\/1147\/revisions\/9691"}],"wp:attachment":[{"href":"https:\/\/www.vicuscaprarius.com\/de\/wp-json\/wp\/v2\/media?parent=1147"}],"curies":[{"name":"wp","href":"https:\/\/api.w.org\/{rel}","templated":true}]}}