{"id":1137,"date":"2018-02-15T12:58:21","date_gmt":"2018-02-15T11:58:21","guid":{"rendered":"https:\/\/www.vicuscaprarius.com\/?page_id=1137"},"modified":"2018-03-19T16:47:46","modified_gmt":"2018-03-19T15:47:46","slug":"food-court-gourme","status":"publish","type":"page","link":"https:\/\/www.vicuscaprarius.com\/de\/food-court-gourme\/","title":{"rendered":"Food Court Gourme"},"content":{"rendered":"<div class=\"wpb-content-wrapper\"><p>[vc_row full_width=&#8221;stretch_row_content_no_spaces&#8221; content_placement=&#8221;top&#8221; css=&#8221;.vc_custom_1518514562852{padding-top: 0px !important;}&#8221;][vc_column][vc_single_image image=&#8221;790&#8243; img_size=&#8221;full&#8221; alignment=&#8221;center&#8221; css=&#8221;.vc_custom_1518514393076{padding-top: 0px !important;}&#8221;][vc_custom_heading text=&#8221;FOOD COURT GOURME&#8221; font_container=&#8221;tag:h2|font_size:46|text_align:center|color:%23000000&#8243; google_fonts=&#8221;font_family:Cinzel%3Aregular%2C700%2C900|font_style:400%20regular%3A400%3Anormal&#8221;][vc_empty_space][\/vc_column][\/vc_row][vc_row equal_height=&#8221;yes&#8221; type=&#8221;container&#8221;][vc_column width=&#8221;1\/3&#8243;][vc_column_text]<\/p>\n<div>Der <strong>Food Court Gourme<\/strong> wurde von Chef Express <span class=\" h-lparen\">(<\/span>Gruppe Cremonini) konzipiert, um die vielf\u00e4ltigen Anforderungen der Millionen Touristen und Reisenden abzudecken, die jedes Jahr das Gebiet um den Trevi-Brunnen betreten.<\/div>\n<div><\/div>\n<div>Innerhalb des <strong>weiten offenen Raums<\/strong> ist es m\u00f6glich, die italienischen kulinarischen Exzellenzen \u00fcber eine breite Palette von Gastronomiekonzepten zu genie\u00dfen:<\/div>\n<p>[\/vc_column_text][\/vc_column][vc_column width=&#8221;2\/3&#8243;][vc_row_inner equal_height=&#8221;yes&#8221;][vc_column_inner width=&#8221;1\/6&#8243;][vc_icon type=&#8221;material&#8221; icon_material=&#8221;vc-material vc-material-free_breakfast&#8221; color=&#8221;custom&#8221; align=&#8221;right&#8221; custom_color=&#8221;#e2b13c&#8221;][\/vc_column_inner][vc_column_inner width=&#8221;5\/6&#8243;][vc_custom_heading text=&#8221;MOK\u00c0: der Geschmacksreichtum der italienischen Cafeteria&#8221; font_container=&#8221;tag:h3|font_size:20|text_align:left&#8221; use_theme_fonts=&#8221;yes&#8221;][\/vc_column_inner][\/vc_row_inner][vc_row_inner equal_height=&#8221;yes&#8221;][vc_column_inner width=&#8221;1\/6&#8243;][vc_icon type=&#8221;material&#8221; icon_material=&#8221;vc-material vc-material-restaurant&#8221; color=&#8221;custom&#8221; align=&#8221;right&#8221; custom_color=&#8221;#e2b13c&#8221;][\/vc_column_inner][vc_column_inner width=&#8221;5\/6&#8243;][vc_custom_heading text=&#8221;MOK\u00c0 NATURE: healthy, vegan e low fat food&#8221; font_container=&#8221;tag:h3|font_size:20|text_align:left&#8221; use_theme_fonts=&#8221;yes&#8221;][\/vc_column_inner][\/vc_row_inner][vc_row_inner equal_height=&#8221;yes&#8221;][vc_column_inner width=&#8221;1\/6&#8243;][vc_icon type=&#8221;material&#8221; icon_material=&#8221;vc-material vc-material-room_service&#8221; color=&#8221;custom&#8221; align=&#8221;right&#8221; custom_color=&#8221;#e2b13c&#8221;][\/vc_column_inner][vc_column_inner width=&#8221;5\/6&#8243;][vc_custom_heading text=&#8221;GOURME: belegtes Brot, Fladenbrot, Brettchen mit Wurst und K\u00e4se, erste Gerichte, Salate und kalte Gerichte mit Food&amp;Wine-Kombinationen&#8221; font_container=&#8221;tag:h3|font_size:20|text_align:left&#8221; use_theme_fonts=&#8221;yes&#8221;][\/vc_column_inner][\/vc_row_inner][vc_row_inner equal_height=&#8221;yes&#8221;][vc_column_inner width=&#8221;1\/6&#8243;][vc_icon type=&#8221;material&#8221; icon_material=&#8221;vc-material vc-material-local_pizza&#8221; color=&#8221;custom&#8221; align=&#8221;right&#8221; custom_color=&#8221;#e2b13c&#8221;][\/vc_column_inner][vc_column_inner width=&#8221;5\/6&#8243;][vc_custom_heading text=&#8221;POMODORO &amp; MOZZARELLA: Pizzen mit einer qualit\u00e4tsm\u00e4\u00dfig hochwertigen Mehlmischung, B\u00fcffel-Mozzarella aus Kampanien und Tomaten aus Apulien&#8221; font_container=&#8221;tag:h3|font_size:20|text_align:left&#8221; use_theme_fonts=&#8221;yes&#8221;][\/vc_column_inner][\/vc_row_inner][vc_row_inner equal_height=&#8221;yes&#8221;][vc_column_inner width=&#8221;1\/6&#8243;][vc_icon type=&#8221;material&#8221; color=&#8221;custom&#8221; align=&#8221;right&#8221; custom_color=&#8221;#e2b13c&#8221;][\/vc_column_inner][vc_column_inner width=&#8221;5\/6&#8243;][vc_custom_heading text=&#8221;MAGNUM: eine breite Palette von Eiscremes und S\u00fc\u00dfspeisen&#8221; font_container=&#8221;tag:h3|font_size:20|text_align:left&#8221; use_theme_fonts=&#8221;yes&#8221;][\/vc_column_inner][\/vc_row_inner][\/vc_column][\/vc_row][vc_row equal_height=&#8221;yes&#8221;][vc_column width=&#8221;2\/3&#8243;][vc_gallery type=&#8221;nivo&#8221; interval=&#8221;5&#8243; images=&#8221;719,720,721,722,723,724,725,780,782,784&#8243; img_size=&#8221;full&#8221;][\/vc_column][vc_column width=&#8221;1\/3&#8243; css=&#8221;.vc_custom_1501085353794{padding-top: 50px !important;padding-right: 50px !important;padding-left: 20px !important;background-color: #f4f4f4 !important;}&#8221;][vc_column_text]<\/p>\n<p style=\"text-align: justify;\">Derzeit betreibt <b>Chef Express<\/b> <strong>51 Rastst\u00e4tten<\/strong> an italienischen Autobahnen und Schnellstra\u00dfen.<\/p>\n<p style=\"text-align: justify;\">2016 hat Chef Express S.p.a. konsolidierte Einnahmen von 512 Millionen Euro erzielt, davon 81,4% aus den Konzessionst\u00e4tigkeiten <span class=\" h-lparen\">(<\/span>Bahnh\u00f6fe, Flugh\u00e4fen und Autobahnen in Italien sowie im Ausland an Bord von Z\u00fcgen).<\/p>\n<p style=\"text-align: justify;\">Im Sektor der konzessionsgebundenen Gastronomiedienstleistungen ist Chef Express au\u00dfer in den Autobahnrastst\u00e4tten in Italien marktf\u00fchrend, was die Bahnhofsb\u00fcffets mit<strong> 80 Verkaufspunkten in 49 Bahnh\u00f6fen betrifft<\/strong>, und Chef Express ist auch pr\u00e4sent im Sektor der Flughafengastronomie mit <strong>60 Verkaufspunkten in 11 italienischen Flugh\u00e4fen. <\/strong><\/p>\n<p style=\"text-align: justify;\">Hinsichtlich der Gastronomiedienstleistungen an Bord von Z\u00fcgen ist Chef Express marktf\u00fchrend in Europa mit \u00fcber <strong>210 Z\u00fcgen, die t\u00e4glich in 5 europ\u00e4ischen L\u00e4ndern<\/strong> bedient werden. Im Bereich des Gastst\u00e4ttengewerbes kontrolliert Chef Express schlie\u00dflich die Kette der Fleischrestaurants mit dem Markenzeichen Roadhouse Restaurant mit derzeit <strong>115 Lokalen in Italien<\/strong>.<\/p>\n<p>[\/vc_column_text][\/vc_column][\/vc_row][vc_row full_width=&#8221;stretch_row&#8221; css=&#8221;.vc_custom_1491483647457{margin-top: 0px !important;margin-bottom: 0px !important;border-bottom-width: 0px !important;padding-top: 0px !important;background-image: url(https:\/\/www.vicuscaprarius.com\/wp-content\/uploads\/2017\/03\/cta_bg.png?id=373) !important;}&#8221;][vc_column width=&#8221;1\/6&#8243;][\/vc_column][vc_column width=&#8221;2\/3&#8243;][vc_empty_space][vc_custom_heading text=&#8221;F\u00dcR DETAILLIERTE INFORMATIONEN \u00dcBER BESUCHE UND RESERVIERUNGEN:<br \/>\nArch\u00e4ologischer Bereich Vicus Caprarius \u2013 Die Stadt des Wassers<br \/>\nVicolo del Puttarello 25 (Gebiet Trevi-Brunnen) \u2013 Rom<br \/>\n&#8221; font_container=&#8221;tag:p|font_size:16|text_align:center|color:%23ffffff&#8221; use_theme_fonts=&#8221;yes&#8221;][vc_empty_space height=&#8221;18px&#8221;][vc_row_inner][vc_column_inner][vc_btn title=&#8221;+39 339 7786192&#8243; style=&#8221;flat&#8221; shape=&#8221;square&#8221; color=&#8221;white&#8221; align=&#8221;center&#8221; i_icon_fontawesome=&#8221;fa fa-phone&#8221; button_block=&#8221;true&#8221; add_icon=&#8221;true&#8221; link=&#8221;url:tel%3A%2B393397786192|||&#8221;][\/vc_column_inner][\/vc_row_inner][vc_empty_space height=&#8221;18px&#8221;][\/vc_column][vc_column width=&#8221;1\/6&#8243;][\/vc_column][\/vc_row]<\/p>\n<\/div>","protected":false},"excerpt":{"rendered":"<p>[vc_row full_width=&#8221;stretch_row_content_no_spaces&#8221; content_placement=&#8221;top&#8221; css=&#8221;.vc_custom_1518514562852{padding-top: 0px !important;}&#8221;][vc_column][vc_single_image image=&#8221;790&#8243; img_size=&#8221;full&#8221; alignment=&#8221;center&#8221; css=&#8221;.vc_custom_1518514393076{padding-top: 0px !important;}&#8221;][vc_custom_heading text=&#8221;FOOD COURT GOURME&#8221; font_container=&#8221;tag:h2|font_size:46|text_align:center|color:%23000000&#8243; google_fonts=&#8221;font_family:Cinzel%3Aregular%2C700%2C900|font_style:400%20regular%3A400%3Anormal&#8221;][vc_empty_space][\/vc_column][\/vc_row][vc_row equal_height=&#8221;yes&#8221; type=&#8221;container&#8221;][vc_column width=&#8221;1\/3&#8243;][vc_column_text] Der Food Court Gourme wurde von Chef Express (Gruppe Cremonini) konzipiert, um die vielf\u00e4ltigen Anforderungen der Millionen Touristen und Reisenden abzudecken, die jedes Jahr das Gebiet um den Trevi-Brunnen betreten. Innerhalb des weiten offenen Raums [&hellip;]<\/p>\n","protected":false},"author":1,"featured_media":0,"parent":0,"menu_order":0,"comment_status":"closed","ping_status":"closed","template":"","meta":{"footnotes":""},"class_list":["post-1137","page","type-page","status-publish","hentry"],"_links":{"self":[{"href":"https:\/\/www.vicuscaprarius.com\/de\/wp-json\/wp\/v2\/pages\/1137","targetHints":{"allow":["GET"]}}],"collection":[{"href":"https:\/\/www.vicuscaprarius.com\/de\/wp-json\/wp\/v2\/pages"}],"about":[{"href":"https:\/\/www.vicuscaprarius.com\/de\/wp-json\/wp\/v2\/types\/page"}],"author":[{"embeddable":true,"href":"https:\/\/www.vicuscaprarius.com\/de\/wp-json\/wp\/v2\/users\/1"}],"replies":[{"embeddable":true,"href":"https:\/\/www.vicuscaprarius.com\/de\/wp-json\/wp\/v2\/comments?post=1137"}],"version-history":[{"count":2,"href":"https:\/\/www.vicuscaprarius.com\/de\/wp-json\/wp\/v2\/pages\/1137\/revisions"}],"predecessor-version":[{"id":1584,"href":"https:\/\/www.vicuscaprarius.com\/de\/wp-json\/wp\/v2\/pages\/1137\/revisions\/1584"}],"wp:attachment":[{"href":"https:\/\/www.vicuscaprarius.com\/de\/wp-json\/wp\/v2\/media?parent=1137"}],"curies":[{"name":"wp","href":"https:\/\/api.w.org\/{rel}","templated":true}]}}